{"id":421,"date":"2022-05-05T10:24:21","date_gmt":"2022-05-05T08:24:21","guid":{"rendered":"https:\/\/www.moulin-cornille.com\/?post_type=product&#038;p=421"},"modified":"2026-03-05T13:22:44","modified_gmt":"2026-03-05T12:22:44","slug":"a-o-p-vallee-des-baux-de-provence-fruite-vert","status":"publish","type":"product","link":"https:\/\/www.moulin-cornille.com\/en\/product\/a-o-p-vallee-des-baux-de-provence-fruite-vert\/","title":{"rendered":"Huile d\u2019olive AOP Vall\u00e9e des Baux de Pce Cuv\u00e9e Verte \u2013 Extra vierge"},"content":{"rendered":"<p>TERROIR : A.O.P. Vall\u00e9e des Baux-de-Provence.<\/p>\n<p>VARIETES D\u2019OLIVES : Salonenque, B\u00e9ruguette (Aglandau), Grossane et Verdale des Bouches du-Rh\u00f4ne, Picholine.<\/p>\n<p>ELABORATION : L\u2019huile d\u2019olive, cuv\u00e9e verte, est \u00e9labor\u00e9e \u00e0 partir d\u2019olives fra\u00eeches, non stock\u00e9es ou tr\u00e8s peu stock\u00e9es. Fabrication en continu (broyage, malaxage, centrifugation). <\/p>\n<p>DEGUSTATION : D\u00e9licate, complexe et harmonieuse. L\u00e9g\u00e8re ardence. Notes d\u2019artichaut cru, amande, pomme, feuille de tomate, tr\u00e8s l\u00e9g\u00e8rement poivr\u00e9e.<\/p>\n<p>CONSEIL D\u2019ACCOMPAGNEMENT : Tous plats chauds ou froids. Poissons grill\u00e9s, salades de tomates, l\u00e9gumes<br \/>\nValeurs nutritionnelles moyennes pour 100ml : Energie 3768Kj\/900kcal ; Graisses 99,8g dont acides gras satur\u00e9s 15,1g, acides gras mono-insatur\u00e9s 77,2g, acides gras polysatur\u00e9s 6,95g ; Glucides 0g dont sucres 0g, Prot\u00e9ines 0g ; Sel 0g ; Vitamine E 25mg <\/p>","protected":false},"excerpt":{"rendered":"<p>AVERTISSEMENT BIDONS METAL : Nous ne pouvons ni renvoyer les Bidons en m\u00e9tal ni proc\u00e9der \u00e0 des remboursements en cas de dommages esth\u00e9tiques<\/p>","protected":false},"featured_media":13412,"template":"","meta":[],"product_cat":[23,26,33],"product_tag":[],"yoast_head":"<!-- This site is optimized with the Yoast SEO plugin v22.3 - https:\/\/yoast.com\/wordpress\/plugins\/seo\/ -->\n<title>Huile d\u2019olive AOP Vall\u00e9e des Baux de Pce Cuv\u00e9e Verte \u2013 Extra vierge - Moulin Cornille<\/title>\n<meta name=\"robots\" content=\"index, follow, max-snippet:-1, max-image-preview:large, max-video-preview:-1\" \/>\n<link rel=\"canonical\" href=\"https:\/\/www.moulin-cornille.com\/en\/product\/a-o-p-vallee-des-baux-de-provence-fruite-vert\/\" \/>\n<meta property=\"og:locale\" content=\"en_GB\" \/>\n<meta property=\"og:type\" content=\"article\" \/>\n<meta property=\"og:title\" content=\"Huile d\u2019olive AOP Vall\u00e9e des Baux de Pce Cuv\u00e9e Verte \u2013 Extra vierge - Moulin Cornille\" \/>\n<meta property=\"og:description\" content=\"AVERTISSEMENT BIDONS METAL : Nous ne pouvons ni renvoyer les Bidons en m\u00e9tal ni proc\u00e9der \u00e0 des remboursements en cas de dommages esth\u00e9tiques\" \/>\n<meta property=\"og:url\" content=\"https:\/\/www.moulin-cornille.com\/en\/product\/a-o-p-vallee-des-baux-de-provence-fruite-vert\/\" \/>\n<meta property=\"og:site_name\" content=\"Moulin Cornille\" \/>\n<meta property=\"article:modified_time\" content=\"2026-03-05T12:22:44+00:00\" \/>\n<meta property=\"og:image\" content=\"https:\/\/www.moulin-cornille.com\/wp-content\/uploads\/2022\/05\/BIDON-METAL-1L-AOP-FRUITE-VERT-2.jpg\" \/>\n\t<meta property=\"og:image:width\" content=\"800\" \/>\n\t<meta property=\"og:image:height\" content=\"800\" \/>\n\t<meta property=\"og:image:type\" content=\"image\/jpeg\" \/>\n<meta name=\"twitter:card\" content=\"summary_large_image\" \/>\n<meta name=\"twitter:label1\" content=\"Estimated reading time\" \/>\n\t<meta name=\"twitter:data1\" content=\"1 minute\" \/>\n<script type=\"application\/ld+json\" class=\"yoast-schema-graph\">{\"@context\":\"https:\/\/schema.org\",\"@graph\":[{\"@type\":\"WebPage\",\"@id\":\"https:\/\/www.moulin-cornille.com\/produit\/a-o-p-vallee-des-baux-de-provence-fruite-vert\/\",\"url\":\"https:\/\/www.moulin-cornille.com\/produit\/a-o-p-vallee-des-baux-de-provence-fruite-vert\/\",\"name\":\"Huile d\u2019olive AOP Vall\u00e9e des Baux de Pce Cuv\u00e9e Verte \u2013 Extra vierge - Moulin Cornille\",\"isPartOf\":{\"@id\":\"https:\/\/www.moulin-cornille.com\/#website\"},\"primaryImageOfPage\":{\"@id\":\"https:\/\/www.moulin-cornille.com\/produit\/a-o-p-vallee-des-baux-de-provence-fruite-vert\/#primaryimage\"},\"image\":{\"@id\":\"https:\/\/www.moulin-cornille.com\/produit\/a-o-p-vallee-des-baux-de-provence-fruite-vert\/#primaryimage\"},\"thumbnailUrl\":\"https:\/\/www.moulin-cornille.com\/wp-content\/uploads\/2022\/05\/BIDON-METAL-1L-AOP-FRUITE-VERT-2.jpg\",\"datePublished\":\"2022-05-05T08:24:21+00:00\",\"dateModified\":\"2026-03-05T12:22:44+00:00\",\"breadcrumb\":{\"@id\":\"https:\/\/www.moulin-cornille.com\/produit\/a-o-p-vallee-des-baux-de-provence-fruite-vert\/#breadcrumb\"},\"inLanguage\":\"en-GB\",\"potentialAction\":[{\"@type\":\"ReadAction\",\"target\":[\"https:\/\/www.moulin-cornille.com\/produit\/a-o-p-vallee-des-baux-de-provence-fruite-vert\/\"]}]},{\"@type\":\"ImageObject\",\"inLanguage\":\"en-GB\",\"@id\":\"https:\/\/www.moulin-cornille.com\/produit\/a-o-p-vallee-des-baux-de-provence-fruite-vert\/#primaryimage\",\"url\":\"https:\/\/www.moulin-cornille.com\/wp-content\/uploads\/2022\/05\/BIDON-METAL-1L-AOP-FRUITE-VERT-2.jpg\",\"contentUrl\":\"https:\/\/www.moulin-cornille.com\/wp-content\/uploads\/2022\/05\/BIDON-METAL-1L-AOP-FRUITE-VERT-2.jpg\",\"width\":800,\"height\":800},{\"@type\":\"BreadcrumbList\",\"@id\":\"https:\/\/www.moulin-cornille.com\/produit\/a-o-p-vallee-des-baux-de-provence-fruite-vert\/#breadcrumb\",\"itemListElement\":[{\"@type\":\"ListItem\",\"position\":1,\"name\":\"Boutique\",\"item\":\"https:\/\/www.moulin-cornille.com\/boutique\/\"},{\"@type\":\"ListItem\",\"position\":2,\"name\":\"Huile d\u2019olive AOP Vall\u00e9e des Baux de Pce Cuv\u00e9e Verte \u2013 Extra vierge\"}]},{\"@type\":\"WebSite\",\"@id\":\"https:\/\/www.moulin-cornille.com\/#website\",\"url\":\"https:\/\/www.moulin-cornille.com\/\",\"name\":\"Moulin Cornille\",\"description\":\"Huile AOP de la Vall\u00e9e des Baux de Provence\",\"publisher\":{\"@id\":\"https:\/\/www.moulin-cornille.com\/#organization\"},\"potentialAction\":[{\"@type\":\"SearchAction\",\"target\":{\"@type\":\"EntryPoint\",\"urlTemplate\":\"https:\/\/www.moulin-cornille.com\/?s={search_term_string}\"},\"query-input\":\"required name=search_term_string\"}],\"inLanguage\":\"en-GB\"},{\"@type\":\"Organization\",\"@id\":\"https:\/\/www.moulin-cornille.com\/#organization\",\"name\":\"Moulin Cornille\",\"url\":\"https:\/\/www.moulin-cornille.com\/\",\"logo\":{\"@type\":\"ImageObject\",\"inLanguage\":\"en-GB\",\"@id\":\"https:\/\/www.moulin-cornille.com\/#\/schema\/logo\/image\/\",\"url\":\"https:\/\/www.moulin-cornille.com\/wp-content\/uploads\/2022\/03\/logo-jm-cornille.png\",\"contentUrl\":\"https:\/\/www.moulin-cornille.com\/wp-content\/uploads\/2022\/03\/logo-jm-cornille.png\",\"width\":400,\"height\":335,\"caption\":\"Moulin Cornille\"},\"image\":{\"@id\":\"https:\/\/www.moulin-cornille.com\/#\/schema\/logo\/image\/\"}}]}<\/script>\n<!-- \/ Yoast SEO plugin. -->","yoast_head_json":{"title":"Huile d\u2019olive AOP Vall\u00e9e des Baux de Pce Cuv\u00e9e Verte \u2013 Extra vierge - Moulin Cornille","robots":{"index":"index","follow":"follow","max-snippet":"max-snippet:-1","max-image-preview":"max-image-preview:large","max-video-preview":"max-video-preview:-1"},"canonical":"https:\/\/www.moulin-cornille.com\/en\/product\/a-o-p-vallee-des-baux-de-provence-fruite-vert\/","og_locale":"en_GB","og_type":"article","og_title":"Huile d\u2019olive AOP Vall\u00e9e des Baux de Pce Cuv\u00e9e Verte \u2013 Extra vierge - Moulin Cornille","og_description":"AVERTISSEMENT BIDONS METAL : Nous ne pouvons ni renvoyer les Bidons en m\u00e9tal ni proc\u00e9der \u00e0 des remboursements en cas de dommages esth\u00e9tiques","og_url":"https:\/\/www.moulin-cornille.com\/en\/product\/a-o-p-vallee-des-baux-de-provence-fruite-vert\/","og_site_name":"Moulin Cornille","article_modified_time":"2026-03-05T12:22:44+00:00","og_image":[{"width":800,"height":800,"url":"https:\/\/www.moulin-cornille.com\/wp-content\/uploads\/2022\/05\/BIDON-METAL-1L-AOP-FRUITE-VERT-2.jpg","type":"image\/jpeg"}],"twitter_card":"summary_large_image","twitter_misc":{"Estimated reading time":"1 minute"},"schema":{"@context":"https:\/\/schema.org","@graph":[{"@type":"WebPage","@id":"https:\/\/www.moulin-cornille.com\/produit\/a-o-p-vallee-des-baux-de-provence-fruite-vert\/","url":"https:\/\/www.moulin-cornille.com\/produit\/a-o-p-vallee-des-baux-de-provence-fruite-vert\/","name":"Huile d\u2019olive AOP Vall\u00e9e des Baux de Pce Cuv\u00e9e Verte \u2013 Extra vierge - Moulin Cornille","isPartOf":{"@id":"https:\/\/www.moulin-cornille.com\/#website"},"primaryImageOfPage":{"@id":"https:\/\/www.moulin-cornille.com\/produit\/a-o-p-vallee-des-baux-de-provence-fruite-vert\/#primaryimage"},"image":{"@id":"https:\/\/www.moulin-cornille.com\/produit\/a-o-p-vallee-des-baux-de-provence-fruite-vert\/#primaryimage"},"thumbnailUrl":"https:\/\/www.moulin-cornille.com\/wp-content\/uploads\/2022\/05\/BIDON-METAL-1L-AOP-FRUITE-VERT-2.jpg","datePublished":"2022-05-05T08:24:21+00:00","dateModified":"2026-03-05T12:22:44+00:00","breadcrumb":{"@id":"https:\/\/www.moulin-cornille.com\/produit\/a-o-p-vallee-des-baux-de-provence-fruite-vert\/#breadcrumb"},"inLanguage":"en-GB","potentialAction":[{"@type":"ReadAction","target":["https:\/\/www.moulin-cornille.com\/produit\/a-o-p-vallee-des-baux-de-provence-fruite-vert\/"]}]},{"@type":"ImageObject","inLanguage":"en-GB","@id":"https:\/\/www.moulin-cornille.com\/produit\/a-o-p-vallee-des-baux-de-provence-fruite-vert\/#primaryimage","url":"https:\/\/www.moulin-cornille.com\/wp-content\/uploads\/2022\/05\/BIDON-METAL-1L-AOP-FRUITE-VERT-2.jpg","contentUrl":"https:\/\/www.moulin-cornille.com\/wp-content\/uploads\/2022\/05\/BIDON-METAL-1L-AOP-FRUITE-VERT-2.jpg","width":800,"height":800},{"@type":"BreadcrumbList","@id":"https:\/\/www.moulin-cornille.com\/produit\/a-o-p-vallee-des-baux-de-provence-fruite-vert\/#breadcrumb","itemListElement":[{"@type":"ListItem","position":1,"name":"Boutique","item":"https:\/\/www.moulin-cornille.com\/boutique\/"},{"@type":"ListItem","position":2,"name":"Huile d\u2019olive AOP Vall\u00e9e des Baux de Pce Cuv\u00e9e Verte \u2013 Extra vierge"}]},{"@type":"WebSite","@id":"https:\/\/www.moulin-cornille.com\/#website","url":"https:\/\/www.moulin-cornille.com\/","name":"Moulin Cornille","description":"Huile AOP de la Vall\u00e9e des Baux de Provence","publisher":{"@id":"https:\/\/www.moulin-cornille.com\/#organization"},"potentialAction":[{"@type":"SearchAction","target":{"@type":"EntryPoint","urlTemplate":"https:\/\/www.moulin-cornille.com\/?s={search_term_string}"},"query-input":"required name=search_term_string"}],"inLanguage":"en-GB"},{"@type":"Organization","@id":"https:\/\/www.moulin-cornille.com\/#organization","name":"Moulin Cornille","url":"https:\/\/www.moulin-cornille.com\/","logo":{"@type":"ImageObject","inLanguage":"en-GB","@id":"https:\/\/www.moulin-cornille.com\/#\/schema\/logo\/image\/","url":"https:\/\/www.moulin-cornille.com\/wp-content\/uploads\/2022\/03\/logo-jm-cornille.png","contentUrl":"https:\/\/www.moulin-cornille.com\/wp-content\/uploads\/2022\/03\/logo-jm-cornille.png","width":400,"height":335,"caption":"Moulin Cornille"},"image":{"@id":"https:\/\/www.moulin-cornille.com\/#\/schema\/logo\/image\/"}}]}},"_links":{"self":[{"href":"https:\/\/www.moulin-cornille.com\/en\/wp-json\/wp\/v2\/product\/421"}],"collection":[{"href":"https:\/\/www.moulin-cornille.com\/en\/wp-json\/wp\/v2\/product"}],"about":[{"href":"https:\/\/www.moulin-cornille.com\/en\/wp-json\/wp\/v2\/types\/product"}],"wp:featuredmedia":[{"embeddable":true,"href":"https:\/\/www.moulin-cornille.com\/en\/wp-json\/wp\/v2\/media\/13412"}],"wp:attachment":[{"href":"https:\/\/www.moulin-cornille.com\/en\/wp-json\/wp\/v2\/media?parent=421"}],"wp:term":[{"taxonomy":"product_cat","embeddable":true,"href":"https:\/\/www.moulin-cornille.com\/en\/wp-json\/wp\/v2\/product_cat?post=421"},{"taxonomy":"product_tag","embeddable":true,"href":"https:\/\/www.moulin-cornille.com\/en\/wp-json\/wp\/v2\/product_tag?post=421"}],"curies":[{"name":"wp","href":"https:\/\/api.w.org\/{rel}","templated":true}]}}