{"id":292,"date":"2022-04-12T10:09:52","date_gmt":"2022-04-12T08:09:52","guid":{"rendered":"https:\/\/www.moulin-cornille.com\/?post_type=product&#038;p=292"},"modified":"2024-10-01T14:46:58","modified_gmt":"2024-10-01T12:46:58","slug":"creme-aux-olives-vertes-de-la-vallee-des-baux","status":"publish","type":"product","link":"https:\/\/www.moulin-cornille.com\/en\/product\/creme-aux-olives-vertes-de-la-vallee-des-baux\/","title":{"rendered":"Cr\u00e8me aux olives vertes de la Vall\u00e9e des Baux 90g"},"content":{"rendered":"<p>Terroir : Vall\u00e9e des Baux de Provence. La cr\u00e8me aux olives vertes et une recette locale et ancestrale de Provence.<br \/>\nVari\u00e9t\u00e9s d\u2019olives : Salonenque et B\u00e9ruguette ou Aglandau. Ces vari\u00e9t\u00e9s sont cultiv\u00e9es dans la Vall\u00e9e des Baux de Provence. Elles pr\u00e9sentent des ar\u00f4mes v\u00e9g\u00e9taux comme l\u2019artichaut cru, le fenouil&#8230;<br \/>\nElaboration : Une pr\u00e9paration d\u00e9licate \u00e0 base de pulpe d\u2019olives vertes cass\u00e9es de la Vall\u00e9e des Baux de Provence qui assemble l\u2019olive verte, l\u2019huile d\u2019olive du Moulin Cornille, le fenouil, et des aromates.<br \/>\nD\u00e9gustation : Cette cr\u00e8me aux olives vertes saura aussi bien relever une viande blanche ou un poisson qu\u2019habiller vos toasts \u00e0 l\u2019ap\u00e9ritif.<br \/>\nDur\u00e9e de conservation 2 ans\\n<br \/>\nIngr\u00e9dients : Pulpe d\u2019olives vertes* cass\u00e9es de la Vall\u00e9e des Baux de Provence (olives, eau, sel, fenouil) 96%, huile d\u2019olive du Moulin, thym IGP Provence. *Pr\u00e9sence possible de noyaux.<br \/>\nValeurs nutritionnelles moyennes pour 100g : Energie 707kj\/172 kcal, Graisses 17.3g dont 3.03g d\u2019acides gras satur\u00e9s, Glucides &lt;0.1g dont sucres &lt;0.1g, Prot\u00e9ines 1.1g, Sel 1.71g.<\/p>\n<p>Poids net 90G<\/p>","protected":false},"excerpt":{"rendered":"<p>Terroir : Vall\u00e9e des Baux de Provence. La cr\u00e8me aux olives vertes et une recette locale et ancestrale de Provence.<\/p>","protected":false},"featured_media":8910,"template":"","meta":[],"product_cat":[20,21,103],"product_tag":[],"yoast_head":"<!-- This site is optimized with the Yoast SEO plugin v22.3 - https:\/\/yoast.com\/wordpress\/plugins\/seo\/ -->\n<title>Cr\u00e8me aux olives vertes de la Vall\u00e9e des Baux 90g - Moulin Cornille<\/title>\n<meta name=\"robots\" content=\"index, follow, max-snippet:-1, max-image-preview:large, max-video-preview:-1\" \/>\n<link rel=\"canonical\" href=\"https:\/\/www.moulin-cornille.com\/en\/product\/creme-aux-olives-vertes-de-la-vallee-des-baux\/\" \/>\n<meta property=\"og:locale\" content=\"en_GB\" \/>\n<meta property=\"og:type\" content=\"article\" \/>\n<meta property=\"og:title\" content=\"Cr\u00e8me aux olives vertes de la Vall\u00e9e des Baux 90g - Moulin Cornille\" \/>\n<meta property=\"og:description\" content=\"Terroir : Vall\u00e9e des Baux de Provence. La cr\u00e8me aux olives vertes et une recette locale et ancestrale de Provence.\" \/>\n<meta property=\"og:url\" content=\"https:\/\/www.moulin-cornille.com\/en\/product\/creme-aux-olives-vertes-de-la-vallee-des-baux\/\" \/>\n<meta property=\"og:site_name\" content=\"Moulin Cornille\" \/>\n<meta property=\"article:modified_time\" content=\"2024-10-01T12:46:58+00:00\" \/>\n<meta property=\"og:image\" content=\"https:\/\/www.moulin-cornille.com\/wp-content\/uploads\/2022\/11\/creme-aux-olives-vertes-en-situ-1.jpg\" \/>\n\t<meta property=\"og:image:width\" content=\"800\" \/>\n\t<meta property=\"og:image:height\" content=\"800\" \/>\n\t<meta property=\"og:image:type\" content=\"image\/jpeg\" \/>\n<meta name=\"twitter:card\" content=\"summary_large_image\" \/>\n<meta name=\"twitter:label1\" content=\"Estimated reading time\" \/>\n\t<meta name=\"twitter:data1\" content=\"1 minute\" \/>\n<script type=\"application\/ld+json\" class=\"yoast-schema-graph\">{\"@context\":\"https:\/\/schema.org\",\"@graph\":[{\"@type\":\"WebPage\",\"@id\":\"https:\/\/www.moulin-cornille.com\/produit\/creme-aux-olives-vertes-de-la-vallee-des-baux\/\",\"url\":\"https:\/\/www.moulin-cornille.com\/produit\/creme-aux-olives-vertes-de-la-vallee-des-baux\/\",\"name\":\"Cr\u00e8me aux olives vertes de la Vall\u00e9e des Baux 90g - Moulin Cornille\",\"isPartOf\":{\"@id\":\"https:\/\/www.moulin-cornille.com\/#website\"},\"primaryImageOfPage\":{\"@id\":\"https:\/\/www.moulin-cornille.com\/produit\/creme-aux-olives-vertes-de-la-vallee-des-baux\/#primaryimage\"},\"image\":{\"@id\":\"https:\/\/www.moulin-cornille.com\/produit\/creme-aux-olives-vertes-de-la-vallee-des-baux\/#primaryimage\"},\"thumbnailUrl\":\"https:\/\/www.moulin-cornille.com\/wp-content\/uploads\/2022\/11\/creme-aux-olives-vertes-en-situ-1.jpg\",\"datePublished\":\"2022-04-12T08:09:52+00:00\",\"dateModified\":\"2024-10-01T12:46:58+00:00\",\"breadcrumb\":{\"@id\":\"https:\/\/www.moulin-cornille.com\/produit\/creme-aux-olives-vertes-de-la-vallee-des-baux\/#breadcrumb\"},\"inLanguage\":\"en-GB\",\"potentialAction\":[{\"@type\":\"ReadAction\",\"target\":[\"https:\/\/www.moulin-cornille.com\/produit\/creme-aux-olives-vertes-de-la-vallee-des-baux\/\"]}]},{\"@type\":\"ImageObject\",\"inLanguage\":\"en-GB\",\"@id\":\"https:\/\/www.moulin-cornille.com\/produit\/creme-aux-olives-vertes-de-la-vallee-des-baux\/#primaryimage\",\"url\":\"https:\/\/www.moulin-cornille.com\/wp-content\/uploads\/2022\/11\/creme-aux-olives-vertes-en-situ-1.jpg\",\"contentUrl\":\"https:\/\/www.moulin-cornille.com\/wp-content\/uploads\/2022\/11\/creme-aux-olives-vertes-en-situ-1.jpg\",\"width\":800,\"height\":800},{\"@type\":\"BreadcrumbList\",\"@id\":\"https:\/\/www.moulin-cornille.com\/produit\/creme-aux-olives-vertes-de-la-vallee-des-baux\/#breadcrumb\",\"itemListElement\":[{\"@type\":\"ListItem\",\"position\":1,\"name\":\"Boutique\",\"item\":\"https:\/\/www.moulin-cornille.com\/boutique\/\"},{\"@type\":\"ListItem\",\"position\":2,\"name\":\"Cr\u00e8me aux olives vertes de la Vall\u00e9e des Baux 90g\"}]},{\"@type\":\"WebSite\",\"@id\":\"https:\/\/www.moulin-cornille.com\/#website\",\"url\":\"https:\/\/www.moulin-cornille.com\/\",\"name\":\"Moulin Cornille\",\"description\":\"Huile AOP de la Vall\u00e9e des Baux de Provence\",\"publisher\":{\"@id\":\"https:\/\/www.moulin-cornille.com\/#organization\"},\"potentialAction\":[{\"@type\":\"SearchAction\",\"target\":{\"@type\":\"EntryPoint\",\"urlTemplate\":\"https:\/\/www.moulin-cornille.com\/?s={search_term_string}\"},\"query-input\":\"required name=search_term_string\"}],\"inLanguage\":\"en-GB\"},{\"@type\":\"Organization\",\"@id\":\"https:\/\/www.moulin-cornille.com\/#organization\",\"name\":\"Moulin Cornille\",\"url\":\"https:\/\/www.moulin-cornille.com\/\",\"logo\":{\"@type\":\"ImageObject\",\"inLanguage\":\"en-GB\",\"@id\":\"https:\/\/www.moulin-cornille.com\/#\/schema\/logo\/image\/\",\"url\":\"https:\/\/www.moulin-cornille.com\/wp-content\/uploads\/2022\/03\/logo-jm-cornille.png\",\"contentUrl\":\"https:\/\/www.moulin-cornille.com\/wp-content\/uploads\/2022\/03\/logo-jm-cornille.png\",\"width\":400,\"height\":335,\"caption\":\"Moulin Cornille\"},\"image\":{\"@id\":\"https:\/\/www.moulin-cornille.com\/#\/schema\/logo\/image\/\"}}]}<\/script>\n<!-- \/ Yoast SEO plugin. -->","yoast_head_json":{"title":"Cr\u00e8me aux olives vertes de la Vall\u00e9e des Baux 90g - Moulin Cornille","robots":{"index":"index","follow":"follow","max-snippet":"max-snippet:-1","max-image-preview":"max-image-preview:large","max-video-preview":"max-video-preview:-1"},"canonical":"https:\/\/www.moulin-cornille.com\/en\/product\/creme-aux-olives-vertes-de-la-vallee-des-baux\/","og_locale":"en_GB","og_type":"article","og_title":"Cr\u00e8me aux olives vertes de la Vall\u00e9e des Baux 90g - Moulin Cornille","og_description":"Terroir : Vall\u00e9e des Baux de Provence. La cr\u00e8me aux olives vertes et une recette locale et ancestrale de Provence.","og_url":"https:\/\/www.moulin-cornille.com\/en\/product\/creme-aux-olives-vertes-de-la-vallee-des-baux\/","og_site_name":"Moulin Cornille","article_modified_time":"2024-10-01T12:46:58+00:00","og_image":[{"width":800,"height":800,"url":"https:\/\/www.moulin-cornille.com\/wp-content\/uploads\/2022\/11\/creme-aux-olives-vertes-en-situ-1.jpg","type":"image\/jpeg"}],"twitter_card":"summary_large_image","twitter_misc":{"Estimated reading time":"1 minute"},"schema":{"@context":"https:\/\/schema.org","@graph":[{"@type":"WebPage","@id":"https:\/\/www.moulin-cornille.com\/produit\/creme-aux-olives-vertes-de-la-vallee-des-baux\/","url":"https:\/\/www.moulin-cornille.com\/produit\/creme-aux-olives-vertes-de-la-vallee-des-baux\/","name":"Cr\u00e8me aux olives vertes de la Vall\u00e9e des Baux 90g - Moulin Cornille","isPartOf":{"@id":"https:\/\/www.moulin-cornille.com\/#website"},"primaryImageOfPage":{"@id":"https:\/\/www.moulin-cornille.com\/produit\/creme-aux-olives-vertes-de-la-vallee-des-baux\/#primaryimage"},"image":{"@id":"https:\/\/www.moulin-cornille.com\/produit\/creme-aux-olives-vertes-de-la-vallee-des-baux\/#primaryimage"},"thumbnailUrl":"https:\/\/www.moulin-cornille.com\/wp-content\/uploads\/2022\/11\/creme-aux-olives-vertes-en-situ-1.jpg","datePublished":"2022-04-12T08:09:52+00:00","dateModified":"2024-10-01T12:46:58+00:00","breadcrumb":{"@id":"https:\/\/www.moulin-cornille.com\/produit\/creme-aux-olives-vertes-de-la-vallee-des-baux\/#breadcrumb"},"inLanguage":"en-GB","potentialAction":[{"@type":"ReadAction","target":["https:\/\/www.moulin-cornille.com\/produit\/creme-aux-olives-vertes-de-la-vallee-des-baux\/"]}]},{"@type":"ImageObject","inLanguage":"en-GB","@id":"https:\/\/www.moulin-cornille.com\/produit\/creme-aux-olives-vertes-de-la-vallee-des-baux\/#primaryimage","url":"https:\/\/www.moulin-cornille.com\/wp-content\/uploads\/2022\/11\/creme-aux-olives-vertes-en-situ-1.jpg","contentUrl":"https:\/\/www.moulin-cornille.com\/wp-content\/uploads\/2022\/11\/creme-aux-olives-vertes-en-situ-1.jpg","width":800,"height":800},{"@type":"BreadcrumbList","@id":"https:\/\/www.moulin-cornille.com\/produit\/creme-aux-olives-vertes-de-la-vallee-des-baux\/#breadcrumb","itemListElement":[{"@type":"ListItem","position":1,"name":"Boutique","item":"https:\/\/www.moulin-cornille.com\/boutique\/"},{"@type":"ListItem","position":2,"name":"Cr\u00e8me aux olives vertes de la Vall\u00e9e des Baux 90g"}]},{"@type":"WebSite","@id":"https:\/\/www.moulin-cornille.com\/#website","url":"https:\/\/www.moulin-cornille.com\/","name":"Moulin Cornille","description":"Huile AOP de la Vall\u00e9e des Baux de Provence","publisher":{"@id":"https:\/\/www.moulin-cornille.com\/#organization"},"potentialAction":[{"@type":"SearchAction","target":{"@type":"EntryPoint","urlTemplate":"https:\/\/www.moulin-cornille.com\/?s={search_term_string}"},"query-input":"required name=search_term_string"}],"inLanguage":"en-GB"},{"@type":"Organization","@id":"https:\/\/www.moulin-cornille.com\/#organization","name":"Moulin Cornille","url":"https:\/\/www.moulin-cornille.com\/","logo":{"@type":"ImageObject","inLanguage":"en-GB","@id":"https:\/\/www.moulin-cornille.com\/#\/schema\/logo\/image\/","url":"https:\/\/www.moulin-cornille.com\/wp-content\/uploads\/2022\/03\/logo-jm-cornille.png","contentUrl":"https:\/\/www.moulin-cornille.com\/wp-content\/uploads\/2022\/03\/logo-jm-cornille.png","width":400,"height":335,"caption":"Moulin Cornille"},"image":{"@id":"https:\/\/www.moulin-cornille.com\/#\/schema\/logo\/image\/"}}]}},"_links":{"self":[{"href":"https:\/\/www.moulin-cornille.com\/en\/wp-json\/wp\/v2\/product\/292"}],"collection":[{"href":"https:\/\/www.moulin-cornille.com\/en\/wp-json\/wp\/v2\/product"}],"about":[{"href":"https:\/\/www.moulin-cornille.com\/en\/wp-json\/wp\/v2\/types\/product"}],"wp:featuredmedia":[{"embeddable":true,"href":"https:\/\/www.moulin-cornille.com\/en\/wp-json\/wp\/v2\/media\/8910"}],"wp:attachment":[{"href":"https:\/\/www.moulin-cornille.com\/en\/wp-json\/wp\/v2\/media?parent=292"}],"wp:term":[{"taxonomy":"product_cat","embeddable":true,"href":"https:\/\/www.moulin-cornille.com\/en\/wp-json\/wp\/v2\/product_cat?post=292"},{"taxonomy":"product_tag","embeddable":true,"href":"https:\/\/www.moulin-cornille.com\/en\/wp-json\/wp\/v2\/product_tag?post=292"}],"curies":[{"name":"wp","href":"https:\/\/api.w.org\/{rel}","templated":true}]}}