{"id":282,"date":"2022-04-12T10:00:53","date_gmt":"2022-04-12T08:00:53","guid":{"rendered":"https:\/\/www.moulin-cornille.com\/?post_type=product&#038;p=282"},"modified":"2025-01-23T15:49:11","modified_gmt":"2025-01-23T14:49:11","slug":"huilier-en-inox-0-25l","status":"publish","type":"product","link":"https:\/\/www.moulin-cornille.com\/en\/product\/huilier-en-inox-0-25l\/","title":{"rendered":"Huilier en inox 0.25L"},"content":{"rendered":"<p>Anti goutte, la paroi ext\u00e9rieure est toujours propre gr\u00e2ce \u00e0 la collerette.  Le vinaigre est \u00e0 l&rsquo;abri de la lumi\u00e8re, se conserve parfaitement bien.<\/p>","protected":false},"excerpt":{"rendered":"<p>Anti goutte, la paroi ext\u00e9rieure est toujours propre gr\u00e2ce \u00e0 la collerette. Le vinaigre est \u00e0 l&rsquo;abri de la lumi\u00e8re,<\/p>","protected":false},"featured_media":1067,"template":"","meta":[],"product_cat":[18,139],"product_tag":[],"yoast_head":"<!-- This site is optimized with the Yoast SEO plugin v22.3 - https:\/\/yoast.com\/wordpress\/plugins\/seo\/ -->\n<title>Huilier en inox 0.25L - Moulin Cornille<\/title>\n<meta name=\"robots\" content=\"index, follow, max-snippet:-1, max-image-preview:large, max-video-preview:-1\" \/>\n<link rel=\"canonical\" href=\"https:\/\/www.moulin-cornille.com\/en\/product\/huilier-en-inox-0-25l\/\" \/>\n<meta property=\"og:locale\" content=\"en_GB\" \/>\n<meta property=\"og:type\" content=\"article\" \/>\n<meta property=\"og:title\" content=\"Huilier en inox 0.25L - Moulin Cornille\" \/>\n<meta property=\"og:description\" content=\"Anti goutte, la paroi ext\u00e9rieure est toujours propre gr\u00e2ce \u00e0 la collerette. Le vinaigre est \u00e0 l&rsquo;abri de la lumi\u00e8re,\" \/>\n<meta property=\"og:url\" content=\"https:\/\/www.moulin-cornille.com\/en\/product\/huilier-en-inox-0-25l\/\" \/>\n<meta property=\"og:site_name\" content=\"Moulin Cornille\" \/>\n<meta property=\"article:modified_time\" content=\"2025-01-23T14:49:11+00:00\" \/>\n<meta property=\"og:image\" content=\"https:\/\/www.moulin-cornille.com\/wp-content\/uploads\/2022\/04\/HUILIER.jpg\" \/>\n\t<meta property=\"og:image:width\" content=\"800\" \/>\n\t<meta property=\"og:image:height\" content=\"800\" \/>\n\t<meta property=\"og:image:type\" content=\"image\/jpeg\" \/>\n<meta name=\"twitter:card\" content=\"summary_large_image\" \/>\n<meta name=\"twitter:label1\" content=\"Estimated reading time\" \/>\n\t<meta name=\"twitter:data1\" content=\"1 minute\" \/>\n<script type=\"application\/ld+json\" class=\"yoast-schema-graph\">{\"@context\":\"https:\/\/schema.org\",\"@graph\":[{\"@type\":\"WebPage\",\"@id\":\"https:\/\/www.moulin-cornille.com\/produit\/huilier-en-inox-0-25l\/\",\"url\":\"https:\/\/www.moulin-cornille.com\/produit\/huilier-en-inox-0-25l\/\",\"name\":\"Huilier en inox 0.25L - Moulin Cornille\",\"isPartOf\":{\"@id\":\"https:\/\/www.moulin-cornille.com\/#website\"},\"primaryImageOfPage\":{\"@id\":\"https:\/\/www.moulin-cornille.com\/produit\/huilier-en-inox-0-25l\/#primaryimage\"},\"image\":{\"@id\":\"https:\/\/www.moulin-cornille.com\/produit\/huilier-en-inox-0-25l\/#primaryimage\"},\"thumbnailUrl\":\"https:\/\/www.moulin-cornille.com\/wp-content\/uploads\/2022\/04\/HUILIER.jpg\",\"datePublished\":\"2022-04-12T08:00:53+00:00\",\"dateModified\":\"2025-01-23T14:49:11+00:00\",\"breadcrumb\":{\"@id\":\"https:\/\/www.moulin-cornille.com\/produit\/huilier-en-inox-0-25l\/#breadcrumb\"},\"inLanguage\":\"en-GB\",\"potentialAction\":[{\"@type\":\"ReadAction\",\"target\":[\"https:\/\/www.moulin-cornille.com\/produit\/huilier-en-inox-0-25l\/\"]}]},{\"@type\":\"ImageObject\",\"inLanguage\":\"en-GB\",\"@id\":\"https:\/\/www.moulin-cornille.com\/produit\/huilier-en-inox-0-25l\/#primaryimage\",\"url\":\"https:\/\/www.moulin-cornille.com\/wp-content\/uploads\/2022\/04\/HUILIER.jpg\",\"contentUrl\":\"https:\/\/www.moulin-cornille.com\/wp-content\/uploads\/2022\/04\/HUILIER.jpg\",\"width\":800,\"height\":800},{\"@type\":\"BreadcrumbList\",\"@id\":\"https:\/\/www.moulin-cornille.com\/produit\/huilier-en-inox-0-25l\/#breadcrumb\",\"itemListElement\":[{\"@type\":\"ListItem\",\"position\":1,\"name\":\"Boutique\",\"item\":\"https:\/\/www.moulin-cornille.com\/boutique\/\"},{\"@type\":\"ListItem\",\"position\":2,\"name\":\"Huilier en inox 0.25L\"}]},{\"@type\":\"WebSite\",\"@id\":\"https:\/\/www.moulin-cornille.com\/#website\",\"url\":\"https:\/\/www.moulin-cornille.com\/\",\"name\":\"Moulin Cornille\",\"description\":\"Huile AOP de la Vall\u00e9e des Baux de Provence\",\"publisher\":{\"@id\":\"https:\/\/www.moulin-cornille.com\/#organization\"},\"potentialAction\":[{\"@type\":\"SearchAction\",\"target\":{\"@type\":\"EntryPoint\",\"urlTemplate\":\"https:\/\/www.moulin-cornille.com\/?s={search_term_string}\"},\"query-input\":\"required name=search_term_string\"}],\"inLanguage\":\"en-GB\"},{\"@type\":\"Organization\",\"@id\":\"https:\/\/www.moulin-cornille.com\/#organization\",\"name\":\"Moulin Cornille\",\"url\":\"https:\/\/www.moulin-cornille.com\/\",\"logo\":{\"@type\":\"ImageObject\",\"inLanguage\":\"en-GB\",\"@id\":\"https:\/\/www.moulin-cornille.com\/#\/schema\/logo\/image\/\",\"url\":\"https:\/\/www.moulin-cornille.com\/wp-content\/uploads\/2022\/03\/logo-jm-cornille.png\",\"contentUrl\":\"https:\/\/www.moulin-cornille.com\/wp-content\/uploads\/2022\/03\/logo-jm-cornille.png\",\"width\":400,\"height\":335,\"caption\":\"Moulin Cornille\"},\"image\":{\"@id\":\"https:\/\/www.moulin-cornille.com\/#\/schema\/logo\/image\/\"}}]}<\/script>\n<!-- \/ Yoast SEO plugin. -->","yoast_head_json":{"title":"Huilier en inox 0.25L - Moulin Cornille","robots":{"index":"index","follow":"follow","max-snippet":"max-snippet:-1","max-image-preview":"max-image-preview:large","max-video-preview":"max-video-preview:-1"},"canonical":"https:\/\/www.moulin-cornille.com\/en\/product\/huilier-en-inox-0-25l\/","og_locale":"en_GB","og_type":"article","og_title":"Huilier en inox 0.25L - Moulin Cornille","og_description":"Anti goutte, la paroi ext\u00e9rieure est toujours propre gr\u00e2ce \u00e0 la collerette. Le vinaigre est \u00e0 l&rsquo;abri de la lumi\u00e8re,","og_url":"https:\/\/www.moulin-cornille.com\/en\/product\/huilier-en-inox-0-25l\/","og_site_name":"Moulin Cornille","article_modified_time":"2025-01-23T14:49:11+00:00","og_image":[{"width":800,"height":800,"url":"https:\/\/www.moulin-cornille.com\/wp-content\/uploads\/2022\/04\/HUILIER.jpg","type":"image\/jpeg"}],"twitter_card":"summary_large_image","twitter_misc":{"Estimated reading time":"1 minute"},"schema":{"@context":"https:\/\/schema.org","@graph":[{"@type":"WebPage","@id":"https:\/\/www.moulin-cornille.com\/produit\/huilier-en-inox-0-25l\/","url":"https:\/\/www.moulin-cornille.com\/produit\/huilier-en-inox-0-25l\/","name":"Huilier en inox 0.25L - Moulin Cornille","isPartOf":{"@id":"https:\/\/www.moulin-cornille.com\/#website"},"primaryImageOfPage":{"@id":"https:\/\/www.moulin-cornille.com\/produit\/huilier-en-inox-0-25l\/#primaryimage"},"image":{"@id":"https:\/\/www.moulin-cornille.com\/produit\/huilier-en-inox-0-25l\/#primaryimage"},"thumbnailUrl":"https:\/\/www.moulin-cornille.com\/wp-content\/uploads\/2022\/04\/HUILIER.jpg","datePublished":"2022-04-12T08:00:53+00:00","dateModified":"2025-01-23T14:49:11+00:00","breadcrumb":{"@id":"https:\/\/www.moulin-cornille.com\/produit\/huilier-en-inox-0-25l\/#breadcrumb"},"inLanguage":"en-GB","potentialAction":[{"@type":"ReadAction","target":["https:\/\/www.moulin-cornille.com\/produit\/huilier-en-inox-0-25l\/"]}]},{"@type":"ImageObject","inLanguage":"en-GB","@id":"https:\/\/www.moulin-cornille.com\/produit\/huilier-en-inox-0-25l\/#primaryimage","url":"https:\/\/www.moulin-cornille.com\/wp-content\/uploads\/2022\/04\/HUILIER.jpg","contentUrl":"https:\/\/www.moulin-cornille.com\/wp-content\/uploads\/2022\/04\/HUILIER.jpg","width":800,"height":800},{"@type":"BreadcrumbList","@id":"https:\/\/www.moulin-cornille.com\/produit\/huilier-en-inox-0-25l\/#breadcrumb","itemListElement":[{"@type":"ListItem","position":1,"name":"Boutique","item":"https:\/\/www.moulin-cornille.com\/boutique\/"},{"@type":"ListItem","position":2,"name":"Huilier en inox 0.25L"}]},{"@type":"WebSite","@id":"https:\/\/www.moulin-cornille.com\/#website","url":"https:\/\/www.moulin-cornille.com\/","name":"Moulin Cornille","description":"Huile AOP de la Vall\u00e9e des Baux de Provence","publisher":{"@id":"https:\/\/www.moulin-cornille.com\/#organization"},"potentialAction":[{"@type":"SearchAction","target":{"@type":"EntryPoint","urlTemplate":"https:\/\/www.moulin-cornille.com\/?s={search_term_string}"},"query-input":"required name=search_term_string"}],"inLanguage":"en-GB"},{"@type":"Organization","@id":"https:\/\/www.moulin-cornille.com\/#organization","name":"Moulin Cornille","url":"https:\/\/www.moulin-cornille.com\/","logo":{"@type":"ImageObject","inLanguage":"en-GB","@id":"https:\/\/www.moulin-cornille.com\/#\/schema\/logo\/image\/","url":"https:\/\/www.moulin-cornille.com\/wp-content\/uploads\/2022\/03\/logo-jm-cornille.png","contentUrl":"https:\/\/www.moulin-cornille.com\/wp-content\/uploads\/2022\/03\/logo-jm-cornille.png","width":400,"height":335,"caption":"Moulin Cornille"},"image":{"@id":"https:\/\/www.moulin-cornille.com\/#\/schema\/logo\/image\/"}}]}},"_links":{"self":[{"href":"https:\/\/www.moulin-cornille.com\/en\/wp-json\/wp\/v2\/product\/282"}],"collection":[{"href":"https:\/\/www.moulin-cornille.com\/en\/wp-json\/wp\/v2\/product"}],"about":[{"href":"https:\/\/www.moulin-cornille.com\/en\/wp-json\/wp\/v2\/types\/product"}],"wp:featuredmedia":[{"embeddable":true,"href":"https:\/\/www.moulin-cornille.com\/en\/wp-json\/wp\/v2\/media\/1067"}],"wp:attachment":[{"href":"https:\/\/www.moulin-cornille.com\/en\/wp-json\/wp\/v2\/media?parent=282"}],"wp:term":[{"taxonomy":"product_cat","embeddable":true,"href":"https:\/\/www.moulin-cornille.com\/en\/wp-json\/wp\/v2\/product_cat?post=282"},{"taxonomy":"product_tag","embeddable":true,"href":"https:\/\/www.moulin-cornille.com\/en\/wp-json\/wp\/v2\/product_tag?post=282"}],"curies":[{"name":"wp","href":"https:\/\/api.w.org\/{rel}","templated":true}]}}