{"id":233,"date":"2022-04-08T15:16:53","date_gmt":"2022-04-08T13:16:53","guid":{"rendered":"https:\/\/www.moulin-cornille.com\/?post_type=product&#038;p=233"},"modified":"2026-03-16T14:14:47","modified_gmt":"2026-03-16T13:14:47","slug":"coussin-bien-etre-olivotte-coton","status":"publish","type":"product","link":"https:\/\/www.moulin-cornille.com\/en\/product\/coussin-bien-etre-olivotte-coton\/","title":{"rendered":"Coussin bien-\u00eatre \u00ab\u00a0Olivotte\u00a0\u00bb Coton"},"content":{"rendered":"<p>Garnissage \u00e0 base de noyaux d&rsquo;olives concass\u00e9s.<\/p>\n<p>Ce coussin s&rsquo;utilise \u00e0 chaud (apr\u00e8s 2 min. au four micro-ondes) pour soulager les tensions du dos, les maux de ventre, se relaxer, se r\u00e9chauffer, ou \u00e0 froid (apr\u00e8s quelques heures au cong\u00e9lateur) pour soulager les maux de t\u00eate, les entorses, apaiser les h\u00e9matomes, se rafra\u00eechir.<\/p>\n<p><strong>IMPORTANT :<\/strong> Vu que ce sont des produits artisanaux, les tissus varient. Lors de la validation de la commande : Merci d&rsquo;ajouter une note pr\u00e9cisant le n\u00b0 de coussin qui vous plait ET inscrire aussi vos coloris pr\u00e9f\u00e9r\u00e9s (tons de bleu, beige, moutarde&#8230;) si nous avons le tissu demand\u00e9, celui-ci vous sera envoy\u00e9, sinon un tissu dans vos tons pr\u00e9f\u00e9r\u00e9s vous sera envoy\u00e9.<\/p>\n<p>1\u00e8re enveloppe tissu : coton<\/p>\n<p>Enveloppe lavable et d\u00e9houssable : coton<\/p>\n<p>Dimensions : 18&#215;26 cm<\/p>\n<p>Poids du contenu : 700g<\/p>","protected":false},"excerpt":{"rendered":"<p>Garnissage \u00e0 base de noyaux d&rsquo;olives concass\u00e9s. Ce coussin s&rsquo;utilise \u00e0 chaud (apr\u00e8s 2 min. au four micro-ondes) pour soulager<\/p>","protected":false},"featured_media":700,"template":"","meta":[],"product_cat":[18,140],"product_tag":[],"yoast_head":"<!-- This site is optimized with the Yoast SEO plugin v22.3 - https:\/\/yoast.com\/wordpress\/plugins\/seo\/ -->\n<title>Coussin bien-\u00eatre &quot;Olivotte&quot; Coton - Moulin Cornille<\/title>\n<meta name=\"robots\" content=\"index, follow, max-snippet:-1, max-image-preview:large, max-video-preview:-1\" \/>\n<link rel=\"canonical\" href=\"https:\/\/www.moulin-cornille.com\/en\/product\/coussin-bien-etre-olivotte-coton\/\" \/>\n<meta property=\"og:locale\" content=\"en_GB\" \/>\n<meta property=\"og:type\" content=\"article\" \/>\n<meta property=\"og:title\" content=\"Coussin bien-\u00eatre &quot;Olivotte&quot; Coton - Moulin Cornille\" \/>\n<meta property=\"og:description\" content=\"Garnissage \u00e0 base de noyaux d&rsquo;olives concass\u00e9s. Ce coussin s&rsquo;utilise \u00e0 chaud (apr\u00e8s 2 min. au four micro-ondes) pour soulager\" \/>\n<meta property=\"og:url\" content=\"https:\/\/www.moulin-cornille.com\/en\/product\/coussin-bien-etre-olivotte-coton\/\" \/>\n<meta property=\"og:site_name\" content=\"Moulin Cornille\" \/>\n<meta property=\"article:modified_time\" content=\"2026-03-16T13:14:47+00:00\" \/>\n<meta property=\"og:image\" content=\"https:\/\/www.moulin-cornille.com\/wp-content\/uploads\/2022\/04\/coussin-olivotte-4-nouveaux-avec-carton.jpg\" \/>\n\t<meta property=\"og:image:width\" content=\"800\" \/>\n\t<meta property=\"og:image:height\" content=\"800\" \/>\n\t<meta property=\"og:image:type\" content=\"image\/jpeg\" \/>\n<meta name=\"twitter:card\" content=\"summary_large_image\" \/>\n<meta name=\"twitter:label1\" content=\"Estimated reading time\" \/>\n\t<meta name=\"twitter:data1\" content=\"1 minute\" \/>\n<script type=\"application\/ld+json\" class=\"yoast-schema-graph\">{\"@context\":\"https:\/\/schema.org\",\"@graph\":[{\"@type\":\"WebPage\",\"@id\":\"https:\/\/www.moulin-cornille.com\/produit\/coussin-bien-etre-olivotte-coton\/\",\"url\":\"https:\/\/www.moulin-cornille.com\/produit\/coussin-bien-etre-olivotte-coton\/\",\"name\":\"Coussin bien-\u00eatre \\\"Olivotte\\\" Coton - Moulin Cornille\",\"isPartOf\":{\"@id\":\"https:\/\/www.moulin-cornille.com\/#website\"},\"primaryImageOfPage\":{\"@id\":\"https:\/\/www.moulin-cornille.com\/produit\/coussin-bien-etre-olivotte-coton\/#primaryimage\"},\"image\":{\"@id\":\"https:\/\/www.moulin-cornille.com\/produit\/coussin-bien-etre-olivotte-coton\/#primaryimage\"},\"thumbnailUrl\":\"https:\/\/www.moulin-cornille.com\/wp-content\/uploads\/2022\/04\/coussin-olivotte-4-nouveaux-avec-carton.jpg\",\"datePublished\":\"2022-04-08T13:16:53+00:00\",\"dateModified\":\"2026-03-16T13:14:47+00:00\",\"breadcrumb\":{\"@id\":\"https:\/\/www.moulin-cornille.com\/produit\/coussin-bien-etre-olivotte-coton\/#breadcrumb\"},\"inLanguage\":\"en-GB\",\"potentialAction\":[{\"@type\":\"ReadAction\",\"target\":[\"https:\/\/www.moulin-cornille.com\/produit\/coussin-bien-etre-olivotte-coton\/\"]}]},{\"@type\":\"ImageObject\",\"inLanguage\":\"en-GB\",\"@id\":\"https:\/\/www.moulin-cornille.com\/produit\/coussin-bien-etre-olivotte-coton\/#primaryimage\",\"url\":\"https:\/\/www.moulin-cornille.com\/wp-content\/uploads\/2022\/04\/coussin-olivotte-4-nouveaux-avec-carton.jpg\",\"contentUrl\":\"https:\/\/www.moulin-cornille.com\/wp-content\/uploads\/2022\/04\/coussin-olivotte-4-nouveaux-avec-carton.jpg\",\"width\":800,\"height\":800},{\"@type\":\"BreadcrumbList\",\"@id\":\"https:\/\/www.moulin-cornille.com\/produit\/coussin-bien-etre-olivotte-coton\/#breadcrumb\",\"itemListElement\":[{\"@type\":\"ListItem\",\"position\":1,\"name\":\"Boutique\",\"item\":\"https:\/\/www.moulin-cornille.com\/boutique\/\"},{\"@type\":\"ListItem\",\"position\":2,\"name\":\"Coussin bien-\u00eatre &#8220;Olivotte&#8221; Coton\"}]},{\"@type\":\"WebSite\",\"@id\":\"https:\/\/www.moulin-cornille.com\/#website\",\"url\":\"https:\/\/www.moulin-cornille.com\/\",\"name\":\"Moulin Cornille\",\"description\":\"Huile AOP de la Vall\u00e9e des Baux de Provence\",\"publisher\":{\"@id\":\"https:\/\/www.moulin-cornille.com\/#organization\"},\"potentialAction\":[{\"@type\":\"SearchAction\",\"target\":{\"@type\":\"EntryPoint\",\"urlTemplate\":\"https:\/\/www.moulin-cornille.com\/?s={search_term_string}\"},\"query-input\":\"required name=search_term_string\"}],\"inLanguage\":\"en-GB\"},{\"@type\":\"Organization\",\"@id\":\"https:\/\/www.moulin-cornille.com\/#organization\",\"name\":\"Moulin Cornille\",\"url\":\"https:\/\/www.moulin-cornille.com\/\",\"logo\":{\"@type\":\"ImageObject\",\"inLanguage\":\"en-GB\",\"@id\":\"https:\/\/www.moulin-cornille.com\/#\/schema\/logo\/image\/\",\"url\":\"https:\/\/www.moulin-cornille.com\/wp-content\/uploads\/2022\/03\/logo-jm-cornille.png\",\"contentUrl\":\"https:\/\/www.moulin-cornille.com\/wp-content\/uploads\/2022\/03\/logo-jm-cornille.png\",\"width\":400,\"height\":335,\"caption\":\"Moulin Cornille\"},\"image\":{\"@id\":\"https:\/\/www.moulin-cornille.com\/#\/schema\/logo\/image\/\"}}]}<\/script>\n<!-- \/ Yoast SEO plugin. -->","yoast_head_json":{"title":"Coussin bien-\u00eatre \"Olivotte\" Coton - Moulin Cornille","robots":{"index":"index","follow":"follow","max-snippet":"max-snippet:-1","max-image-preview":"max-image-preview:large","max-video-preview":"max-video-preview:-1"},"canonical":"https:\/\/www.moulin-cornille.com\/en\/product\/coussin-bien-etre-olivotte-coton\/","og_locale":"en_GB","og_type":"article","og_title":"Coussin bien-\u00eatre \"Olivotte\" Coton - Moulin Cornille","og_description":"Garnissage \u00e0 base de noyaux d&rsquo;olives concass\u00e9s. Ce coussin s&rsquo;utilise \u00e0 chaud (apr\u00e8s 2 min. au four micro-ondes) pour soulager","og_url":"https:\/\/www.moulin-cornille.com\/en\/product\/coussin-bien-etre-olivotte-coton\/","og_site_name":"Moulin Cornille","article_modified_time":"2026-03-16T13:14:47+00:00","og_image":[{"width":800,"height":800,"url":"https:\/\/www.moulin-cornille.com\/wp-content\/uploads\/2022\/04\/coussin-olivotte-4-nouveaux-avec-carton.jpg","type":"image\/jpeg"}],"twitter_card":"summary_large_image","twitter_misc":{"Estimated reading time":"1 minute"},"schema":{"@context":"https:\/\/schema.org","@graph":[{"@type":"WebPage","@id":"https:\/\/www.moulin-cornille.com\/produit\/coussin-bien-etre-olivotte-coton\/","url":"https:\/\/www.moulin-cornille.com\/produit\/coussin-bien-etre-olivotte-coton\/","name":"Coussin bien-\u00eatre \"Olivotte\" Coton - Moulin Cornille","isPartOf":{"@id":"https:\/\/www.moulin-cornille.com\/#website"},"primaryImageOfPage":{"@id":"https:\/\/www.moulin-cornille.com\/produit\/coussin-bien-etre-olivotte-coton\/#primaryimage"},"image":{"@id":"https:\/\/www.moulin-cornille.com\/produit\/coussin-bien-etre-olivotte-coton\/#primaryimage"},"thumbnailUrl":"https:\/\/www.moulin-cornille.com\/wp-content\/uploads\/2022\/04\/coussin-olivotte-4-nouveaux-avec-carton.jpg","datePublished":"2022-04-08T13:16:53+00:00","dateModified":"2026-03-16T13:14:47+00:00","breadcrumb":{"@id":"https:\/\/www.moulin-cornille.com\/produit\/coussin-bien-etre-olivotte-coton\/#breadcrumb"},"inLanguage":"en-GB","potentialAction":[{"@type":"ReadAction","target":["https:\/\/www.moulin-cornille.com\/produit\/coussin-bien-etre-olivotte-coton\/"]}]},{"@type":"ImageObject","inLanguage":"en-GB","@id":"https:\/\/www.moulin-cornille.com\/produit\/coussin-bien-etre-olivotte-coton\/#primaryimage","url":"https:\/\/www.moulin-cornille.com\/wp-content\/uploads\/2022\/04\/coussin-olivotte-4-nouveaux-avec-carton.jpg","contentUrl":"https:\/\/www.moulin-cornille.com\/wp-content\/uploads\/2022\/04\/coussin-olivotte-4-nouveaux-avec-carton.jpg","width":800,"height":800},{"@type":"BreadcrumbList","@id":"https:\/\/www.moulin-cornille.com\/produit\/coussin-bien-etre-olivotte-coton\/#breadcrumb","itemListElement":[{"@type":"ListItem","position":1,"name":"Boutique","item":"https:\/\/www.moulin-cornille.com\/boutique\/"},{"@type":"ListItem","position":2,"name":"Coussin bien-\u00eatre &#8220;Olivotte&#8221; Coton"}]},{"@type":"WebSite","@id":"https:\/\/www.moulin-cornille.com\/#website","url":"https:\/\/www.moulin-cornille.com\/","name":"Moulin Cornille","description":"Huile AOP de la Vall\u00e9e des Baux de Provence","publisher":{"@id":"https:\/\/www.moulin-cornille.com\/#organization"},"potentialAction":[{"@type":"SearchAction","target":{"@type":"EntryPoint","urlTemplate":"https:\/\/www.moulin-cornille.com\/?s={search_term_string}"},"query-input":"required name=search_term_string"}],"inLanguage":"en-GB"},{"@type":"Organization","@id":"https:\/\/www.moulin-cornille.com\/#organization","name":"Moulin Cornille","url":"https:\/\/www.moulin-cornille.com\/","logo":{"@type":"ImageObject","inLanguage":"en-GB","@id":"https:\/\/www.moulin-cornille.com\/#\/schema\/logo\/image\/","url":"https:\/\/www.moulin-cornille.com\/wp-content\/uploads\/2022\/03\/logo-jm-cornille.png","contentUrl":"https:\/\/www.moulin-cornille.com\/wp-content\/uploads\/2022\/03\/logo-jm-cornille.png","width":400,"height":335,"caption":"Moulin Cornille"},"image":{"@id":"https:\/\/www.moulin-cornille.com\/#\/schema\/logo\/image\/"}}]}},"_links":{"self":[{"href":"https:\/\/www.moulin-cornille.com\/en\/wp-json\/wp\/v2\/product\/233"}],"collection":[{"href":"https:\/\/www.moulin-cornille.com\/en\/wp-json\/wp\/v2\/product"}],"about":[{"href":"https:\/\/www.moulin-cornille.com\/en\/wp-json\/wp\/v2\/types\/product"}],"wp:featuredmedia":[{"embeddable":true,"href":"https:\/\/www.moulin-cornille.com\/en\/wp-json\/wp\/v2\/media\/700"}],"wp:attachment":[{"href":"https:\/\/www.moulin-cornille.com\/en\/wp-json\/wp\/v2\/media?parent=233"}],"wp:term":[{"taxonomy":"product_cat","embeddable":true,"href":"https:\/\/www.moulin-cornille.com\/en\/wp-json\/wp\/v2\/product_cat?post=233"},{"taxonomy":"product_tag","embeddable":true,"href":"https:\/\/www.moulin-cornille.com\/en\/wp-json\/wp\/v2\/product_tag?post=233"}],"curies":[{"name":"wp","href":"https:\/\/api.w.org\/{rel}","templated":true}]}}