{"id":13525,"date":"2026-01-14T14:18:20","date_gmt":"2026-01-14T13:18:20","guid":{"rendered":"https:\/\/www.moulin-cornille.com\/?post_type=product&#038;p=13525"},"modified":"2026-03-06T13:57:20","modified_gmt":"2026-03-06T12:57:20","slug":"sardines-la-bonne-mer","status":"publish","type":"product","link":"https:\/\/www.moulin-cornille.com\/en\/product\/sardines-la-bonne-mer\/","title":{"rendered":"Sardines"},"content":{"rendered":"<p>Sardines de la conserverie Ferrigno implant\u00e9e dans le Sud de la France \u00e0 Port-Saint-Louis-du-Rh\u00f4ne, une entreprise familiale qui fabrique des conserves de poissons de haute qualit\u00e9.<br \/>\nUn processus minutieux qui commence par la s\u00e9lection de poissons frais de la plus haute qualit\u00e9. Les poissons sont soigneusement tri\u00e9s et \u00e9labor\u00e9s par des professionnels exp\u00e9riment\u00e9s. Le processus de transformation du poisson est effectu\u00e9 rapidement pour pr\u00e9server toutes les propri\u00e9t\u00e9s nutritionnelles et les ar\u00f4mes naturels, puis, une fois les ingr\u00e9dients s\u00e9lectionn\u00e9s, les produits sont pr\u00e9par\u00e9s avec la plus grande attention, en suivant des recettes traditionnelles pour garantir une saveur authentique.<br \/>\nLa conserverie utilise des m\u00e9thodes de conservation douces pour pr\u00e9server les propri\u00e9t\u00e9s nutritionnelles des produits.<br \/>\nConseils d\u2019utilisation : A consommer en l\u2019\u00e9tat.<br \/>\nSans colorants, ni conservateurs, ni OGM, ni produits ionis\u00e9s.<br \/>\nAllerg\u00e8nes pr\u00e9sents : poissons<br \/>\nPoids net 115g<\/p>","protected":false},"excerpt":{"rendered":"<p>Sardines de la conserverie Ferrigno implant\u00e9e dans le Sud de la France \u00e0 Port-Saint-Louis-du-Rh\u00f4ne, une entreprise familiale qui fabrique des<\/p>","protected":false},"featured_media":13502,"template":"","meta":[],"product_cat":[20,103],"product_tag":[],"yoast_head":"<!-- This site is optimized with the Yoast SEO plugin v22.3 - https:\/\/yoast.com\/wordpress\/plugins\/seo\/ -->\n<title>Sardines - Moulin Cornille<\/title>\n<meta name=\"robots\" content=\"index, follow, max-snippet:-1, max-image-preview:large, max-video-preview:-1\" \/>\n<link rel=\"canonical\" href=\"https:\/\/www.moulin-cornille.com\/en\/product\/sardines-la-bonne-mer\/\" \/>\n<meta property=\"og:locale\" content=\"en_GB\" \/>\n<meta property=\"og:type\" content=\"article\" \/>\n<meta property=\"og:title\" content=\"Sardines - Moulin Cornille\" \/>\n<meta property=\"og:description\" content=\"Sardines de la conserverie Ferrigno implant\u00e9e dans le Sud de la France \u00e0 Port-Saint-Louis-du-Rh\u00f4ne, une entreprise familiale qui fabrique des\" \/>\n<meta property=\"og:url\" content=\"https:\/\/www.moulin-cornille.com\/en\/product\/sardines-la-bonne-mer\/\" \/>\n<meta property=\"og:site_name\" content=\"Moulin Cornille\" \/>\n<meta property=\"article:modified_time\" content=\"2026-03-06T12:57:20+00:00\" \/>\n<meta property=\"og:image\" content=\"https:\/\/www.moulin-cornille.com\/wp-content\/uploads\/2026\/01\/SARDINES-TOUTES.jpg\" \/>\n\t<meta property=\"og:image:width\" content=\"800\" \/>\n\t<meta property=\"og:image:height\" content=\"800\" \/>\n\t<meta property=\"og:image:type\" content=\"image\/jpeg\" \/>\n<meta name=\"twitter:card\" content=\"summary_large_image\" \/>\n<meta name=\"twitter:label1\" content=\"Estimated reading time\" \/>\n\t<meta name=\"twitter:data1\" content=\"1 minute\" \/>\n<script type=\"application\/ld+json\" class=\"yoast-schema-graph\">{\"@context\":\"https:\/\/schema.org\",\"@graph\":[{\"@type\":\"WebPage\",\"@id\":\"https:\/\/www.moulin-cornille.com\/produit\/sardines-la-bonne-mer\/\",\"url\":\"https:\/\/www.moulin-cornille.com\/produit\/sardines-la-bonne-mer\/\",\"name\":\"Sardines - Moulin Cornille\",\"isPartOf\":{\"@id\":\"https:\/\/www.moulin-cornille.com\/#website\"},\"primaryImageOfPage\":{\"@id\":\"https:\/\/www.moulin-cornille.com\/produit\/sardines-la-bonne-mer\/#primaryimage\"},\"image\":{\"@id\":\"https:\/\/www.moulin-cornille.com\/produit\/sardines-la-bonne-mer\/#primaryimage\"},\"thumbnailUrl\":\"https:\/\/www.moulin-cornille.com\/wp-content\/uploads\/2026\/01\/SARDINES-TOUTES.jpg\",\"datePublished\":\"2026-01-14T13:18:20+00:00\",\"dateModified\":\"2026-03-06T12:57:20+00:00\",\"breadcrumb\":{\"@id\":\"https:\/\/www.moulin-cornille.com\/produit\/sardines-la-bonne-mer\/#breadcrumb\"},\"inLanguage\":\"en-GB\",\"potentialAction\":[{\"@type\":\"ReadAction\",\"target\":[\"https:\/\/www.moulin-cornille.com\/produit\/sardines-la-bonne-mer\/\"]}]},{\"@type\":\"ImageObject\",\"inLanguage\":\"en-GB\",\"@id\":\"https:\/\/www.moulin-cornille.com\/produit\/sardines-la-bonne-mer\/#primaryimage\",\"url\":\"https:\/\/www.moulin-cornille.com\/wp-content\/uploads\/2026\/01\/SARDINES-TOUTES.jpg\",\"contentUrl\":\"https:\/\/www.moulin-cornille.com\/wp-content\/uploads\/2026\/01\/SARDINES-TOUTES.jpg\",\"width\":800,\"height\":800},{\"@type\":\"BreadcrumbList\",\"@id\":\"https:\/\/www.moulin-cornille.com\/produit\/sardines-la-bonne-mer\/#breadcrumb\",\"itemListElement\":[{\"@type\":\"ListItem\",\"position\":1,\"name\":\"Boutique\",\"item\":\"https:\/\/www.moulin-cornille.com\/boutique\/\"},{\"@type\":\"ListItem\",\"position\":2,\"name\":\"Sardines\"}]},{\"@type\":\"WebSite\",\"@id\":\"https:\/\/www.moulin-cornille.com\/#website\",\"url\":\"https:\/\/www.moulin-cornille.com\/\",\"name\":\"Moulin Cornille\",\"description\":\"Huile AOP de la Vall\u00e9e des Baux de Provence\",\"publisher\":{\"@id\":\"https:\/\/www.moulin-cornille.com\/#organization\"},\"potentialAction\":[{\"@type\":\"SearchAction\",\"target\":{\"@type\":\"EntryPoint\",\"urlTemplate\":\"https:\/\/www.moulin-cornille.com\/?s={search_term_string}\"},\"query-input\":\"required name=search_term_string\"}],\"inLanguage\":\"en-GB\"},{\"@type\":\"Organization\",\"@id\":\"https:\/\/www.moulin-cornille.com\/#organization\",\"name\":\"Moulin Cornille\",\"url\":\"https:\/\/www.moulin-cornille.com\/\",\"logo\":{\"@type\":\"ImageObject\",\"inLanguage\":\"en-GB\",\"@id\":\"https:\/\/www.moulin-cornille.com\/#\/schema\/logo\/image\/\",\"url\":\"https:\/\/www.moulin-cornille.com\/wp-content\/uploads\/2022\/03\/logo-jm-cornille.png\",\"contentUrl\":\"https:\/\/www.moulin-cornille.com\/wp-content\/uploads\/2022\/03\/logo-jm-cornille.png\",\"width\":400,\"height\":335,\"caption\":\"Moulin Cornille\"},\"image\":{\"@id\":\"https:\/\/www.moulin-cornille.com\/#\/schema\/logo\/image\/\"}}]}<\/script>\n<!-- \/ Yoast SEO plugin. -->","yoast_head_json":{"title":"Sardines - Moulin Cornille","robots":{"index":"index","follow":"follow","max-snippet":"max-snippet:-1","max-image-preview":"max-image-preview:large","max-video-preview":"max-video-preview:-1"},"canonical":"https:\/\/www.moulin-cornille.com\/en\/product\/sardines-la-bonne-mer\/","og_locale":"en_GB","og_type":"article","og_title":"Sardines - Moulin Cornille","og_description":"Sardines de la conserverie Ferrigno implant\u00e9e dans le Sud de la France \u00e0 Port-Saint-Louis-du-Rh\u00f4ne, une entreprise familiale qui fabrique des","og_url":"https:\/\/www.moulin-cornille.com\/en\/product\/sardines-la-bonne-mer\/","og_site_name":"Moulin Cornille","article_modified_time":"2026-03-06T12:57:20+00:00","og_image":[{"width":800,"height":800,"url":"https:\/\/www.moulin-cornille.com\/wp-content\/uploads\/2026\/01\/SARDINES-TOUTES.jpg","type":"image\/jpeg"}],"twitter_card":"summary_large_image","twitter_misc":{"Estimated reading time":"1 minute"},"schema":{"@context":"https:\/\/schema.org","@graph":[{"@type":"WebPage","@id":"https:\/\/www.moulin-cornille.com\/produit\/sardines-la-bonne-mer\/","url":"https:\/\/www.moulin-cornille.com\/produit\/sardines-la-bonne-mer\/","name":"Sardines - Moulin Cornille","isPartOf":{"@id":"https:\/\/www.moulin-cornille.com\/#website"},"primaryImageOfPage":{"@id":"https:\/\/www.moulin-cornille.com\/produit\/sardines-la-bonne-mer\/#primaryimage"},"image":{"@id":"https:\/\/www.moulin-cornille.com\/produit\/sardines-la-bonne-mer\/#primaryimage"},"thumbnailUrl":"https:\/\/www.moulin-cornille.com\/wp-content\/uploads\/2026\/01\/SARDINES-TOUTES.jpg","datePublished":"2026-01-14T13:18:20+00:00","dateModified":"2026-03-06T12:57:20+00:00","breadcrumb":{"@id":"https:\/\/www.moulin-cornille.com\/produit\/sardines-la-bonne-mer\/#breadcrumb"},"inLanguage":"en-GB","potentialAction":[{"@type":"ReadAction","target":["https:\/\/www.moulin-cornille.com\/produit\/sardines-la-bonne-mer\/"]}]},{"@type":"ImageObject","inLanguage":"en-GB","@id":"https:\/\/www.moulin-cornille.com\/produit\/sardines-la-bonne-mer\/#primaryimage","url":"https:\/\/www.moulin-cornille.com\/wp-content\/uploads\/2026\/01\/SARDINES-TOUTES.jpg","contentUrl":"https:\/\/www.moulin-cornille.com\/wp-content\/uploads\/2026\/01\/SARDINES-TOUTES.jpg","width":800,"height":800},{"@type":"BreadcrumbList","@id":"https:\/\/www.moulin-cornille.com\/produit\/sardines-la-bonne-mer\/#breadcrumb","itemListElement":[{"@type":"ListItem","position":1,"name":"Boutique","item":"https:\/\/www.moulin-cornille.com\/boutique\/"},{"@type":"ListItem","position":2,"name":"Sardines"}]},{"@type":"WebSite","@id":"https:\/\/www.moulin-cornille.com\/#website","url":"https:\/\/www.moulin-cornille.com\/","name":"Moulin Cornille","description":"Huile AOP de la Vall\u00e9e des Baux de Provence","publisher":{"@id":"https:\/\/www.moulin-cornille.com\/#organization"},"potentialAction":[{"@type":"SearchAction","target":{"@type":"EntryPoint","urlTemplate":"https:\/\/www.moulin-cornille.com\/?s={search_term_string}"},"query-input":"required name=search_term_string"}],"inLanguage":"en-GB"},{"@type":"Organization","@id":"https:\/\/www.moulin-cornille.com\/#organization","name":"Moulin Cornille","url":"https:\/\/www.moulin-cornille.com\/","logo":{"@type":"ImageObject","inLanguage":"en-GB","@id":"https:\/\/www.moulin-cornille.com\/#\/schema\/logo\/image\/","url":"https:\/\/www.moulin-cornille.com\/wp-content\/uploads\/2022\/03\/logo-jm-cornille.png","contentUrl":"https:\/\/www.moulin-cornille.com\/wp-content\/uploads\/2022\/03\/logo-jm-cornille.png","width":400,"height":335,"caption":"Moulin Cornille"},"image":{"@id":"https:\/\/www.moulin-cornille.com\/#\/schema\/logo\/image\/"}}]}},"_links":{"self":[{"href":"https:\/\/www.moulin-cornille.com\/en\/wp-json\/wp\/v2\/product\/13525"}],"collection":[{"href":"https:\/\/www.moulin-cornille.com\/en\/wp-json\/wp\/v2\/product"}],"about":[{"href":"https:\/\/www.moulin-cornille.com\/en\/wp-json\/wp\/v2\/types\/product"}],"wp:featuredmedia":[{"embeddable":true,"href":"https:\/\/www.moulin-cornille.com\/en\/wp-json\/wp\/v2\/media\/13502"}],"wp:attachment":[{"href":"https:\/\/www.moulin-cornille.com\/en\/wp-json\/wp\/v2\/media?parent=13525"}],"wp:term":[{"taxonomy":"product_cat","embeddable":true,"href":"https:\/\/www.moulin-cornille.com\/en\/wp-json\/wp\/v2\/product_cat?post=13525"},{"taxonomy":"product_tag","embeddable":true,"href":"https:\/\/www.moulin-cornille.com\/en\/wp-json\/wp\/v2\/product_tag?post=13525"}],"curies":[{"name":"wp","href":"https:\/\/api.w.org\/{rel}","templated":true}]}}