{"id":13513,"date":"2026-01-14T10:50:52","date_gmt":"2026-01-14T09:50:52","guid":{"rendered":"https:\/\/www.moulin-cornille.com\/?post_type=product&#038;p=13513"},"modified":"2026-03-06T12:43:04","modified_gmt":"2026-03-06T11:43:04","slug":"pate-de-cabri-des-alpilles","status":"publish","type":"product","link":"https:\/\/www.moulin-cornille.com\/en\/product\/pate-de-cabri-des-alpilles\/","title":{"rendered":"P\u00e2t\u00e9 de cabri des Alpilles"},"content":{"rendered":"<p>Nous vous proposons de d\u00e9couvrir les p\u00e2t\u00e9s de cabri d&rsquo;une jeune productrice de Maussane-les-Alpilles.<br \/>\nSes cabris sont \u00e9lev\u00e9s en plein air dans les Alpilles.<br \/>\nLes p\u00e2t\u00e9s sont pr\u00e9par\u00e9s avec soin par des artisans passionn\u00e9s. Ils ont du go\u00fbt et du caract\u00e8re, et tout ce qu\u2019il faut pour r\u00e9galer vos ap\u00e9ritifs et vos planches gourmandes.<br \/>\nPoids net : 180g<\/p>\n<p>Ingr\u00e9dients du p\u00e2t\u00e9 de cabri au piment d&rsquo;Espelette :<br \/>\nCabri, bajoue et foie de porc, sel, poivre, \u00e9pices du Bellay, <strong>farine<\/strong>, <strong>oeuf<\/strong>, oignon, <strong>ail<\/strong>, <strong>lait<\/strong>, huile d&rsquo;olive.<\/p>\n<p>Ingr\u00e9dients du p\u00e2t\u00e9 de cabri au piment d&rsquo;Espelette :<br \/>\nCabri, bajoue et foie de porc, sel, poivre, piment d&rsquo;Espelette, <strong>farine<\/strong>, <strong>oeuf<\/strong>, oignon, poireau, <strong>ail<\/strong>, <strong>lait<\/strong>.<\/p>\n<p>Ingr\u00e9dients du p\u00e2t\u00e9 de cabri au poivre vert :<br \/>\nCabri, bajoue et foie de porc, sel, poivre, \u00e9pices du Bellay, <strong>farine<\/strong>, <strong>oeuf<\/strong>, oignon, <strong>ail<\/strong>, persil, <strong>lait<\/strong>, poivre vert.<\/p>","protected":false},"excerpt":{"rendered":"<p>Nous vous proposons de d\u00e9couvrir les p\u00e2t\u00e9s de cabri d&rsquo;une jeune productrice de Maussane-les-Alpilles. Ses cabris sont \u00e9lev\u00e9s en plein<\/p>","protected":false},"featured_media":13540,"template":"","meta":[],"product_cat":[20,103],"product_tag":[],"yoast_head":"<!-- This site is optimized with the Yoast SEO plugin v22.3 - https:\/\/yoast.com\/wordpress\/plugins\/seo\/ -->\n<title>P\u00e2t\u00e9 de cabri des Alpilles - Moulin Cornille<\/title>\n<meta name=\"robots\" content=\"index, follow, max-snippet:-1, max-image-preview:large, max-video-preview:-1\" \/>\n<link rel=\"canonical\" href=\"https:\/\/www.moulin-cornille.com\/en\/product\/pate-de-cabri-des-alpilles\/\" \/>\n<meta property=\"og:locale\" content=\"en_GB\" \/>\n<meta property=\"og:type\" content=\"article\" \/>\n<meta property=\"og:title\" content=\"P\u00e2t\u00e9 de cabri des Alpilles - Moulin Cornille\" \/>\n<meta property=\"og:description\" content=\"Nous vous proposons de d\u00e9couvrir les p\u00e2t\u00e9s de cabri d&rsquo;une jeune productrice de Maussane-les-Alpilles. Ses cabris sont \u00e9lev\u00e9s en plein\" \/>\n<meta property=\"og:url\" content=\"https:\/\/www.moulin-cornille.com\/en\/product\/pate-de-cabri-des-alpilles\/\" \/>\n<meta property=\"og:site_name\" content=\"Moulin Cornille\" \/>\n<meta property=\"article:modified_time\" content=\"2026-03-06T11:43:04+00:00\" \/>\n<meta property=\"og:image\" content=\"https:\/\/www.moulin-cornille.com\/wp-content\/uploads\/2026\/01\/PATE-DE-CABRI-TOUS.jpg\" \/>\n\t<meta property=\"og:image:width\" content=\"800\" \/>\n\t<meta property=\"og:image:height\" content=\"800\" \/>\n\t<meta property=\"og:image:type\" content=\"image\/jpeg\" \/>\n<meta name=\"twitter:card\" content=\"summary_large_image\" \/>\n<meta name=\"twitter:label1\" content=\"Estimated reading time\" \/>\n\t<meta name=\"twitter:data1\" content=\"1 minute\" \/>\n<script type=\"application\/ld+json\" class=\"yoast-schema-graph\">{\"@context\":\"https:\/\/schema.org\",\"@graph\":[{\"@type\":\"WebPage\",\"@id\":\"https:\/\/www.moulin-cornille.com\/produit\/pate-de-cabri-des-alpilles\/\",\"url\":\"https:\/\/www.moulin-cornille.com\/produit\/pate-de-cabri-des-alpilles\/\",\"name\":\"P\u00e2t\u00e9 de cabri des Alpilles - Moulin Cornille\",\"isPartOf\":{\"@id\":\"https:\/\/www.moulin-cornille.com\/#website\"},\"primaryImageOfPage\":{\"@id\":\"https:\/\/www.moulin-cornille.com\/produit\/pate-de-cabri-des-alpilles\/#primaryimage\"},\"image\":{\"@id\":\"https:\/\/www.moulin-cornille.com\/produit\/pate-de-cabri-des-alpilles\/#primaryimage\"},\"thumbnailUrl\":\"https:\/\/www.moulin-cornille.com\/wp-content\/uploads\/2026\/01\/PATE-DE-CABRI-TOUS.jpg\",\"datePublished\":\"2026-01-14T09:50:52+00:00\",\"dateModified\":\"2026-03-06T11:43:04+00:00\",\"breadcrumb\":{\"@id\":\"https:\/\/www.moulin-cornille.com\/produit\/pate-de-cabri-des-alpilles\/#breadcrumb\"},\"inLanguage\":\"en-GB\",\"potentialAction\":[{\"@type\":\"ReadAction\",\"target\":[\"https:\/\/www.moulin-cornille.com\/produit\/pate-de-cabri-des-alpilles\/\"]}]},{\"@type\":\"ImageObject\",\"inLanguage\":\"en-GB\",\"@id\":\"https:\/\/www.moulin-cornille.com\/produit\/pate-de-cabri-des-alpilles\/#primaryimage\",\"url\":\"https:\/\/www.moulin-cornille.com\/wp-content\/uploads\/2026\/01\/PATE-DE-CABRI-TOUS.jpg\",\"contentUrl\":\"https:\/\/www.moulin-cornille.com\/wp-content\/uploads\/2026\/01\/PATE-DE-CABRI-TOUS.jpg\",\"width\":800,\"height\":800},{\"@type\":\"BreadcrumbList\",\"@id\":\"https:\/\/www.moulin-cornille.com\/produit\/pate-de-cabri-des-alpilles\/#breadcrumb\",\"itemListElement\":[{\"@type\":\"ListItem\",\"position\":1,\"name\":\"Boutique\",\"item\":\"https:\/\/www.moulin-cornille.com\/boutique\/\"},{\"@type\":\"ListItem\",\"position\":2,\"name\":\"P\u00e2t\u00e9 de cabri des Alpilles\"}]},{\"@type\":\"WebSite\",\"@id\":\"https:\/\/www.moulin-cornille.com\/#website\",\"url\":\"https:\/\/www.moulin-cornille.com\/\",\"name\":\"Moulin Cornille\",\"description\":\"Huile AOP de la Vall\u00e9e des Baux de Provence\",\"publisher\":{\"@id\":\"https:\/\/www.moulin-cornille.com\/#organization\"},\"potentialAction\":[{\"@type\":\"SearchAction\",\"target\":{\"@type\":\"EntryPoint\",\"urlTemplate\":\"https:\/\/www.moulin-cornille.com\/?s={search_term_string}\"},\"query-input\":\"required name=search_term_string\"}],\"inLanguage\":\"en-GB\"},{\"@type\":\"Organization\",\"@id\":\"https:\/\/www.moulin-cornille.com\/#organization\",\"name\":\"Moulin Cornille\",\"url\":\"https:\/\/www.moulin-cornille.com\/\",\"logo\":{\"@type\":\"ImageObject\",\"inLanguage\":\"en-GB\",\"@id\":\"https:\/\/www.moulin-cornille.com\/#\/schema\/logo\/image\/\",\"url\":\"https:\/\/www.moulin-cornille.com\/wp-content\/uploads\/2022\/03\/logo-jm-cornille.png\",\"contentUrl\":\"https:\/\/www.moulin-cornille.com\/wp-content\/uploads\/2022\/03\/logo-jm-cornille.png\",\"width\":400,\"height\":335,\"caption\":\"Moulin Cornille\"},\"image\":{\"@id\":\"https:\/\/www.moulin-cornille.com\/#\/schema\/logo\/image\/\"}}]}<\/script>\n<!-- \/ Yoast SEO plugin. -->","yoast_head_json":{"title":"P\u00e2t\u00e9 de cabri des Alpilles - Moulin Cornille","robots":{"index":"index","follow":"follow","max-snippet":"max-snippet:-1","max-image-preview":"max-image-preview:large","max-video-preview":"max-video-preview:-1"},"canonical":"https:\/\/www.moulin-cornille.com\/en\/product\/pate-de-cabri-des-alpilles\/","og_locale":"en_GB","og_type":"article","og_title":"P\u00e2t\u00e9 de cabri des Alpilles - Moulin Cornille","og_description":"Nous vous proposons de d\u00e9couvrir les p\u00e2t\u00e9s de cabri d&rsquo;une jeune productrice de Maussane-les-Alpilles. Ses cabris sont \u00e9lev\u00e9s en plein","og_url":"https:\/\/www.moulin-cornille.com\/en\/product\/pate-de-cabri-des-alpilles\/","og_site_name":"Moulin Cornille","article_modified_time":"2026-03-06T11:43:04+00:00","og_image":[{"width":800,"height":800,"url":"https:\/\/www.moulin-cornille.com\/wp-content\/uploads\/2026\/01\/PATE-DE-CABRI-TOUS.jpg","type":"image\/jpeg"}],"twitter_card":"summary_large_image","twitter_misc":{"Estimated reading time":"1 minute"},"schema":{"@context":"https:\/\/schema.org","@graph":[{"@type":"WebPage","@id":"https:\/\/www.moulin-cornille.com\/produit\/pate-de-cabri-des-alpilles\/","url":"https:\/\/www.moulin-cornille.com\/produit\/pate-de-cabri-des-alpilles\/","name":"P\u00e2t\u00e9 de cabri des Alpilles - Moulin Cornille","isPartOf":{"@id":"https:\/\/www.moulin-cornille.com\/#website"},"primaryImageOfPage":{"@id":"https:\/\/www.moulin-cornille.com\/produit\/pate-de-cabri-des-alpilles\/#primaryimage"},"image":{"@id":"https:\/\/www.moulin-cornille.com\/produit\/pate-de-cabri-des-alpilles\/#primaryimage"},"thumbnailUrl":"https:\/\/www.moulin-cornille.com\/wp-content\/uploads\/2026\/01\/PATE-DE-CABRI-TOUS.jpg","datePublished":"2026-01-14T09:50:52+00:00","dateModified":"2026-03-06T11:43:04+00:00","breadcrumb":{"@id":"https:\/\/www.moulin-cornille.com\/produit\/pate-de-cabri-des-alpilles\/#breadcrumb"},"inLanguage":"en-GB","potentialAction":[{"@type":"ReadAction","target":["https:\/\/www.moulin-cornille.com\/produit\/pate-de-cabri-des-alpilles\/"]}]},{"@type":"ImageObject","inLanguage":"en-GB","@id":"https:\/\/www.moulin-cornille.com\/produit\/pate-de-cabri-des-alpilles\/#primaryimage","url":"https:\/\/www.moulin-cornille.com\/wp-content\/uploads\/2026\/01\/PATE-DE-CABRI-TOUS.jpg","contentUrl":"https:\/\/www.moulin-cornille.com\/wp-content\/uploads\/2026\/01\/PATE-DE-CABRI-TOUS.jpg","width":800,"height":800},{"@type":"BreadcrumbList","@id":"https:\/\/www.moulin-cornille.com\/produit\/pate-de-cabri-des-alpilles\/#breadcrumb","itemListElement":[{"@type":"ListItem","position":1,"name":"Boutique","item":"https:\/\/www.moulin-cornille.com\/boutique\/"},{"@type":"ListItem","position":2,"name":"P\u00e2t\u00e9 de cabri des Alpilles"}]},{"@type":"WebSite","@id":"https:\/\/www.moulin-cornille.com\/#website","url":"https:\/\/www.moulin-cornille.com\/","name":"Moulin Cornille","description":"Huile AOP de la Vall\u00e9e des Baux de Provence","publisher":{"@id":"https:\/\/www.moulin-cornille.com\/#organization"},"potentialAction":[{"@type":"SearchAction","target":{"@type":"EntryPoint","urlTemplate":"https:\/\/www.moulin-cornille.com\/?s={search_term_string}"},"query-input":"required name=search_term_string"}],"inLanguage":"en-GB"},{"@type":"Organization","@id":"https:\/\/www.moulin-cornille.com\/#organization","name":"Moulin Cornille","url":"https:\/\/www.moulin-cornille.com\/","logo":{"@type":"ImageObject","inLanguage":"en-GB","@id":"https:\/\/www.moulin-cornille.com\/#\/schema\/logo\/image\/","url":"https:\/\/www.moulin-cornille.com\/wp-content\/uploads\/2022\/03\/logo-jm-cornille.png","contentUrl":"https:\/\/www.moulin-cornille.com\/wp-content\/uploads\/2022\/03\/logo-jm-cornille.png","width":400,"height":335,"caption":"Moulin Cornille"},"image":{"@id":"https:\/\/www.moulin-cornille.com\/#\/schema\/logo\/image\/"}}]}},"_links":{"self":[{"href":"https:\/\/www.moulin-cornille.com\/en\/wp-json\/wp\/v2\/product\/13513"}],"collection":[{"href":"https:\/\/www.moulin-cornille.com\/en\/wp-json\/wp\/v2\/product"}],"about":[{"href":"https:\/\/www.moulin-cornille.com\/en\/wp-json\/wp\/v2\/types\/product"}],"wp:featuredmedia":[{"embeddable":true,"href":"https:\/\/www.moulin-cornille.com\/en\/wp-json\/wp\/v2\/media\/13540"}],"wp:attachment":[{"href":"https:\/\/www.moulin-cornille.com\/en\/wp-json\/wp\/v2\/media?parent=13513"}],"wp:term":[{"taxonomy":"product_cat","embeddable":true,"href":"https:\/\/www.moulin-cornille.com\/en\/wp-json\/wp\/v2\/product_cat?post=13513"},{"taxonomy":"product_tag","embeddable":true,"href":"https:\/\/www.moulin-cornille.com\/en\/wp-json\/wp\/v2\/product_tag?post=13513"}],"curies":[{"name":"wp","href":"https:\/\/api.w.org\/{rel}","templated":true}]}}