{"id":13498,"date":"2026-01-14T10:31:06","date_gmt":"2026-01-14T09:31:06","guid":{"rendered":"https:\/\/www.moulin-cornille.com\/?post_type=product&#038;p=13498"},"modified":"2026-03-23T10:10:32","modified_gmt":"2026-03-23T09:10:32","slug":"livre-les-alpilles-vues-du-ciel","status":"publish","type":"product","link":"https:\/\/www.moulin-cornille.com\/en\/product\/livre-les-alpilles-vues-du-ciel\/","title":{"rendered":"Livre Les Alpilles vues du ciel"},"content":{"rendered":"<p>Suite au succ\u00e8s de la premi\u00e8re \u00e9dition, ce nouvel ouvrage invite une nouvelle fois \u00e0 prendre de la hauteur pour (re)d\u00e9couvrir la magie des Alpilles. Gr\u00e2ce \u00e0 une nouvelle collection de photographies a\u00e9riennes in\u00e9dites capt\u00e9es par drone, les lecteurs pourront r\u00eaver devant des paysages toujours plus enchanteurs.<br \/>\nLes amateurs de nature et d\u2019histoire y trouveront de nouvelles images in\u00e9dites pour s\u2019\u00e9vader et contempler, sous un autre regard, ces paysages uniques du Parc naturel r\u00e9gional des Alpilles.<br \/>\n128 Pages<\/p>","protected":false},"excerpt":{"rendered":"<p>Suite au succ\u00e8s de la premi\u00e8re \u00e9dition, ce nouvel ouvrage invite une nouvelle fois \u00e0 prendre de la hauteur pour<\/p>","protected":false},"featured_media":13510,"template":"","meta":[],"product_cat":[16,18],"product_tag":[],"yoast_head":"<!-- This site is optimized with the Yoast SEO plugin v22.3 - https:\/\/yoast.com\/wordpress\/plugins\/seo\/ -->\n<title>Livre Les Alpilles vues du ciel - Moulin Cornille<\/title>\n<meta name=\"robots\" content=\"index, follow, max-snippet:-1, max-image-preview:large, max-video-preview:-1\" \/>\n<link rel=\"canonical\" href=\"https:\/\/www.moulin-cornille.com\/en\/product\/livre-les-alpilles-vues-du-ciel\/\" \/>\n<meta property=\"og:locale\" content=\"en_GB\" \/>\n<meta property=\"og:type\" content=\"article\" \/>\n<meta property=\"og:title\" content=\"Livre Les Alpilles vues du ciel - Moulin Cornille\" \/>\n<meta property=\"og:description\" content=\"Suite au succ\u00e8s de la premi\u00e8re \u00e9dition, ce nouvel ouvrage invite une nouvelle fois \u00e0 prendre de la hauteur pour\" \/>\n<meta property=\"og:url\" content=\"https:\/\/www.moulin-cornille.com\/en\/product\/livre-les-alpilles-vues-du-ciel\/\" \/>\n<meta property=\"og:site_name\" content=\"Moulin Cornille\" \/>\n<meta property=\"article:modified_time\" content=\"2026-03-23T09:10:32+00:00\" \/>\n<meta property=\"og:image\" content=\"https:\/\/www.moulin-cornille.com\/wp-content\/uploads\/2026\/01\/Livre-Les-alpilles-vues-du-ciel-rectojpg.jpg\" \/>\n\t<meta property=\"og:image:width\" content=\"800\" \/>\n\t<meta property=\"og:image:height\" content=\"800\" \/>\n\t<meta property=\"og:image:type\" content=\"image\/jpeg\" \/>\n<meta name=\"twitter:card\" content=\"summary_large_image\" \/>\n<meta name=\"twitter:label1\" content=\"Estimated reading time\" \/>\n\t<meta name=\"twitter:data1\" content=\"1 minute\" \/>\n<script type=\"application\/ld+json\" class=\"yoast-schema-graph\">{\"@context\":\"https:\/\/schema.org\",\"@graph\":[{\"@type\":\"WebPage\",\"@id\":\"https:\/\/www.moulin-cornille.com\/produit\/livre-les-alpilles-vues-du-ciel\/\",\"url\":\"https:\/\/www.moulin-cornille.com\/produit\/livre-les-alpilles-vues-du-ciel\/\",\"name\":\"Livre Les Alpilles vues du ciel - Moulin Cornille\",\"isPartOf\":{\"@id\":\"https:\/\/www.moulin-cornille.com\/#website\"},\"primaryImageOfPage\":{\"@id\":\"https:\/\/www.moulin-cornille.com\/produit\/livre-les-alpilles-vues-du-ciel\/#primaryimage\"},\"image\":{\"@id\":\"https:\/\/www.moulin-cornille.com\/produit\/livre-les-alpilles-vues-du-ciel\/#primaryimage\"},\"thumbnailUrl\":\"https:\/\/www.moulin-cornille.com\/wp-content\/uploads\/2026\/01\/Livre-Les-alpilles-vues-du-ciel-rectojpg.jpg\",\"datePublished\":\"2026-01-14T09:31:06+00:00\",\"dateModified\":\"2026-03-23T09:10:32+00:00\",\"breadcrumb\":{\"@id\":\"https:\/\/www.moulin-cornille.com\/produit\/livre-les-alpilles-vues-du-ciel\/#breadcrumb\"},\"inLanguage\":\"en-GB\",\"potentialAction\":[{\"@type\":\"ReadAction\",\"target\":[\"https:\/\/www.moulin-cornille.com\/produit\/livre-les-alpilles-vues-du-ciel\/\"]}]},{\"@type\":\"ImageObject\",\"inLanguage\":\"en-GB\",\"@id\":\"https:\/\/www.moulin-cornille.com\/produit\/livre-les-alpilles-vues-du-ciel\/#primaryimage\",\"url\":\"https:\/\/www.moulin-cornille.com\/wp-content\/uploads\/2026\/01\/Livre-Les-alpilles-vues-du-ciel-rectojpg.jpg\",\"contentUrl\":\"https:\/\/www.moulin-cornille.com\/wp-content\/uploads\/2026\/01\/Livre-Les-alpilles-vues-du-ciel-rectojpg.jpg\",\"width\":800,\"height\":800},{\"@type\":\"BreadcrumbList\",\"@id\":\"https:\/\/www.moulin-cornille.com\/produit\/livre-les-alpilles-vues-du-ciel\/#breadcrumb\",\"itemListElement\":[{\"@type\":\"ListItem\",\"position\":1,\"name\":\"Boutique\",\"item\":\"https:\/\/www.moulin-cornille.com\/boutique\/\"},{\"@type\":\"ListItem\",\"position\":2,\"name\":\"Livre Les Alpilles vues du ciel\"}]},{\"@type\":\"WebSite\",\"@id\":\"https:\/\/www.moulin-cornille.com\/#website\",\"url\":\"https:\/\/www.moulin-cornille.com\/\",\"name\":\"Moulin Cornille\",\"description\":\"Huile AOP de la Vall\u00e9e des Baux de Provence\",\"publisher\":{\"@id\":\"https:\/\/www.moulin-cornille.com\/#organization\"},\"potentialAction\":[{\"@type\":\"SearchAction\",\"target\":{\"@type\":\"EntryPoint\",\"urlTemplate\":\"https:\/\/www.moulin-cornille.com\/?s={search_term_string}\"},\"query-input\":\"required name=search_term_string\"}],\"inLanguage\":\"en-GB\"},{\"@type\":\"Organization\",\"@id\":\"https:\/\/www.moulin-cornille.com\/#organization\",\"name\":\"Moulin Cornille\",\"url\":\"https:\/\/www.moulin-cornille.com\/\",\"logo\":{\"@type\":\"ImageObject\",\"inLanguage\":\"en-GB\",\"@id\":\"https:\/\/www.moulin-cornille.com\/#\/schema\/logo\/image\/\",\"url\":\"https:\/\/www.moulin-cornille.com\/wp-content\/uploads\/2022\/03\/logo-jm-cornille.png\",\"contentUrl\":\"https:\/\/www.moulin-cornille.com\/wp-content\/uploads\/2022\/03\/logo-jm-cornille.png\",\"width\":400,\"height\":335,\"caption\":\"Moulin Cornille\"},\"image\":{\"@id\":\"https:\/\/www.moulin-cornille.com\/#\/schema\/logo\/image\/\"}}]}<\/script>\n<!-- \/ Yoast SEO plugin. -->","yoast_head_json":{"title":"Livre Les Alpilles vues du ciel - Moulin Cornille","robots":{"index":"index","follow":"follow","max-snippet":"max-snippet:-1","max-image-preview":"max-image-preview:large","max-video-preview":"max-video-preview:-1"},"canonical":"https:\/\/www.moulin-cornille.com\/en\/product\/livre-les-alpilles-vues-du-ciel\/","og_locale":"en_GB","og_type":"article","og_title":"Livre Les Alpilles vues du ciel - Moulin Cornille","og_description":"Suite au succ\u00e8s de la premi\u00e8re \u00e9dition, ce nouvel ouvrage invite une nouvelle fois \u00e0 prendre de la hauteur pour","og_url":"https:\/\/www.moulin-cornille.com\/en\/product\/livre-les-alpilles-vues-du-ciel\/","og_site_name":"Moulin Cornille","article_modified_time":"2026-03-23T09:10:32+00:00","og_image":[{"width":800,"height":800,"url":"https:\/\/www.moulin-cornille.com\/wp-content\/uploads\/2026\/01\/Livre-Les-alpilles-vues-du-ciel-rectojpg.jpg","type":"image\/jpeg"}],"twitter_card":"summary_large_image","twitter_misc":{"Estimated reading time":"1 minute"},"schema":{"@context":"https:\/\/schema.org","@graph":[{"@type":"WebPage","@id":"https:\/\/www.moulin-cornille.com\/produit\/livre-les-alpilles-vues-du-ciel\/","url":"https:\/\/www.moulin-cornille.com\/produit\/livre-les-alpilles-vues-du-ciel\/","name":"Livre Les Alpilles vues du ciel - Moulin Cornille","isPartOf":{"@id":"https:\/\/www.moulin-cornille.com\/#website"},"primaryImageOfPage":{"@id":"https:\/\/www.moulin-cornille.com\/produit\/livre-les-alpilles-vues-du-ciel\/#primaryimage"},"image":{"@id":"https:\/\/www.moulin-cornille.com\/produit\/livre-les-alpilles-vues-du-ciel\/#primaryimage"},"thumbnailUrl":"https:\/\/www.moulin-cornille.com\/wp-content\/uploads\/2026\/01\/Livre-Les-alpilles-vues-du-ciel-rectojpg.jpg","datePublished":"2026-01-14T09:31:06+00:00","dateModified":"2026-03-23T09:10:32+00:00","breadcrumb":{"@id":"https:\/\/www.moulin-cornille.com\/produit\/livre-les-alpilles-vues-du-ciel\/#breadcrumb"},"inLanguage":"en-GB","potentialAction":[{"@type":"ReadAction","target":["https:\/\/www.moulin-cornille.com\/produit\/livre-les-alpilles-vues-du-ciel\/"]}]},{"@type":"ImageObject","inLanguage":"en-GB","@id":"https:\/\/www.moulin-cornille.com\/produit\/livre-les-alpilles-vues-du-ciel\/#primaryimage","url":"https:\/\/www.moulin-cornille.com\/wp-content\/uploads\/2026\/01\/Livre-Les-alpilles-vues-du-ciel-rectojpg.jpg","contentUrl":"https:\/\/www.moulin-cornille.com\/wp-content\/uploads\/2026\/01\/Livre-Les-alpilles-vues-du-ciel-rectojpg.jpg","width":800,"height":800},{"@type":"BreadcrumbList","@id":"https:\/\/www.moulin-cornille.com\/produit\/livre-les-alpilles-vues-du-ciel\/#breadcrumb","itemListElement":[{"@type":"ListItem","position":1,"name":"Boutique","item":"https:\/\/www.moulin-cornille.com\/boutique\/"},{"@type":"ListItem","position":2,"name":"Livre Les Alpilles vues du ciel"}]},{"@type":"WebSite","@id":"https:\/\/www.moulin-cornille.com\/#website","url":"https:\/\/www.moulin-cornille.com\/","name":"Moulin Cornille","description":"Huile AOP de la Vall\u00e9e des Baux de Provence","publisher":{"@id":"https:\/\/www.moulin-cornille.com\/#organization"},"potentialAction":[{"@type":"SearchAction","target":{"@type":"EntryPoint","urlTemplate":"https:\/\/www.moulin-cornille.com\/?s={search_term_string}"},"query-input":"required name=search_term_string"}],"inLanguage":"en-GB"},{"@type":"Organization","@id":"https:\/\/www.moulin-cornille.com\/#organization","name":"Moulin Cornille","url":"https:\/\/www.moulin-cornille.com\/","logo":{"@type":"ImageObject","inLanguage":"en-GB","@id":"https:\/\/www.moulin-cornille.com\/#\/schema\/logo\/image\/","url":"https:\/\/www.moulin-cornille.com\/wp-content\/uploads\/2022\/03\/logo-jm-cornille.png","contentUrl":"https:\/\/www.moulin-cornille.com\/wp-content\/uploads\/2022\/03\/logo-jm-cornille.png","width":400,"height":335,"caption":"Moulin Cornille"},"image":{"@id":"https:\/\/www.moulin-cornille.com\/#\/schema\/logo\/image\/"}}]}},"_links":{"self":[{"href":"https:\/\/www.moulin-cornille.com\/en\/wp-json\/wp\/v2\/product\/13498"}],"collection":[{"href":"https:\/\/www.moulin-cornille.com\/en\/wp-json\/wp\/v2\/product"}],"about":[{"href":"https:\/\/www.moulin-cornille.com\/en\/wp-json\/wp\/v2\/types\/product"}],"wp:featuredmedia":[{"embeddable":true,"href":"https:\/\/www.moulin-cornille.com\/en\/wp-json\/wp\/v2\/media\/13510"}],"wp:attachment":[{"href":"https:\/\/www.moulin-cornille.com\/en\/wp-json\/wp\/v2\/media?parent=13498"}],"wp:term":[{"taxonomy":"product_cat","embeddable":true,"href":"https:\/\/www.moulin-cornille.com\/en\/wp-json\/wp\/v2\/product_cat?post=13498"},{"taxonomy":"product_tag","embeddable":true,"href":"https:\/\/www.moulin-cornille.com\/en\/wp-json\/wp\/v2\/product_tag?post=13498"}],"curies":[{"name":"wp","href":"https:\/\/api.w.org\/{rel}","templated":true}]}}