{"id":13486,"date":"2026-01-13T15:49:02","date_gmt":"2026-01-13T14:49:02","guid":{"rendered":"https:\/\/www.moulin-cornille.com\/?post_type=product&#038;p=13486"},"modified":"2026-01-14T14:28:47","modified_gmt":"2026-01-14T13:28:47","slug":"ouvrage-loleiculture-en-terre-des-baux-xve-xxie-siecle","status":"publish","type":"product","link":"https:\/\/www.moulin-cornille.com\/en\/product\/ouvrage-loleiculture-en-terre-des-baux-xve-xxie-siecle\/","title":{"rendered":"Ouvrage L&rsquo;ol\u00e9iculture en terre des Baux XV\u00e8 &#8211; XXI\u00e8 si\u00e8cle"},"content":{"rendered":"<p>Des oliviers et des hommes<br \/>\nCet ouvrage est consacr\u00e9 aux quatre communes (Maussane, Mouri\u00e8s, le Paradou et les Baux) qui constituent la Terre des Baux, r\u00e9gion situ\u00e9e sur le versant sud de la cha\u00eene des Alpilles et profond\u00e9ment marqu\u00e9e, dans ses paysages, dans son \u00e9conomie et dans sa culture, par la pr\u00e9sence de l\u2019olivier. Depuis l\u2019or\u00e9e du XVe\u202fsi\u00e8cle (1416) jusqu\u2019au d\u00e9but des ann\u00e9es 2020, ce livre propose de traiter de cet arbre sous tous ses aspects\u2009: sa culture, son commerce, la construction des moulins et la fabrication de l\u2019huile artisanale, l\u2019olive de bouche et la fabrication des huiles industrielles. Gr\u00e2ce \u00e0 une impressionnante masse de documents d\u2019archives mobilis\u00e9e, il d\u00e9crit avec une grande pr\u00e9cision le monde ol\u00e9icole alpillois, ses sites et ses acteurs. Souvent in\u00e9dite, sa riche iconographie fait appel \u00e0 des sources peu exploit\u00e9es, ici soigneusement comment\u00e9es et replac\u00e9es dans leur contexte. L\u2019ouvrage comprend \u00e9galement un index des \u00e9tablissements ol\u00e9icoles et des confiseurs, des noms de personnes et de lieux. Enfin, un glossaire des termes sp\u00e9cifiques \u00e0 la culture de l\u2019olivier compl\u00e8te l\u2019ensemble. Au total, 50 sites de moulins sont \u00e9tudi\u00e9s dans cette longue histoire qui a vu, \u00e0 l\u2019apog\u00e9e de cette activit\u00e9, 34 \u00e9tablissements travailler de concert. C\u2019est dire combien la Terre des Baux, au c\u0153ur de la Provence, m\u00e9rite qu\u2019on approfondisse sa tradition ol\u00e9icole. L\u2019olivier a surmont\u00e9 bien des vicissitudes du pass\u00e9 et envisage l\u2019avenir avec s\u00e9r\u00e9nit\u00e9.<br \/>\n432 pages<br \/>\n170mm x 240mm<\/p>","protected":false},"excerpt":{"rendered":"<p>Des oliviers et des hommes Cet ouvrage est consacr\u00e9 aux quatre communes (Maussane, Mouri\u00e8s, le Paradou et les Baux) qui<\/p>","protected":false},"featured_media":13487,"template":"","meta":[],"product_cat":[16,18],"product_tag":[],"yoast_head":"<!-- This site is optimized with the Yoast SEO plugin v22.3 - https:\/\/yoast.com\/wordpress\/plugins\/seo\/ -->\n<title>Ouvrage L&#039;ol\u00e9iculture en terre des Baux XV\u00e8 - XXI\u00e8 si\u00e8cle - Moulin Cornille<\/title>\n<meta name=\"robots\" content=\"index, follow, max-snippet:-1, max-image-preview:large, max-video-preview:-1\" \/>\n<link rel=\"canonical\" href=\"https:\/\/www.moulin-cornille.com\/en\/product\/ouvrage-loleiculture-en-terre-des-baux-xve-xxie-siecle\/\" \/>\n<meta property=\"og:locale\" content=\"en_GB\" \/>\n<meta property=\"og:type\" content=\"article\" \/>\n<meta property=\"og:title\" content=\"Ouvrage L&#039;ol\u00e9iculture en terre des Baux XV\u00e8 - XXI\u00e8 si\u00e8cle - Moulin Cornille\" \/>\n<meta property=\"og:description\" content=\"Des oliviers et des hommes Cet ouvrage est consacr\u00e9 aux quatre communes (Maussane, Mouri\u00e8s, le Paradou et les Baux) qui\" \/>\n<meta property=\"og:url\" content=\"https:\/\/www.moulin-cornille.com\/en\/product\/ouvrage-loleiculture-en-terre-des-baux-xve-xxie-siecle\/\" \/>\n<meta property=\"og:site_name\" content=\"Moulin Cornille\" \/>\n<meta property=\"article:modified_time\" content=\"2026-01-14T13:28:47+00:00\" \/>\n<meta property=\"og:image\" content=\"https:\/\/www.moulin-cornille.com\/wp-content\/uploads\/2026\/01\/Livre-loleiculture-en-terre-des-baux.jpg\" \/>\n\t<meta property=\"og:image:width\" content=\"800\" \/>\n\t<meta property=\"og:image:height\" content=\"800\" \/>\n\t<meta property=\"og:image:type\" content=\"image\/jpeg\" \/>\n<meta name=\"twitter:card\" content=\"summary_large_image\" \/>\n<meta name=\"twitter:label1\" content=\"Estimated reading time\" \/>\n\t<meta name=\"twitter:data1\" content=\"2 minutes\" \/>\n<script type=\"application\/ld+json\" class=\"yoast-schema-graph\">{\"@context\":\"https:\/\/schema.org\",\"@graph\":[{\"@type\":\"WebPage\",\"@id\":\"https:\/\/www.moulin-cornille.com\/produit\/ouvrage-loleiculture-en-terre-des-baux-xve-xxie-siecle\/\",\"url\":\"https:\/\/www.moulin-cornille.com\/produit\/ouvrage-loleiculture-en-terre-des-baux-xve-xxie-siecle\/\",\"name\":\"Ouvrage L'ol\u00e9iculture en terre des Baux XV\u00e8 - XXI\u00e8 si\u00e8cle - Moulin Cornille\",\"isPartOf\":{\"@id\":\"https:\/\/www.moulin-cornille.com\/#website\"},\"primaryImageOfPage\":{\"@id\":\"https:\/\/www.moulin-cornille.com\/produit\/ouvrage-loleiculture-en-terre-des-baux-xve-xxie-siecle\/#primaryimage\"},\"image\":{\"@id\":\"https:\/\/www.moulin-cornille.com\/produit\/ouvrage-loleiculture-en-terre-des-baux-xve-xxie-siecle\/#primaryimage\"},\"thumbnailUrl\":\"https:\/\/www.moulin-cornille.com\/wp-content\/uploads\/2026\/01\/Livre-loleiculture-en-terre-des-baux.jpg\",\"datePublished\":\"2026-01-13T14:49:02+00:00\",\"dateModified\":\"2026-01-14T13:28:47+00:00\",\"breadcrumb\":{\"@id\":\"https:\/\/www.moulin-cornille.com\/produit\/ouvrage-loleiculture-en-terre-des-baux-xve-xxie-siecle\/#breadcrumb\"},\"inLanguage\":\"en-GB\",\"potentialAction\":[{\"@type\":\"ReadAction\",\"target\":[\"https:\/\/www.moulin-cornille.com\/produit\/ouvrage-loleiculture-en-terre-des-baux-xve-xxie-siecle\/\"]}]},{\"@type\":\"ImageObject\",\"inLanguage\":\"en-GB\",\"@id\":\"https:\/\/www.moulin-cornille.com\/produit\/ouvrage-loleiculture-en-terre-des-baux-xve-xxie-siecle\/#primaryimage\",\"url\":\"https:\/\/www.moulin-cornille.com\/wp-content\/uploads\/2026\/01\/Livre-loleiculture-en-terre-des-baux.jpg\",\"contentUrl\":\"https:\/\/www.moulin-cornille.com\/wp-content\/uploads\/2026\/01\/Livre-loleiculture-en-terre-des-baux.jpg\",\"width\":800,\"height\":800},{\"@type\":\"BreadcrumbList\",\"@id\":\"https:\/\/www.moulin-cornille.com\/produit\/ouvrage-loleiculture-en-terre-des-baux-xve-xxie-siecle\/#breadcrumb\",\"itemListElement\":[{\"@type\":\"ListItem\",\"position\":1,\"name\":\"Boutique\",\"item\":\"https:\/\/www.moulin-cornille.com\/boutique\/\"},{\"@type\":\"ListItem\",\"position\":2,\"name\":\"Ouvrage L&#8217;ol\u00e9iculture en terre des Baux XV\u00e8 &#8211; XXI\u00e8 si\u00e8cle\"}]},{\"@type\":\"WebSite\",\"@id\":\"https:\/\/www.moulin-cornille.com\/#website\",\"url\":\"https:\/\/www.moulin-cornille.com\/\",\"name\":\"Moulin Cornille\",\"description\":\"Huile AOP de la Vall\u00e9e des Baux de Provence\",\"publisher\":{\"@id\":\"https:\/\/www.moulin-cornille.com\/#organization\"},\"potentialAction\":[{\"@type\":\"SearchAction\",\"target\":{\"@type\":\"EntryPoint\",\"urlTemplate\":\"https:\/\/www.moulin-cornille.com\/?s={search_term_string}\"},\"query-input\":\"required name=search_term_string\"}],\"inLanguage\":\"en-GB\"},{\"@type\":\"Organization\",\"@id\":\"https:\/\/www.moulin-cornille.com\/#organization\",\"name\":\"Moulin Cornille\",\"url\":\"https:\/\/www.moulin-cornille.com\/\",\"logo\":{\"@type\":\"ImageObject\",\"inLanguage\":\"en-GB\",\"@id\":\"https:\/\/www.moulin-cornille.com\/#\/schema\/logo\/image\/\",\"url\":\"https:\/\/www.moulin-cornille.com\/wp-content\/uploads\/2022\/03\/logo-jm-cornille.png\",\"contentUrl\":\"https:\/\/www.moulin-cornille.com\/wp-content\/uploads\/2022\/03\/logo-jm-cornille.png\",\"width\":400,\"height\":335,\"caption\":\"Moulin Cornille\"},\"image\":{\"@id\":\"https:\/\/www.moulin-cornille.com\/#\/schema\/logo\/image\/\"}}]}<\/script>\n<!-- \/ Yoast SEO plugin. -->","yoast_head_json":{"title":"Ouvrage L'ol\u00e9iculture en terre des Baux XV\u00e8 - XXI\u00e8 si\u00e8cle - Moulin Cornille","robots":{"index":"index","follow":"follow","max-snippet":"max-snippet:-1","max-image-preview":"max-image-preview:large","max-video-preview":"max-video-preview:-1"},"canonical":"https:\/\/www.moulin-cornille.com\/en\/product\/ouvrage-loleiculture-en-terre-des-baux-xve-xxie-siecle\/","og_locale":"en_GB","og_type":"article","og_title":"Ouvrage L'ol\u00e9iculture en terre des Baux XV\u00e8 - XXI\u00e8 si\u00e8cle - Moulin Cornille","og_description":"Des oliviers et des hommes Cet ouvrage est consacr\u00e9 aux quatre communes (Maussane, Mouri\u00e8s, le Paradou et les Baux) qui","og_url":"https:\/\/www.moulin-cornille.com\/en\/product\/ouvrage-loleiculture-en-terre-des-baux-xve-xxie-siecle\/","og_site_name":"Moulin Cornille","article_modified_time":"2026-01-14T13:28:47+00:00","og_image":[{"width":800,"height":800,"url":"https:\/\/www.moulin-cornille.com\/wp-content\/uploads\/2026\/01\/Livre-loleiculture-en-terre-des-baux.jpg","type":"image\/jpeg"}],"twitter_card":"summary_large_image","twitter_misc":{"Estimated reading time":"2 minutes"},"schema":{"@context":"https:\/\/schema.org","@graph":[{"@type":"WebPage","@id":"https:\/\/www.moulin-cornille.com\/produit\/ouvrage-loleiculture-en-terre-des-baux-xve-xxie-siecle\/","url":"https:\/\/www.moulin-cornille.com\/produit\/ouvrage-loleiculture-en-terre-des-baux-xve-xxie-siecle\/","name":"Ouvrage L'ol\u00e9iculture en terre des Baux XV\u00e8 - XXI\u00e8 si\u00e8cle - Moulin Cornille","isPartOf":{"@id":"https:\/\/www.moulin-cornille.com\/#website"},"primaryImageOfPage":{"@id":"https:\/\/www.moulin-cornille.com\/produit\/ouvrage-loleiculture-en-terre-des-baux-xve-xxie-siecle\/#primaryimage"},"image":{"@id":"https:\/\/www.moulin-cornille.com\/produit\/ouvrage-loleiculture-en-terre-des-baux-xve-xxie-siecle\/#primaryimage"},"thumbnailUrl":"https:\/\/www.moulin-cornille.com\/wp-content\/uploads\/2026\/01\/Livre-loleiculture-en-terre-des-baux.jpg","datePublished":"2026-01-13T14:49:02+00:00","dateModified":"2026-01-14T13:28:47+00:00","breadcrumb":{"@id":"https:\/\/www.moulin-cornille.com\/produit\/ouvrage-loleiculture-en-terre-des-baux-xve-xxie-siecle\/#breadcrumb"},"inLanguage":"en-GB","potentialAction":[{"@type":"ReadAction","target":["https:\/\/www.moulin-cornille.com\/produit\/ouvrage-loleiculture-en-terre-des-baux-xve-xxie-siecle\/"]}]},{"@type":"ImageObject","inLanguage":"en-GB","@id":"https:\/\/www.moulin-cornille.com\/produit\/ouvrage-loleiculture-en-terre-des-baux-xve-xxie-siecle\/#primaryimage","url":"https:\/\/www.moulin-cornille.com\/wp-content\/uploads\/2026\/01\/Livre-loleiculture-en-terre-des-baux.jpg","contentUrl":"https:\/\/www.moulin-cornille.com\/wp-content\/uploads\/2026\/01\/Livre-loleiculture-en-terre-des-baux.jpg","width":800,"height":800},{"@type":"BreadcrumbList","@id":"https:\/\/www.moulin-cornille.com\/produit\/ouvrage-loleiculture-en-terre-des-baux-xve-xxie-siecle\/#breadcrumb","itemListElement":[{"@type":"ListItem","position":1,"name":"Boutique","item":"https:\/\/www.moulin-cornille.com\/boutique\/"},{"@type":"ListItem","position":2,"name":"Ouvrage L&#8217;ol\u00e9iculture en terre des Baux XV\u00e8 &#8211; XXI\u00e8 si\u00e8cle"}]},{"@type":"WebSite","@id":"https:\/\/www.moulin-cornille.com\/#website","url":"https:\/\/www.moulin-cornille.com\/","name":"Moulin Cornille","description":"Huile AOP de la Vall\u00e9e des Baux de Provence","publisher":{"@id":"https:\/\/www.moulin-cornille.com\/#organization"},"potentialAction":[{"@type":"SearchAction","target":{"@type":"EntryPoint","urlTemplate":"https:\/\/www.moulin-cornille.com\/?s={search_term_string}"},"query-input":"required name=search_term_string"}],"inLanguage":"en-GB"},{"@type":"Organization","@id":"https:\/\/www.moulin-cornille.com\/#organization","name":"Moulin Cornille","url":"https:\/\/www.moulin-cornille.com\/","logo":{"@type":"ImageObject","inLanguage":"en-GB","@id":"https:\/\/www.moulin-cornille.com\/#\/schema\/logo\/image\/","url":"https:\/\/www.moulin-cornille.com\/wp-content\/uploads\/2022\/03\/logo-jm-cornille.png","contentUrl":"https:\/\/www.moulin-cornille.com\/wp-content\/uploads\/2022\/03\/logo-jm-cornille.png","width":400,"height":335,"caption":"Moulin Cornille"},"image":{"@id":"https:\/\/www.moulin-cornille.com\/#\/schema\/logo\/image\/"}}]}},"_links":{"self":[{"href":"https:\/\/www.moulin-cornille.com\/en\/wp-json\/wp\/v2\/product\/13486"}],"collection":[{"href":"https:\/\/www.moulin-cornille.com\/en\/wp-json\/wp\/v2\/product"}],"about":[{"href":"https:\/\/www.moulin-cornille.com\/en\/wp-json\/wp\/v2\/types\/product"}],"wp:featuredmedia":[{"embeddable":true,"href":"https:\/\/www.moulin-cornille.com\/en\/wp-json\/wp\/v2\/media\/13487"}],"wp:attachment":[{"href":"https:\/\/www.moulin-cornille.com\/en\/wp-json\/wp\/v2\/media?parent=13486"}],"wp:term":[{"taxonomy":"product_cat","embeddable":true,"href":"https:\/\/www.moulin-cornille.com\/en\/wp-json\/wp\/v2\/product_cat?post=13486"},{"taxonomy":"product_tag","embeddable":true,"href":"https:\/\/www.moulin-cornille.com\/en\/wp-json\/wp\/v2\/product_tag?post=13486"}],"curies":[{"name":"wp","href":"https:\/\/api.w.org\/{rel}","templated":true}]}}