{"id":13460,"date":"2026-01-12T13:44:10","date_gmt":"2026-01-12T12:44:10","guid":{"rendered":"https:\/\/www.moulin-cornille.com\/?post_type=product&#038;p=13460"},"modified":"2026-03-26T14:33:41","modified_gmt":"2026-03-26T13:33:41","slug":"flacon-vintage-0-50l-dans-son-etui-carton-huile-aop-olives-maturees","status":"publish","type":"product","link":"https:\/\/www.moulin-cornille.com\/en\/product\/flacon-vintage-0-50l-dans-son-etui-carton-huile-aop-olives-maturees\/","title":{"rendered":"Flacon vintage 0.50L dans son \u00e9tui carton Huile AOP Olives matur\u00e9es"},"content":{"rendered":"<p>Notre huile d\u2019olive AOP Vall\u00e9e des Baux de Provence matur\u00e9e se d\u00e9voile dans un \u00e9l\u00e9gant flacon vintage de 50cl, sublim\u00e9 par son \u00e9tui cartonn\u00e9 Edition Centenaire de notre coop\u00e9rative.<br \/>\nUn pur jus d&rsquo;olives, une huile d&rsquo;olives matur\u00e9es, unique, produite dans notre Moulin selon une m\u00e9thode traditionnelle.<\/p>\n<p>TERROIR : A.O.P. Vall\u00e9e des Baux-de-Provence.<\/p>\n<p>VARIETES D\u2019OLIVES : Salonenque, B\u00e9ruguette (Aglandau), Grossane et Verdale des Bouches du-Rh\u00f4ne, Picholine.<\/p>\n<p>ELABORATION : Huile d\u2019olive historique du moulin. Douce, au go\u00fbt traditionnel. Maturation des olives en greniers (savoir-faire ancestral) pendant 4 \u00e0 10 jours afin de d\u00e9velopper les ar\u00f4mes.<\/p>\n<p>DEGUSTATION : Aromes d\u2019olives noires, pain au levain, cacao\u2026 Go\u00fbt unique, douceur, longueur en bouche.<\/p>\n<p>CONSEIL D\u2019ACCOMPAGNEMENT : Plats m\u00e9diterran\u00e9ens, fromages de ch\u00e8vre, salade verte, tomates, plats chauds\u2026<\/p>\n<p>Valeurs nutritionnelles moyennes pour 100ml : Energie 3768Kj\/900kcal ; Graisses 99,8g dont acides gras satur\u00e9s 15,1g, acides gras mono-insatur\u00e9s 77,2g, acides gras polysatur\u00e9s 6,95g ; Glucides 0g dont sucres 0g, Prot\u00e9ines 0g ; Sel 0g ; Vitamine E 25mg<\/p>","protected":false},"excerpt":{"rendered":"<p>Notre huile d\u2019olive AOP Vall\u00e9e des Baux de Provence matur\u00e9e se d\u00e9voile dans un \u00e9l\u00e9gant flacon vintage de 50cl, sublim\u00e9<\/p>","protected":false},"featured_media":13466,"template":"","meta":[],"product_cat":[143,25,30],"product_tag":[],"yoast_head":"<!-- This site is optimized with the Yoast SEO plugin v22.3 - https:\/\/yoast.com\/wordpress\/plugins\/seo\/ -->\n<title>Flacon vintage 0.50L dans son \u00e9tui carton Huile AOP Olives matur\u00e9es - Moulin Cornille<\/title>\n<meta name=\"robots\" content=\"index, follow, max-snippet:-1, max-image-preview:large, max-video-preview:-1\" \/>\n<link rel=\"canonical\" href=\"https:\/\/www.moulin-cornille.com\/en\/product\/flacon-vintage-0-50l-dans-son-etui-carton-huile-aop-olives-maturees\/\" \/>\n<meta property=\"og:locale\" content=\"en_GB\" \/>\n<meta property=\"og:type\" content=\"article\" \/>\n<meta property=\"og:title\" content=\"Flacon vintage 0.50L dans son \u00e9tui carton Huile AOP Olives matur\u00e9es - Moulin Cornille\" \/>\n<meta property=\"og:description\" content=\"Notre huile d\u2019olive AOP Vall\u00e9e des Baux de Provence matur\u00e9e se d\u00e9voile dans un \u00e9l\u00e9gant flacon vintage de 50cl, sublim\u00e9\" \/>\n<meta property=\"og:url\" content=\"https:\/\/www.moulin-cornille.com\/en\/product\/flacon-vintage-0-50l-dans-son-etui-carton-huile-aop-olives-maturees\/\" \/>\n<meta property=\"og:site_name\" content=\"Moulin Cornille\" \/>\n<meta property=\"article:modified_time\" content=\"2026-03-26T13:33:41+00:00\" \/>\n<meta property=\"og:image\" content=\"https:\/\/www.moulin-cornille.com\/wp-content\/uploads\/2026\/01\/centenaire-etui-carton-en-situ2-1.jpg\" \/>\n\t<meta property=\"og:image:width\" content=\"800\" \/>\n\t<meta property=\"og:image:height\" content=\"800\" \/>\n\t<meta property=\"og:image:type\" content=\"image\/jpeg\" \/>\n<meta name=\"twitter:card\" content=\"summary_large_image\" \/>\n<meta name=\"twitter:label1\" content=\"Estimated reading time\" \/>\n\t<meta name=\"twitter:data1\" content=\"1 minute\" \/>\n<script type=\"application\/ld+json\" class=\"yoast-schema-graph\">{\"@context\":\"https:\/\/schema.org\",\"@graph\":[{\"@type\":\"WebPage\",\"@id\":\"https:\/\/www.moulin-cornille.com\/produit\/flacon-vintage-0-50l-dans-son-etui-carton-huile-aop-olives-maturees\/\",\"url\":\"https:\/\/www.moulin-cornille.com\/produit\/flacon-vintage-0-50l-dans-son-etui-carton-huile-aop-olives-maturees\/\",\"name\":\"Flacon vintage 0.50L dans son \u00e9tui carton Huile AOP Olives matur\u00e9es - Moulin Cornille\",\"isPartOf\":{\"@id\":\"https:\/\/www.moulin-cornille.com\/#website\"},\"primaryImageOfPage\":{\"@id\":\"https:\/\/www.moulin-cornille.com\/produit\/flacon-vintage-0-50l-dans-son-etui-carton-huile-aop-olives-maturees\/#primaryimage\"},\"image\":{\"@id\":\"https:\/\/www.moulin-cornille.com\/produit\/flacon-vintage-0-50l-dans-son-etui-carton-huile-aop-olives-maturees\/#primaryimage\"},\"thumbnailUrl\":\"https:\/\/www.moulin-cornille.com\/wp-content\/uploads\/2026\/01\/centenaire-etui-carton-en-situ2-1.jpg\",\"datePublished\":\"2026-01-12T12:44:10+00:00\",\"dateModified\":\"2026-03-26T13:33:41+00:00\",\"breadcrumb\":{\"@id\":\"https:\/\/www.moulin-cornille.com\/produit\/flacon-vintage-0-50l-dans-son-etui-carton-huile-aop-olives-maturees\/#breadcrumb\"},\"inLanguage\":\"en-GB\",\"potentialAction\":[{\"@type\":\"ReadAction\",\"target\":[\"https:\/\/www.moulin-cornille.com\/produit\/flacon-vintage-0-50l-dans-son-etui-carton-huile-aop-olives-maturees\/\"]}]},{\"@type\":\"ImageObject\",\"inLanguage\":\"en-GB\",\"@id\":\"https:\/\/www.moulin-cornille.com\/produit\/flacon-vintage-0-50l-dans-son-etui-carton-huile-aop-olives-maturees\/#primaryimage\",\"url\":\"https:\/\/www.moulin-cornille.com\/wp-content\/uploads\/2026\/01\/centenaire-etui-carton-en-situ2-1.jpg\",\"contentUrl\":\"https:\/\/www.moulin-cornille.com\/wp-content\/uploads\/2026\/01\/centenaire-etui-carton-en-situ2-1.jpg\",\"width\":800,\"height\":800},{\"@type\":\"BreadcrumbList\",\"@id\":\"https:\/\/www.moulin-cornille.com\/produit\/flacon-vintage-0-50l-dans-son-etui-carton-huile-aop-olives-maturees\/#breadcrumb\",\"itemListElement\":[{\"@type\":\"ListItem\",\"position\":1,\"name\":\"Boutique\",\"item\":\"https:\/\/www.moulin-cornille.com\/boutique\/\"},{\"@type\":\"ListItem\",\"position\":2,\"name\":\"Flacon vintage 0.50L dans son \u00e9tui carton Huile AOP Olives matur\u00e9es\"}]},{\"@type\":\"WebSite\",\"@id\":\"https:\/\/www.moulin-cornille.com\/#website\",\"url\":\"https:\/\/www.moulin-cornille.com\/\",\"name\":\"Moulin Cornille\",\"description\":\"Huile AOP de la Vall\u00e9e des Baux de Provence\",\"publisher\":{\"@id\":\"https:\/\/www.moulin-cornille.com\/#organization\"},\"potentialAction\":[{\"@type\":\"SearchAction\",\"target\":{\"@type\":\"EntryPoint\",\"urlTemplate\":\"https:\/\/www.moulin-cornille.com\/?s={search_term_string}\"},\"query-input\":\"required name=search_term_string\"}],\"inLanguage\":\"en-GB\"},{\"@type\":\"Organization\",\"@id\":\"https:\/\/www.moulin-cornille.com\/#organization\",\"name\":\"Moulin Cornille\",\"url\":\"https:\/\/www.moulin-cornille.com\/\",\"logo\":{\"@type\":\"ImageObject\",\"inLanguage\":\"en-GB\",\"@id\":\"https:\/\/www.moulin-cornille.com\/#\/schema\/logo\/image\/\",\"url\":\"https:\/\/www.moulin-cornille.com\/wp-content\/uploads\/2022\/03\/logo-jm-cornille.png\",\"contentUrl\":\"https:\/\/www.moulin-cornille.com\/wp-content\/uploads\/2022\/03\/logo-jm-cornille.png\",\"width\":400,\"height\":335,\"caption\":\"Moulin Cornille\"},\"image\":{\"@id\":\"https:\/\/www.moulin-cornille.com\/#\/schema\/logo\/image\/\"}}]}<\/script>\n<!-- \/ Yoast SEO plugin. -->","yoast_head_json":{"title":"Flacon vintage 0.50L dans son \u00e9tui carton Huile AOP Olives matur\u00e9es - Moulin Cornille","robots":{"index":"index","follow":"follow","max-snippet":"max-snippet:-1","max-image-preview":"max-image-preview:large","max-video-preview":"max-video-preview:-1"},"canonical":"https:\/\/www.moulin-cornille.com\/en\/product\/flacon-vintage-0-50l-dans-son-etui-carton-huile-aop-olives-maturees\/","og_locale":"en_GB","og_type":"article","og_title":"Flacon vintage 0.50L dans son \u00e9tui carton Huile AOP Olives matur\u00e9es - Moulin Cornille","og_description":"Notre huile d\u2019olive AOP Vall\u00e9e des Baux de Provence matur\u00e9e se d\u00e9voile dans un \u00e9l\u00e9gant flacon vintage de 50cl, sublim\u00e9","og_url":"https:\/\/www.moulin-cornille.com\/en\/product\/flacon-vintage-0-50l-dans-son-etui-carton-huile-aop-olives-maturees\/","og_site_name":"Moulin Cornille","article_modified_time":"2026-03-26T13:33:41+00:00","og_image":[{"width":800,"height":800,"url":"https:\/\/www.moulin-cornille.com\/wp-content\/uploads\/2026\/01\/centenaire-etui-carton-en-situ2-1.jpg","type":"image\/jpeg"}],"twitter_card":"summary_large_image","twitter_misc":{"Estimated reading time":"1 minute"},"schema":{"@context":"https:\/\/schema.org","@graph":[{"@type":"WebPage","@id":"https:\/\/www.moulin-cornille.com\/produit\/flacon-vintage-0-50l-dans-son-etui-carton-huile-aop-olives-maturees\/","url":"https:\/\/www.moulin-cornille.com\/produit\/flacon-vintage-0-50l-dans-son-etui-carton-huile-aop-olives-maturees\/","name":"Flacon vintage 0.50L dans son \u00e9tui carton Huile AOP Olives matur\u00e9es - Moulin Cornille","isPartOf":{"@id":"https:\/\/www.moulin-cornille.com\/#website"},"primaryImageOfPage":{"@id":"https:\/\/www.moulin-cornille.com\/produit\/flacon-vintage-0-50l-dans-son-etui-carton-huile-aop-olives-maturees\/#primaryimage"},"image":{"@id":"https:\/\/www.moulin-cornille.com\/produit\/flacon-vintage-0-50l-dans-son-etui-carton-huile-aop-olives-maturees\/#primaryimage"},"thumbnailUrl":"https:\/\/www.moulin-cornille.com\/wp-content\/uploads\/2026\/01\/centenaire-etui-carton-en-situ2-1.jpg","datePublished":"2026-01-12T12:44:10+00:00","dateModified":"2026-03-26T13:33:41+00:00","breadcrumb":{"@id":"https:\/\/www.moulin-cornille.com\/produit\/flacon-vintage-0-50l-dans-son-etui-carton-huile-aop-olives-maturees\/#breadcrumb"},"inLanguage":"en-GB","potentialAction":[{"@type":"ReadAction","target":["https:\/\/www.moulin-cornille.com\/produit\/flacon-vintage-0-50l-dans-son-etui-carton-huile-aop-olives-maturees\/"]}]},{"@type":"ImageObject","inLanguage":"en-GB","@id":"https:\/\/www.moulin-cornille.com\/produit\/flacon-vintage-0-50l-dans-son-etui-carton-huile-aop-olives-maturees\/#primaryimage","url":"https:\/\/www.moulin-cornille.com\/wp-content\/uploads\/2026\/01\/centenaire-etui-carton-en-situ2-1.jpg","contentUrl":"https:\/\/www.moulin-cornille.com\/wp-content\/uploads\/2026\/01\/centenaire-etui-carton-en-situ2-1.jpg","width":800,"height":800},{"@type":"BreadcrumbList","@id":"https:\/\/www.moulin-cornille.com\/produit\/flacon-vintage-0-50l-dans-son-etui-carton-huile-aop-olives-maturees\/#breadcrumb","itemListElement":[{"@type":"ListItem","position":1,"name":"Boutique","item":"https:\/\/www.moulin-cornille.com\/boutique\/"},{"@type":"ListItem","position":2,"name":"Flacon vintage 0.50L dans son \u00e9tui carton Huile AOP Olives matur\u00e9es"}]},{"@type":"WebSite","@id":"https:\/\/www.moulin-cornille.com\/#website","url":"https:\/\/www.moulin-cornille.com\/","name":"Moulin Cornille","description":"Huile AOP de la Vall\u00e9e des Baux de Provence","publisher":{"@id":"https:\/\/www.moulin-cornille.com\/#organization"},"potentialAction":[{"@type":"SearchAction","target":{"@type":"EntryPoint","urlTemplate":"https:\/\/www.moulin-cornille.com\/?s={search_term_string}"},"query-input":"required name=search_term_string"}],"inLanguage":"en-GB"},{"@type":"Organization","@id":"https:\/\/www.moulin-cornille.com\/#organization","name":"Moulin Cornille","url":"https:\/\/www.moulin-cornille.com\/","logo":{"@type":"ImageObject","inLanguage":"en-GB","@id":"https:\/\/www.moulin-cornille.com\/#\/schema\/logo\/image\/","url":"https:\/\/www.moulin-cornille.com\/wp-content\/uploads\/2022\/03\/logo-jm-cornille.png","contentUrl":"https:\/\/www.moulin-cornille.com\/wp-content\/uploads\/2022\/03\/logo-jm-cornille.png","width":400,"height":335,"caption":"Moulin Cornille"},"image":{"@id":"https:\/\/www.moulin-cornille.com\/#\/schema\/logo\/image\/"}}]}},"_links":{"self":[{"href":"https:\/\/www.moulin-cornille.com\/en\/wp-json\/wp\/v2\/product\/13460"}],"collection":[{"href":"https:\/\/www.moulin-cornille.com\/en\/wp-json\/wp\/v2\/product"}],"about":[{"href":"https:\/\/www.moulin-cornille.com\/en\/wp-json\/wp\/v2\/types\/product"}],"wp:featuredmedia":[{"embeddable":true,"href":"https:\/\/www.moulin-cornille.com\/en\/wp-json\/wp\/v2\/media\/13466"}],"wp:attachment":[{"href":"https:\/\/www.moulin-cornille.com\/en\/wp-json\/wp\/v2\/media?parent=13460"}],"wp:term":[{"taxonomy":"product_cat","embeddable":true,"href":"https:\/\/www.moulin-cornille.com\/en\/wp-json\/wp\/v2\/product_cat?post=13460"},{"taxonomy":"product_tag","embeddable":true,"href":"https:\/\/www.moulin-cornille.com\/en\/wp-json\/wp\/v2\/product_tag?post=13460"}],"curies":[{"name":"wp","href":"https:\/\/api.w.org\/{rel}","templated":true}]}}