{"id":1220,"date":"2022-10-18T15:16:01","date_gmt":"2022-10-18T13:16:01","guid":{"rendered":"https:\/\/www.moulin-cornille.com\/?post_type=product&#038;p=1220"},"modified":"2026-03-06T10:03:24","modified_gmt":"2026-03-06T09:03:24","slug":"coffret-huiles-n2","status":"publish","type":"product","link":"https:\/\/www.moulin-cornille.com\/en\/product\/coffret-huiles-n2\/","title":{"rendered":"Coffret 2 x 50cl AOP matur\u00e9, Grossane"},"content":{"rendered":"<p>Grossane<br \/>\nTERROIR : La grossane se trouve principalement dans la Vall\u00e9e des Baux de Provence.<br \/>\nVARIETES D\u2019OLIVES : La Grossane est une olive rare au rendement tr\u00e8s faible, elle est utilis\u00e9e comme olive de table ou pour la fabrication d\u2019huile d\u2019olive.<br \/>\nELABORATION : Les olives sont cueillies \u00e0 maturit\u00e9 et transform\u00e9es rapidement. Fabrication en continu (broyage, malaxage, centrifugation).<br \/>\nDEGUSTATION : Notes de pamplemousse et fruits rouges \u00e9voluant sur le citron confit.<br \/>\nCONSEIL D\u2019ACCOMPAGNEMENT : Desserts (salades de fruits, oranges, fraises), pour les cakes, les poissons, les carpaccios&#8230;<\/p>\n<p>AOP Olives matur\u00e9es<br \/>\nTERROIR : A.O.P. Vall\u00e9e des Baux-de-Provence.<br \/>\nVARIETES D\u2019OLIVES : Salonenque, B\u00e9ruguette (Aglandau), Grossane et Verdale des Bouches du-Rh\u00f4ne, Picholine.<br \/>\nELABORATION : Huile d\u2019olive historique du moulin. Douce, au go\u00fbt traditionnel. Maturation des olives en greniers (savoir-faire ancestral) pendant 4 \u00e0 10 jours afin de d\u00e9velopper les ar\u00f4mes.<br \/>\nDEGUSTATION : Aromes d\u2019olives noires, pain au levain, cacao\u2026 Go\u00fbt unique, douceur, longueur en bouche.<br \/>\nCONSEIL D\u2019ACCOMPAGNEMENT : Plats m\u00e9diterran\u00e9ens, fromages de ch\u00e8vre, salade verte, tomates, plats chauds\u2026<\/p>","protected":false},"excerpt":{"rendered":"<p>Huile d&rsquo;olive Grossane Bouteille 0.50L<br \/>\nHuile d&rsquo;olive AOP vall\u00e9e des Baux de Pce olives matur\u00e9es Bouteille 0.50L<\/p>","protected":false},"featured_media":11479,"template":"","meta":[],"product_cat":[143,27,25,30,33],"product_tag":[],"yoast_head":"<!-- This site is optimized with the Yoast SEO plugin v22.3 - https:\/\/yoast.com\/wordpress\/plugins\/seo\/ -->\n<title>Coffret 2 x 50cl AOP matur\u00e9, Grossane - Moulin Cornille<\/title>\n<meta name=\"robots\" content=\"index, follow, max-snippet:-1, max-image-preview:large, max-video-preview:-1\" \/>\n<link rel=\"canonical\" href=\"https:\/\/www.moulin-cornille.com\/en\/product\/coffret-huiles-n2\/\" \/>\n<meta property=\"og:locale\" content=\"en_GB\" \/>\n<meta property=\"og:type\" content=\"article\" \/>\n<meta property=\"og:title\" content=\"Coffret 2 x 50cl AOP matur\u00e9, Grossane - Moulin Cornille\" \/>\n<meta property=\"og:description\" content=\"Huile d&#039;olive Grossane Bouteille 0.50L Huile d&#039;olive AOP vall\u00e9e des Baux de Pce olives matur\u00e9es Bouteille 0.50L\" \/>\n<meta property=\"og:url\" content=\"https:\/\/www.moulin-cornille.com\/en\/product\/coffret-huiles-n2\/\" \/>\n<meta property=\"og:site_name\" content=\"Moulin Cornille\" \/>\n<meta property=\"article:modified_time\" content=\"2026-03-06T09:03:24+00:00\" \/>\n<meta property=\"og:image\" content=\"https:\/\/www.moulin-cornille.com\/wp-content\/uploads\/2025\/01\/H2-COFFRET-HUILES-2P-FOND-SITU-AOP-N-bt0.5-gross-bt0.5-COFF-DEPL-EN-SITU.jpg.png\" \/>\n\t<meta property=\"og:image:width\" content=\"800\" \/>\n\t<meta property=\"og:image:height\" content=\"800\" \/>\n\t<meta property=\"og:image:type\" content=\"image\/png\" \/>\n<meta name=\"twitter:card\" content=\"summary_large_image\" \/>\n<meta name=\"twitter:label1\" content=\"Estimated reading time\" \/>\n\t<meta name=\"twitter:data1\" content=\"1 minute\" \/>\n<script type=\"application\/ld+json\" class=\"yoast-schema-graph\">{\"@context\":\"https:\/\/schema.org\",\"@graph\":[{\"@type\":\"WebPage\",\"@id\":\"https:\/\/www.moulin-cornille.com\/produit\/coffret-huiles-n2\/\",\"url\":\"https:\/\/www.moulin-cornille.com\/produit\/coffret-huiles-n2\/\",\"name\":\"Coffret 2 x 50cl AOP matur\u00e9, Grossane - Moulin Cornille\",\"isPartOf\":{\"@id\":\"https:\/\/www.moulin-cornille.com\/#website\"},\"primaryImageOfPage\":{\"@id\":\"https:\/\/www.moulin-cornille.com\/produit\/coffret-huiles-n2\/#primaryimage\"},\"image\":{\"@id\":\"https:\/\/www.moulin-cornille.com\/produit\/coffret-huiles-n2\/#primaryimage\"},\"thumbnailUrl\":\"https:\/\/www.moulin-cornille.com\/wp-content\/uploads\/2025\/01\/H2-COFFRET-HUILES-2P-FOND-SITU-AOP-N-bt0.5-gross-bt0.5-COFF-DEPL-EN-SITU.jpg.png\",\"datePublished\":\"2022-10-18T13:16:01+00:00\",\"dateModified\":\"2026-03-06T09:03:24+00:00\",\"breadcrumb\":{\"@id\":\"https:\/\/www.moulin-cornille.com\/produit\/coffret-huiles-n2\/#breadcrumb\"},\"inLanguage\":\"en-GB\",\"potentialAction\":[{\"@type\":\"ReadAction\",\"target\":[\"https:\/\/www.moulin-cornille.com\/produit\/coffret-huiles-n2\/\"]}]},{\"@type\":\"ImageObject\",\"inLanguage\":\"en-GB\",\"@id\":\"https:\/\/www.moulin-cornille.com\/produit\/coffret-huiles-n2\/#primaryimage\",\"url\":\"https:\/\/www.moulin-cornille.com\/wp-content\/uploads\/2025\/01\/H2-COFFRET-HUILES-2P-FOND-SITU-AOP-N-bt0.5-gross-bt0.5-COFF-DEPL-EN-SITU.jpg.png\",\"contentUrl\":\"https:\/\/www.moulin-cornille.com\/wp-content\/uploads\/2025\/01\/H2-COFFRET-HUILES-2P-FOND-SITU-AOP-N-bt0.5-gross-bt0.5-COFF-DEPL-EN-SITU.jpg.png\",\"width\":800,\"height\":800},{\"@type\":\"BreadcrumbList\",\"@id\":\"https:\/\/www.moulin-cornille.com\/produit\/coffret-huiles-n2\/#breadcrumb\",\"itemListElement\":[{\"@type\":\"ListItem\",\"position\":1,\"name\":\"Boutique\",\"item\":\"https:\/\/www.moulin-cornille.com\/boutique\/\"},{\"@type\":\"ListItem\",\"position\":2,\"name\":\"Coffret 2 x 50cl AOP matur\u00e9, Grossane\"}]},{\"@type\":\"WebSite\",\"@id\":\"https:\/\/www.moulin-cornille.com\/#website\",\"url\":\"https:\/\/www.moulin-cornille.com\/\",\"name\":\"Moulin Cornille\",\"description\":\"Huile AOP de la Vall\u00e9e des Baux de Provence\",\"publisher\":{\"@id\":\"https:\/\/www.moulin-cornille.com\/#organization\"},\"potentialAction\":[{\"@type\":\"SearchAction\",\"target\":{\"@type\":\"EntryPoint\",\"urlTemplate\":\"https:\/\/www.moulin-cornille.com\/?s={search_term_string}\"},\"query-input\":\"required name=search_term_string\"}],\"inLanguage\":\"en-GB\"},{\"@type\":\"Organization\",\"@id\":\"https:\/\/www.moulin-cornille.com\/#organization\",\"name\":\"Moulin Cornille\",\"url\":\"https:\/\/www.moulin-cornille.com\/\",\"logo\":{\"@type\":\"ImageObject\",\"inLanguage\":\"en-GB\",\"@id\":\"https:\/\/www.moulin-cornille.com\/#\/schema\/logo\/image\/\",\"url\":\"https:\/\/www.moulin-cornille.com\/wp-content\/uploads\/2022\/03\/logo-jm-cornille.png\",\"contentUrl\":\"https:\/\/www.moulin-cornille.com\/wp-content\/uploads\/2022\/03\/logo-jm-cornille.png\",\"width\":400,\"height\":335,\"caption\":\"Moulin Cornille\"},\"image\":{\"@id\":\"https:\/\/www.moulin-cornille.com\/#\/schema\/logo\/image\/\"}}]}<\/script>\n<!-- \/ Yoast SEO plugin. -->","yoast_head_json":{"title":"Coffret 2 x 50cl AOP matur\u00e9, Grossane - Moulin Cornille","robots":{"index":"index","follow":"follow","max-snippet":"max-snippet:-1","max-image-preview":"max-image-preview:large","max-video-preview":"max-video-preview:-1"},"canonical":"https:\/\/www.moulin-cornille.com\/en\/product\/coffret-huiles-n2\/","og_locale":"en_GB","og_type":"article","og_title":"Coffret 2 x 50cl AOP matur\u00e9, Grossane - Moulin Cornille","og_description":"Huile d'olive Grossane Bouteille 0.50L Huile d'olive AOP vall\u00e9e des Baux de Pce olives matur\u00e9es Bouteille 0.50L","og_url":"https:\/\/www.moulin-cornille.com\/en\/product\/coffret-huiles-n2\/","og_site_name":"Moulin Cornille","article_modified_time":"2026-03-06T09:03:24+00:00","og_image":[{"width":800,"height":800,"url":"https:\/\/www.moulin-cornille.com\/wp-content\/uploads\/2025\/01\/H2-COFFRET-HUILES-2P-FOND-SITU-AOP-N-bt0.5-gross-bt0.5-COFF-DEPL-EN-SITU.jpg.png","type":"image\/png"}],"twitter_card":"summary_large_image","twitter_misc":{"Estimated reading time":"1 minute"},"schema":{"@context":"https:\/\/schema.org","@graph":[{"@type":"WebPage","@id":"https:\/\/www.moulin-cornille.com\/produit\/coffret-huiles-n2\/","url":"https:\/\/www.moulin-cornille.com\/produit\/coffret-huiles-n2\/","name":"Coffret 2 x 50cl AOP matur\u00e9, Grossane - Moulin Cornille","isPartOf":{"@id":"https:\/\/www.moulin-cornille.com\/#website"},"primaryImageOfPage":{"@id":"https:\/\/www.moulin-cornille.com\/produit\/coffret-huiles-n2\/#primaryimage"},"image":{"@id":"https:\/\/www.moulin-cornille.com\/produit\/coffret-huiles-n2\/#primaryimage"},"thumbnailUrl":"https:\/\/www.moulin-cornille.com\/wp-content\/uploads\/2025\/01\/H2-COFFRET-HUILES-2P-FOND-SITU-AOP-N-bt0.5-gross-bt0.5-COFF-DEPL-EN-SITU.jpg.png","datePublished":"2022-10-18T13:16:01+00:00","dateModified":"2026-03-06T09:03:24+00:00","breadcrumb":{"@id":"https:\/\/www.moulin-cornille.com\/produit\/coffret-huiles-n2\/#breadcrumb"},"inLanguage":"en-GB","potentialAction":[{"@type":"ReadAction","target":["https:\/\/www.moulin-cornille.com\/produit\/coffret-huiles-n2\/"]}]},{"@type":"ImageObject","inLanguage":"en-GB","@id":"https:\/\/www.moulin-cornille.com\/produit\/coffret-huiles-n2\/#primaryimage","url":"https:\/\/www.moulin-cornille.com\/wp-content\/uploads\/2025\/01\/H2-COFFRET-HUILES-2P-FOND-SITU-AOP-N-bt0.5-gross-bt0.5-COFF-DEPL-EN-SITU.jpg.png","contentUrl":"https:\/\/www.moulin-cornille.com\/wp-content\/uploads\/2025\/01\/H2-COFFRET-HUILES-2P-FOND-SITU-AOP-N-bt0.5-gross-bt0.5-COFF-DEPL-EN-SITU.jpg.png","width":800,"height":800},{"@type":"BreadcrumbList","@id":"https:\/\/www.moulin-cornille.com\/produit\/coffret-huiles-n2\/#breadcrumb","itemListElement":[{"@type":"ListItem","position":1,"name":"Boutique","item":"https:\/\/www.moulin-cornille.com\/boutique\/"},{"@type":"ListItem","position":2,"name":"Coffret 2 x 50cl AOP matur\u00e9, Grossane"}]},{"@type":"WebSite","@id":"https:\/\/www.moulin-cornille.com\/#website","url":"https:\/\/www.moulin-cornille.com\/","name":"Moulin Cornille","description":"Huile AOP de la Vall\u00e9e des Baux de Provence","publisher":{"@id":"https:\/\/www.moulin-cornille.com\/#organization"},"potentialAction":[{"@type":"SearchAction","target":{"@type":"EntryPoint","urlTemplate":"https:\/\/www.moulin-cornille.com\/?s={search_term_string}"},"query-input":"required name=search_term_string"}],"inLanguage":"en-GB"},{"@type":"Organization","@id":"https:\/\/www.moulin-cornille.com\/#organization","name":"Moulin Cornille","url":"https:\/\/www.moulin-cornille.com\/","logo":{"@type":"ImageObject","inLanguage":"en-GB","@id":"https:\/\/www.moulin-cornille.com\/#\/schema\/logo\/image\/","url":"https:\/\/www.moulin-cornille.com\/wp-content\/uploads\/2022\/03\/logo-jm-cornille.png","contentUrl":"https:\/\/www.moulin-cornille.com\/wp-content\/uploads\/2022\/03\/logo-jm-cornille.png","width":400,"height":335,"caption":"Moulin Cornille"},"image":{"@id":"https:\/\/www.moulin-cornille.com\/#\/schema\/logo\/image\/"}}]}},"_links":{"self":[{"href":"https:\/\/www.moulin-cornille.com\/en\/wp-json\/wp\/v2\/product\/1220"}],"collection":[{"href":"https:\/\/www.moulin-cornille.com\/en\/wp-json\/wp\/v2\/product"}],"about":[{"href":"https:\/\/www.moulin-cornille.com\/en\/wp-json\/wp\/v2\/types\/product"}],"wp:featuredmedia":[{"embeddable":true,"href":"https:\/\/www.moulin-cornille.com\/en\/wp-json\/wp\/v2\/media\/11479"}],"wp:attachment":[{"href":"https:\/\/www.moulin-cornille.com\/en\/wp-json\/wp\/v2\/media?parent=1220"}],"wp:term":[{"taxonomy":"product_cat","embeddable":true,"href":"https:\/\/www.moulin-cornille.com\/en\/wp-json\/wp\/v2\/product_cat?post=1220"},{"taxonomy":"product_tag","embeddable":true,"href":"https:\/\/www.moulin-cornille.com\/en\/wp-json\/wp\/v2\/product_tag?post=1220"}],"curies":[{"name":"wp","href":"https:\/\/api.w.org\/{rel}","templated":true}]}}