{"id":11959,"date":"2025-07-04T10:55:30","date_gmt":"2025-07-04T08:55:30","guid":{"rendered":"https:\/\/www.moulin-cornille.com\/?post_type=product&#038;p=11959"},"modified":"2026-03-05T13:16:59","modified_gmt":"2026-03-05T12:16:59","slug":"la-medaillee-dor-2025-avpa-huile-dolive-aop-vallee-des-baux-de-pce-olives-maturees-vierge-copie","status":"publish","type":"product","link":"https:\/\/www.moulin-cornille.com\/en\/product\/la-medaillee-dor-2025-avpa-huile-dolive-aop-vallee-des-baux-de-pce-olives-maturees-vierge-copie\/","title":{"rendered":"Le dipl\u00f4me Gourmet 2025 AVPA- Huile d\u2019olive AOP Vall\u00e9e des Baux de Pce Olives Matur\u00e9es \u2013 Vierge"},"content":{"rendered":"<div class=\"wpb-content-wrapper\"><p>Dipl\u00f4me Gourmet des meilleures huiles du monde : Concours AVPA Paris 2025<\/p>\n<p>L\u2019AVPA est l\u2019Agence pour la Valorisation des Produits Agricoles.<br \/>\nUne reconnaissance d\u2019un organisme ext\u00e9rieur international qui confirme l\u2019excellence de notre production.<br \/>\nCe dipl\u00f4me Gourmet place notre huile d\u2019olive AOP Vall\u00e9e des Baux de Provence Fruit\u00e9 Noir (olives matur\u00e9es) clairement au-dessus de la moyenne de sa cat\u00e9gorie, sachant que chaque cat\u00e9gorie peut avoir des param\u00e8tres de notation diff\u00e9rents.<br \/>\nLe jury de ce Concours \u00e9value plus de 400 huiles. Une vingtaine de pays participent chaque ann\u00e9e.<\/p>\n<div class=\"vc_row wpb_row vc_row-fluid\"><div class=\"wpb_column vc_column_container vc_col-sm-12\"><div class=\"vc_column-inner\"><div class=\"wpb_wrapper\">\n\t<div class=\"wpb_text_column wpb_content_element\" >\n\t\t<div class=\"wpb_wrapper\">\n\t\t\t<p>TERROIR : A.O.P. Vall\u00e9e des Baux-de-Provence. <\/p>\n<p>VARIETES D\u2019OLIVES : Salonenque, B\u00e9ruguette (Aglandau), Grossane et Verdale des Bouches du-Rh\u00f4ne, Picholine. <\/p>\n<p>ELABORATION : Huile d\u2019olive historique du moulin. Douce, au go\u00fbt traditionnel. Maturation des olives en greniers (savoir-faire ancestral) pendant 4 \u00e0 10 jours afin de d\u00e9velopper les ar\u00f4mes.<\/p>\n<p>DEGUSTATION : Aromes d\u2019olives noires, pain au levain, cacao\u2026 Go\u00fbt unique, douceur, longueur en bouche. <\/p>\n<p>CONSEIL D\u2019ACCOMPAGNEMENT : Plats m\u00e9diterran\u00e9ens, fromages de ch\u00e8vre, salade verte, tomates, plats chauds\u2026 <\/p>\n<p>Valeurs nutritionnelles moyennes pour 100ml : Energie 3768Kj\/900kcal ; Graisses 99,8g dont acides gras satur\u00e9s 15,1g, acides gras mono-insatur\u00e9s 77,2g, acides gras polysatur\u00e9s 6,95g ; Glucides 0g dont sucres 0g, Prot\u00e9ines 0g ; Sel 0g ; Vitamine E 25mg<\/p>\n\n\t\t<\/div>\n\t<\/div>\n<\/div><\/div><\/div><\/div>\n<\/div>","protected":false},"excerpt":{"rendered":"<p>En bouteille de 1L uniquement<\/p>","protected":false},"featured_media":12000,"template":"","meta":[],"product_cat":[23,25],"product_tag":[],"yoast_head":"<!-- This site is optimized with the Yoast SEO plugin v22.3 - https:\/\/yoast.com\/wordpress\/plugins\/seo\/ -->\n<title>Le dipl\u00f4me Gourmet 2025 AVPA- Huile d\u2019olive AOP Vall\u00e9e des Baux de Pce Olives Matur\u00e9es \u2013 Vierge - Moulin Cornille<\/title>\n<meta name=\"robots\" content=\"index, follow, max-snippet:-1, max-image-preview:large, max-video-preview:-1\" \/>\n<link rel=\"canonical\" href=\"https:\/\/www.moulin-cornille.com\/en\/product\/la-medaillee-dor-2025-avpa-huile-dolive-aop-vallee-des-baux-de-pce-olives-maturees-vierge-copie\/\" \/>\n<meta property=\"og:locale\" content=\"en_GB\" \/>\n<meta property=\"og:type\" content=\"article\" \/>\n<meta property=\"og:title\" content=\"Le dipl\u00f4me Gourmet 2025 AVPA- Huile d\u2019olive AOP Vall\u00e9e des Baux de Pce Olives Matur\u00e9es \u2013 Vierge - Moulin Cornille\" \/>\n<meta property=\"og:description\" content=\"En bouteille de 1L uniquement\" \/>\n<meta property=\"og:url\" content=\"https:\/\/www.moulin-cornille.com\/en\/product\/la-medaillee-dor-2025-avpa-huile-dolive-aop-vallee-des-baux-de-pce-olives-maturees-vierge-copie\/\" \/>\n<meta property=\"og:site_name\" content=\"Moulin Cornille\" \/>\n<meta property=\"article:modified_time\" content=\"2026-03-05T12:16:59+00:00\" \/>\n<meta property=\"og:image\" content=\"https:\/\/www.moulin-cornille.com\/wp-content\/uploads\/2025\/07\/MEDAILLEE-OR-AVPA-2025-1.jpg\" \/>\n\t<meta property=\"og:image:width\" content=\"800\" \/>\n\t<meta property=\"og:image:height\" content=\"800\" \/>\n\t<meta property=\"og:image:type\" content=\"image\/jpeg\" \/>\n<meta name=\"twitter:card\" content=\"summary_large_image\" \/>\n<meta name=\"twitter:label1\" content=\"Estimated reading time\" \/>\n\t<meta name=\"twitter:data1\" content=\"2 minutes\" \/>\n<script type=\"application\/ld+json\" class=\"yoast-schema-graph\">{\"@context\":\"https:\/\/schema.org\",\"@graph\":[{\"@type\":\"WebPage\",\"@id\":\"https:\/\/www.moulin-cornille.com\/produit\/la-medaillee-dor-2025-avpa-huile-dolive-aop-vallee-des-baux-de-pce-olives-maturees-vierge-copie\/\",\"url\":\"https:\/\/www.moulin-cornille.com\/produit\/la-medaillee-dor-2025-avpa-huile-dolive-aop-vallee-des-baux-de-pce-olives-maturees-vierge-copie\/\",\"name\":\"Le dipl\u00f4me Gourmet 2025 AVPA- Huile d\u2019olive AOP Vall\u00e9e des Baux de Pce Olives Matur\u00e9es \u2013 Vierge - Moulin Cornille\",\"isPartOf\":{\"@id\":\"https:\/\/www.moulin-cornille.com\/#website\"},\"primaryImageOfPage\":{\"@id\":\"https:\/\/www.moulin-cornille.com\/produit\/la-medaillee-dor-2025-avpa-huile-dolive-aop-vallee-des-baux-de-pce-olives-maturees-vierge-copie\/#primaryimage\"},\"image\":{\"@id\":\"https:\/\/www.moulin-cornille.com\/produit\/la-medaillee-dor-2025-avpa-huile-dolive-aop-vallee-des-baux-de-pce-olives-maturees-vierge-copie\/#primaryimage\"},\"thumbnailUrl\":\"https:\/\/www.moulin-cornille.com\/wp-content\/uploads\/2025\/07\/MEDAILLEE-OR-AVPA-2025-1.jpg\",\"datePublished\":\"2025-07-04T08:55:30+00:00\",\"dateModified\":\"2026-03-05T12:16:59+00:00\",\"breadcrumb\":{\"@id\":\"https:\/\/www.moulin-cornille.com\/produit\/la-medaillee-dor-2025-avpa-huile-dolive-aop-vallee-des-baux-de-pce-olives-maturees-vierge-copie\/#breadcrumb\"},\"inLanguage\":\"en-GB\",\"potentialAction\":[{\"@type\":\"ReadAction\",\"target\":[\"https:\/\/www.moulin-cornille.com\/produit\/la-medaillee-dor-2025-avpa-huile-dolive-aop-vallee-des-baux-de-pce-olives-maturees-vierge-copie\/\"]}]},{\"@type\":\"ImageObject\",\"inLanguage\":\"en-GB\",\"@id\":\"https:\/\/www.moulin-cornille.com\/produit\/la-medaillee-dor-2025-avpa-huile-dolive-aop-vallee-des-baux-de-pce-olives-maturees-vierge-copie\/#primaryimage\",\"url\":\"https:\/\/www.moulin-cornille.com\/wp-content\/uploads\/2025\/07\/MEDAILLEE-OR-AVPA-2025-1.jpg\",\"contentUrl\":\"https:\/\/www.moulin-cornille.com\/wp-content\/uploads\/2025\/07\/MEDAILLEE-OR-AVPA-2025-1.jpg\",\"width\":800,\"height\":800},{\"@type\":\"BreadcrumbList\",\"@id\":\"https:\/\/www.moulin-cornille.com\/produit\/la-medaillee-dor-2025-avpa-huile-dolive-aop-vallee-des-baux-de-pce-olives-maturees-vierge-copie\/#breadcrumb\",\"itemListElement\":[{\"@type\":\"ListItem\",\"position\":1,\"name\":\"Boutique\",\"item\":\"https:\/\/www.moulin-cornille.com\/boutique\/\"},{\"@type\":\"ListItem\",\"position\":2,\"name\":\"Le dipl\u00f4me Gourmet 2025 AVPA- Huile d\u2019olive AOP Vall\u00e9e des Baux de Pce Olives Matur\u00e9es \u2013 Vierge\"}]},{\"@type\":\"WebSite\",\"@id\":\"https:\/\/www.moulin-cornille.com\/#website\",\"url\":\"https:\/\/www.moulin-cornille.com\/\",\"name\":\"Moulin Cornille\",\"description\":\"Huile AOP de la Vall\u00e9e des Baux de Provence\",\"publisher\":{\"@id\":\"https:\/\/www.moulin-cornille.com\/#organization\"},\"potentialAction\":[{\"@type\":\"SearchAction\",\"target\":{\"@type\":\"EntryPoint\",\"urlTemplate\":\"https:\/\/www.moulin-cornille.com\/?s={search_term_string}\"},\"query-input\":\"required name=search_term_string\"}],\"inLanguage\":\"en-GB\"},{\"@type\":\"Organization\",\"@id\":\"https:\/\/www.moulin-cornille.com\/#organization\",\"name\":\"Moulin Cornille\",\"url\":\"https:\/\/www.moulin-cornille.com\/\",\"logo\":{\"@type\":\"ImageObject\",\"inLanguage\":\"en-GB\",\"@id\":\"https:\/\/www.moulin-cornille.com\/#\/schema\/logo\/image\/\",\"url\":\"https:\/\/www.moulin-cornille.com\/wp-content\/uploads\/2022\/03\/logo-jm-cornille.png\",\"contentUrl\":\"https:\/\/www.moulin-cornille.com\/wp-content\/uploads\/2022\/03\/logo-jm-cornille.png\",\"width\":400,\"height\":335,\"caption\":\"Moulin Cornille\"},\"image\":{\"@id\":\"https:\/\/www.moulin-cornille.com\/#\/schema\/logo\/image\/\"}}]}<\/script>\n<!-- \/ Yoast SEO plugin. -->","yoast_head_json":{"title":"Le dipl\u00f4me Gourmet 2025 AVPA- Huile d\u2019olive AOP Vall\u00e9e des Baux de Pce Olives Matur\u00e9es \u2013 Vierge - Moulin Cornille","robots":{"index":"index","follow":"follow","max-snippet":"max-snippet:-1","max-image-preview":"max-image-preview:large","max-video-preview":"max-video-preview:-1"},"canonical":"https:\/\/www.moulin-cornille.com\/en\/product\/la-medaillee-dor-2025-avpa-huile-dolive-aop-vallee-des-baux-de-pce-olives-maturees-vierge-copie\/","og_locale":"en_GB","og_type":"article","og_title":"Le dipl\u00f4me Gourmet 2025 AVPA- Huile d\u2019olive AOP Vall\u00e9e des Baux de Pce Olives Matur\u00e9es \u2013 Vierge - Moulin Cornille","og_description":"En bouteille de 1L uniquement","og_url":"https:\/\/www.moulin-cornille.com\/en\/product\/la-medaillee-dor-2025-avpa-huile-dolive-aop-vallee-des-baux-de-pce-olives-maturees-vierge-copie\/","og_site_name":"Moulin Cornille","article_modified_time":"2026-03-05T12:16:59+00:00","og_image":[{"width":800,"height":800,"url":"https:\/\/www.moulin-cornille.com\/wp-content\/uploads\/2025\/07\/MEDAILLEE-OR-AVPA-2025-1.jpg","type":"image\/jpeg"}],"twitter_card":"summary_large_image","twitter_misc":{"Estimated reading time":"2 minutes"},"schema":{"@context":"https:\/\/schema.org","@graph":[{"@type":"WebPage","@id":"https:\/\/www.moulin-cornille.com\/produit\/la-medaillee-dor-2025-avpa-huile-dolive-aop-vallee-des-baux-de-pce-olives-maturees-vierge-copie\/","url":"https:\/\/www.moulin-cornille.com\/produit\/la-medaillee-dor-2025-avpa-huile-dolive-aop-vallee-des-baux-de-pce-olives-maturees-vierge-copie\/","name":"Le dipl\u00f4me Gourmet 2025 AVPA- Huile d\u2019olive AOP Vall\u00e9e des Baux de Pce Olives Matur\u00e9es \u2013 Vierge - Moulin Cornille","isPartOf":{"@id":"https:\/\/www.moulin-cornille.com\/#website"},"primaryImageOfPage":{"@id":"https:\/\/www.moulin-cornille.com\/produit\/la-medaillee-dor-2025-avpa-huile-dolive-aop-vallee-des-baux-de-pce-olives-maturees-vierge-copie\/#primaryimage"},"image":{"@id":"https:\/\/www.moulin-cornille.com\/produit\/la-medaillee-dor-2025-avpa-huile-dolive-aop-vallee-des-baux-de-pce-olives-maturees-vierge-copie\/#primaryimage"},"thumbnailUrl":"https:\/\/www.moulin-cornille.com\/wp-content\/uploads\/2025\/07\/MEDAILLEE-OR-AVPA-2025-1.jpg","datePublished":"2025-07-04T08:55:30+00:00","dateModified":"2026-03-05T12:16:59+00:00","breadcrumb":{"@id":"https:\/\/www.moulin-cornille.com\/produit\/la-medaillee-dor-2025-avpa-huile-dolive-aop-vallee-des-baux-de-pce-olives-maturees-vierge-copie\/#breadcrumb"},"inLanguage":"en-GB","potentialAction":[{"@type":"ReadAction","target":["https:\/\/www.moulin-cornille.com\/produit\/la-medaillee-dor-2025-avpa-huile-dolive-aop-vallee-des-baux-de-pce-olives-maturees-vierge-copie\/"]}]},{"@type":"ImageObject","inLanguage":"en-GB","@id":"https:\/\/www.moulin-cornille.com\/produit\/la-medaillee-dor-2025-avpa-huile-dolive-aop-vallee-des-baux-de-pce-olives-maturees-vierge-copie\/#primaryimage","url":"https:\/\/www.moulin-cornille.com\/wp-content\/uploads\/2025\/07\/MEDAILLEE-OR-AVPA-2025-1.jpg","contentUrl":"https:\/\/www.moulin-cornille.com\/wp-content\/uploads\/2025\/07\/MEDAILLEE-OR-AVPA-2025-1.jpg","width":800,"height":800},{"@type":"BreadcrumbList","@id":"https:\/\/www.moulin-cornille.com\/produit\/la-medaillee-dor-2025-avpa-huile-dolive-aop-vallee-des-baux-de-pce-olives-maturees-vierge-copie\/#breadcrumb","itemListElement":[{"@type":"ListItem","position":1,"name":"Boutique","item":"https:\/\/www.moulin-cornille.com\/boutique\/"},{"@type":"ListItem","position":2,"name":"Le dipl\u00f4me Gourmet 2025 AVPA- Huile d\u2019olive AOP Vall\u00e9e des Baux de Pce Olives Matur\u00e9es \u2013 Vierge"}]},{"@type":"WebSite","@id":"https:\/\/www.moulin-cornille.com\/#website","url":"https:\/\/www.moulin-cornille.com\/","name":"Moulin Cornille","description":"Huile AOP de la Vall\u00e9e des Baux de Provence","publisher":{"@id":"https:\/\/www.moulin-cornille.com\/#organization"},"potentialAction":[{"@type":"SearchAction","target":{"@type":"EntryPoint","urlTemplate":"https:\/\/www.moulin-cornille.com\/?s={search_term_string}"},"query-input":"required name=search_term_string"}],"inLanguage":"en-GB"},{"@type":"Organization","@id":"https:\/\/www.moulin-cornille.com\/#organization","name":"Moulin Cornille","url":"https:\/\/www.moulin-cornille.com\/","logo":{"@type":"ImageObject","inLanguage":"en-GB","@id":"https:\/\/www.moulin-cornille.com\/#\/schema\/logo\/image\/","url":"https:\/\/www.moulin-cornille.com\/wp-content\/uploads\/2022\/03\/logo-jm-cornille.png","contentUrl":"https:\/\/www.moulin-cornille.com\/wp-content\/uploads\/2022\/03\/logo-jm-cornille.png","width":400,"height":335,"caption":"Moulin Cornille"},"image":{"@id":"https:\/\/www.moulin-cornille.com\/#\/schema\/logo\/image\/"}}]}},"_links":{"self":[{"href":"https:\/\/www.moulin-cornille.com\/en\/wp-json\/wp\/v2\/product\/11959"}],"collection":[{"href":"https:\/\/www.moulin-cornille.com\/en\/wp-json\/wp\/v2\/product"}],"about":[{"href":"https:\/\/www.moulin-cornille.com\/en\/wp-json\/wp\/v2\/types\/product"}],"wp:featuredmedia":[{"embeddable":true,"href":"https:\/\/www.moulin-cornille.com\/en\/wp-json\/wp\/v2\/media\/12000"}],"wp:attachment":[{"href":"https:\/\/www.moulin-cornille.com\/en\/wp-json\/wp\/v2\/media?parent=11959"}],"wp:term":[{"taxonomy":"product_cat","embeddable":true,"href":"https:\/\/www.moulin-cornille.com\/en\/wp-json\/wp\/v2\/product_cat?post=11959"},{"taxonomy":"product_tag","embeddable":true,"href":"https:\/\/www.moulin-cornille.com\/en\/wp-json\/wp\/v2\/product_tag?post=11959"}],"curies":[{"name":"wp","href":"https:\/\/api.w.org\/{rel}","templated":true}]}}