{"id":11582,"date":"2025-06-20T16:48:14","date_gmt":"2025-06-20T14:48:14","guid":{"rendered":"https:\/\/www.moulin-cornille.com\/?post_type=product&#038;p=11582"},"modified":"2025-06-21T08:34:52","modified_gmt":"2025-06-21T06:34:52","slug":"baume-a-levres-2","status":"publish","type":"product","link":"https:\/\/www.moulin-cornille.com\/en\/product\/baume-a-levres-2\/","title":{"rendered":"Baume \u00e0 l\u00e8vres"},"content":{"rendered":"<p>Ces baumes \u00e0 l\u00e8vres bio, sont compos\u00e9s uniquement d\u2019ingr\u00e9dients naturels. Formul\u00e9s \u00e0 base de beurre de karit\u00e9 et d\u2019huile d\u2019olive, ils poss\u00e8dent un v\u00e9ritable pouvoir cicatrisant gr\u00e2ce \u00e0 leur richesse en miel biologique. La cire d\u2019abeilles quant \u00e0 elle, laisse un film protecteur sur les l\u00e8vres, qui les prot\u00e8ge des agressions ext\u00e9rieures.<br \/>\nSans huiles essentielles, ils peuvent \u00eatre utilis\u00e9 par toute la famille, y compris durant la grossesse et l\u2019allaitement.<br \/>\nIls sont certifi\u00e9s Nature &#038; Progr\u00e8s.<br \/>\nLeur format g\u00e9n\u00e9reux de 15ml, \u00e9quivaut \u00e0 3 sticks \u00e0 l\u00e8vres classiques !<\/p>\n<p>Conseils d\u2019utilisation : Appliquer g\u00e9n\u00e9reusement sur les l\u00e8vres en pr\u00e9vention ou en traitement des ger\u00e7ures.<br \/>\nVolume : 15ml<\/p>","protected":false},"excerpt":{"rendered":"<p>Ces baumes \u00e0 l\u00e8vres bio, sont compos\u00e9s uniquement d\u2019ingr\u00e9dients naturels. Formul\u00e9s \u00e0 base de beurre de karit\u00e9 et d\u2019huile d\u2019olive,<\/p>","protected":false},"featured_media":11623,"template":"","meta":[],"product_cat":[19,142],"product_tag":[],"yoast_head":"<!-- This site is optimized with the Yoast SEO plugin v22.3 - https:\/\/yoast.com\/wordpress\/plugins\/seo\/ -->\n<title>Baume \u00e0 l\u00e8vres - Moulin Cornille<\/title>\n<meta name=\"robots\" content=\"index, follow, max-snippet:-1, max-image-preview:large, max-video-preview:-1\" \/>\n<link rel=\"canonical\" href=\"https:\/\/www.moulin-cornille.com\/en\/product\/baume-a-levres-2\/\" \/>\n<meta property=\"og:locale\" content=\"en_GB\" \/>\n<meta property=\"og:type\" content=\"article\" \/>\n<meta property=\"og:title\" content=\"Baume \u00e0 l\u00e8vres - Moulin Cornille\" \/>\n<meta property=\"og:description\" content=\"Ces baumes \u00e0 l\u00e8vres bio, sont compos\u00e9s uniquement d\u2019ingr\u00e9dients naturels. Formul\u00e9s \u00e0 base de beurre de karit\u00e9 et d\u2019huile d\u2019olive,\" \/>\n<meta property=\"og:url\" content=\"https:\/\/www.moulin-cornille.com\/en\/product\/baume-a-levres-2\/\" \/>\n<meta property=\"og:site_name\" content=\"Moulin Cornille\" \/>\n<meta property=\"article:modified_time\" content=\"2025-06-21T06:34:52+00:00\" \/>\n<meta property=\"og:image\" content=\"https:\/\/www.moulin-cornille.com\/wp-content\/uploads\/2025\/06\/baumes-1.png\" \/>\n\t<meta property=\"og:image:width\" content=\"800\" \/>\n\t<meta property=\"og:image:height\" content=\"800\" \/>\n\t<meta property=\"og:image:type\" content=\"image\/png\" \/>\n<meta name=\"twitter:card\" content=\"summary_large_image\" \/>\n<meta name=\"twitter:label1\" content=\"Estimated reading time\" \/>\n\t<meta name=\"twitter:data1\" content=\"1 minute\" \/>\n<script type=\"application\/ld+json\" class=\"yoast-schema-graph\">{\"@context\":\"https:\/\/schema.org\",\"@graph\":[{\"@type\":\"WebPage\",\"@id\":\"https:\/\/www.moulin-cornille.com\/produit\/baume-a-levres-2\/\",\"url\":\"https:\/\/www.moulin-cornille.com\/produit\/baume-a-levres-2\/\",\"name\":\"Baume \u00e0 l\u00e8vres - Moulin Cornille\",\"isPartOf\":{\"@id\":\"https:\/\/www.moulin-cornille.com\/#website\"},\"primaryImageOfPage\":{\"@id\":\"https:\/\/www.moulin-cornille.com\/produit\/baume-a-levres-2\/#primaryimage\"},\"image\":{\"@id\":\"https:\/\/www.moulin-cornille.com\/produit\/baume-a-levres-2\/#primaryimage\"},\"thumbnailUrl\":\"https:\/\/www.moulin-cornille.com\/wp-content\/uploads\/2025\/06\/baumes-1.png\",\"datePublished\":\"2025-06-20T14:48:14+00:00\",\"dateModified\":\"2025-06-21T06:34:52+00:00\",\"breadcrumb\":{\"@id\":\"https:\/\/www.moulin-cornille.com\/produit\/baume-a-levres-2\/#breadcrumb\"},\"inLanguage\":\"en-GB\",\"potentialAction\":[{\"@type\":\"ReadAction\",\"target\":[\"https:\/\/www.moulin-cornille.com\/produit\/baume-a-levres-2\/\"]}]},{\"@type\":\"ImageObject\",\"inLanguage\":\"en-GB\",\"@id\":\"https:\/\/www.moulin-cornille.com\/produit\/baume-a-levres-2\/#primaryimage\",\"url\":\"https:\/\/www.moulin-cornille.com\/wp-content\/uploads\/2025\/06\/baumes-1.png\",\"contentUrl\":\"https:\/\/www.moulin-cornille.com\/wp-content\/uploads\/2025\/06\/baumes-1.png\",\"width\":800,\"height\":800},{\"@type\":\"BreadcrumbList\",\"@id\":\"https:\/\/www.moulin-cornille.com\/produit\/baume-a-levres-2\/#breadcrumb\",\"itemListElement\":[{\"@type\":\"ListItem\",\"position\":1,\"name\":\"Boutique\",\"item\":\"https:\/\/www.moulin-cornille.com\/boutique\/\"},{\"@type\":\"ListItem\",\"position\":2,\"name\":\"Baume \u00e0 l\u00e8vres\"}]},{\"@type\":\"WebSite\",\"@id\":\"https:\/\/www.moulin-cornille.com\/#website\",\"url\":\"https:\/\/www.moulin-cornille.com\/\",\"name\":\"Moulin Cornille\",\"description\":\"Huile AOP de la Vall\u00e9e des Baux de Provence\",\"publisher\":{\"@id\":\"https:\/\/www.moulin-cornille.com\/#organization\"},\"potentialAction\":[{\"@type\":\"SearchAction\",\"target\":{\"@type\":\"EntryPoint\",\"urlTemplate\":\"https:\/\/www.moulin-cornille.com\/?s={search_term_string}\"},\"query-input\":\"required name=search_term_string\"}],\"inLanguage\":\"en-GB\"},{\"@type\":\"Organization\",\"@id\":\"https:\/\/www.moulin-cornille.com\/#organization\",\"name\":\"Moulin Cornille\",\"url\":\"https:\/\/www.moulin-cornille.com\/\",\"logo\":{\"@type\":\"ImageObject\",\"inLanguage\":\"en-GB\",\"@id\":\"https:\/\/www.moulin-cornille.com\/#\/schema\/logo\/image\/\",\"url\":\"https:\/\/www.moulin-cornille.com\/wp-content\/uploads\/2022\/03\/logo-jm-cornille.png\",\"contentUrl\":\"https:\/\/www.moulin-cornille.com\/wp-content\/uploads\/2022\/03\/logo-jm-cornille.png\",\"width\":400,\"height\":335,\"caption\":\"Moulin Cornille\"},\"image\":{\"@id\":\"https:\/\/www.moulin-cornille.com\/#\/schema\/logo\/image\/\"}}]}<\/script>\n<!-- \/ Yoast SEO plugin. -->","yoast_head_json":{"title":"Baume \u00e0 l\u00e8vres - Moulin Cornille","robots":{"index":"index","follow":"follow","max-snippet":"max-snippet:-1","max-image-preview":"max-image-preview:large","max-video-preview":"max-video-preview:-1"},"canonical":"https:\/\/www.moulin-cornille.com\/en\/product\/baume-a-levres-2\/","og_locale":"en_GB","og_type":"article","og_title":"Baume \u00e0 l\u00e8vres - Moulin Cornille","og_description":"Ces baumes \u00e0 l\u00e8vres bio, sont compos\u00e9s uniquement d\u2019ingr\u00e9dients naturels. Formul\u00e9s \u00e0 base de beurre de karit\u00e9 et d\u2019huile d\u2019olive,","og_url":"https:\/\/www.moulin-cornille.com\/en\/product\/baume-a-levres-2\/","og_site_name":"Moulin Cornille","article_modified_time":"2025-06-21T06:34:52+00:00","og_image":[{"width":800,"height":800,"url":"https:\/\/www.moulin-cornille.com\/wp-content\/uploads\/2025\/06\/baumes-1.png","type":"image\/png"}],"twitter_card":"summary_large_image","twitter_misc":{"Estimated reading time":"1 minute"},"schema":{"@context":"https:\/\/schema.org","@graph":[{"@type":"WebPage","@id":"https:\/\/www.moulin-cornille.com\/produit\/baume-a-levres-2\/","url":"https:\/\/www.moulin-cornille.com\/produit\/baume-a-levres-2\/","name":"Baume \u00e0 l\u00e8vres - Moulin Cornille","isPartOf":{"@id":"https:\/\/www.moulin-cornille.com\/#website"},"primaryImageOfPage":{"@id":"https:\/\/www.moulin-cornille.com\/produit\/baume-a-levres-2\/#primaryimage"},"image":{"@id":"https:\/\/www.moulin-cornille.com\/produit\/baume-a-levres-2\/#primaryimage"},"thumbnailUrl":"https:\/\/www.moulin-cornille.com\/wp-content\/uploads\/2025\/06\/baumes-1.png","datePublished":"2025-06-20T14:48:14+00:00","dateModified":"2025-06-21T06:34:52+00:00","breadcrumb":{"@id":"https:\/\/www.moulin-cornille.com\/produit\/baume-a-levres-2\/#breadcrumb"},"inLanguage":"en-GB","potentialAction":[{"@type":"ReadAction","target":["https:\/\/www.moulin-cornille.com\/produit\/baume-a-levres-2\/"]}]},{"@type":"ImageObject","inLanguage":"en-GB","@id":"https:\/\/www.moulin-cornille.com\/produit\/baume-a-levres-2\/#primaryimage","url":"https:\/\/www.moulin-cornille.com\/wp-content\/uploads\/2025\/06\/baumes-1.png","contentUrl":"https:\/\/www.moulin-cornille.com\/wp-content\/uploads\/2025\/06\/baumes-1.png","width":800,"height":800},{"@type":"BreadcrumbList","@id":"https:\/\/www.moulin-cornille.com\/produit\/baume-a-levres-2\/#breadcrumb","itemListElement":[{"@type":"ListItem","position":1,"name":"Boutique","item":"https:\/\/www.moulin-cornille.com\/boutique\/"},{"@type":"ListItem","position":2,"name":"Baume \u00e0 l\u00e8vres"}]},{"@type":"WebSite","@id":"https:\/\/www.moulin-cornille.com\/#website","url":"https:\/\/www.moulin-cornille.com\/","name":"Moulin Cornille","description":"Huile AOP de la Vall\u00e9e des Baux de Provence","publisher":{"@id":"https:\/\/www.moulin-cornille.com\/#organization"},"potentialAction":[{"@type":"SearchAction","target":{"@type":"EntryPoint","urlTemplate":"https:\/\/www.moulin-cornille.com\/?s={search_term_string}"},"query-input":"required name=search_term_string"}],"inLanguage":"en-GB"},{"@type":"Organization","@id":"https:\/\/www.moulin-cornille.com\/#organization","name":"Moulin Cornille","url":"https:\/\/www.moulin-cornille.com\/","logo":{"@type":"ImageObject","inLanguage":"en-GB","@id":"https:\/\/www.moulin-cornille.com\/#\/schema\/logo\/image\/","url":"https:\/\/www.moulin-cornille.com\/wp-content\/uploads\/2022\/03\/logo-jm-cornille.png","contentUrl":"https:\/\/www.moulin-cornille.com\/wp-content\/uploads\/2022\/03\/logo-jm-cornille.png","width":400,"height":335,"caption":"Moulin Cornille"},"image":{"@id":"https:\/\/www.moulin-cornille.com\/#\/schema\/logo\/image\/"}}]}},"_links":{"self":[{"href":"https:\/\/www.moulin-cornille.com\/en\/wp-json\/wp\/v2\/product\/11582"}],"collection":[{"href":"https:\/\/www.moulin-cornille.com\/en\/wp-json\/wp\/v2\/product"}],"about":[{"href":"https:\/\/www.moulin-cornille.com\/en\/wp-json\/wp\/v2\/types\/product"}],"wp:featuredmedia":[{"embeddable":true,"href":"https:\/\/www.moulin-cornille.com\/en\/wp-json\/wp\/v2\/media\/11623"}],"wp:attachment":[{"href":"https:\/\/www.moulin-cornille.com\/en\/wp-json\/wp\/v2\/media?parent=11582"}],"wp:term":[{"taxonomy":"product_cat","embeddable":true,"href":"https:\/\/www.moulin-cornille.com\/en\/wp-json\/wp\/v2\/product_cat?post=11582"},{"taxonomy":"product_tag","embeddable":true,"href":"https:\/\/www.moulin-cornille.com\/en\/wp-json\/wp\/v2\/product_tag?post=11582"}],"curies":[{"name":"wp","href":"https:\/\/api.w.org\/{rel}","templated":true}]}}