{"id":98,"date":"2022-04-01T09:57:42","date_gmt":"2022-04-01T07:57:42","guid":{"rendered":"https:\/\/www.moulin-cornille.com\/?page_id=98"},"modified":"2025-01-23T16:49:52","modified_gmt":"2025-01-23T15:49:52","slug":"aoc-huile-dolive-de-la-vallee-des-baux-de-provence","status":"publish","type":"page","link":"https:\/\/www.moulin-cornille.com\/en\/le-moulin\/aoc-huile-dolive-de-la-vallee-des-baux-de-provence\/","title":{"rendered":"AOC &#8211; Huile d&rsquo;olive de la vall\u00e9e des Baux de Provence"},"content":{"rendered":"<div class=\"wpb-content-wrapper\"><div data-vc-full-width=\"true\" data-vc-full-width-init=\"false\" data-vc-stretch-content=\"true\" class=\"vc_row wpb_row vc_row-fluid vc_custom_1736162191263 vc_row-has-fill vc_row-no-padding wd-rs-677bb88de3f30\"><div class=\"wpb_column vc_column_container vc_col-sm-12\"><div class=\"vc_column-inner\"><div class=\"wpb_wrapper\"><\/div><\/div><\/div><\/div><div class=\"vc_row-full-width vc_clearfix\"><\/div><div class=\"vc_row wpb_row vc_row-fluid\"><div class=\"wpb_column vc_column_container vc_col-sm-12\"><div class=\"vc_column-inner\"><div class=\"wpb_wrapper\"><div class=\"vc_empty_space\"   style=\"height: 32px\"><span class=\"vc_empty_space_inner\"><\/span><\/div><h1 style=\"text-align: left\" class=\"vc_custom_heading\" >L'huile d'olive de la vall\u00e9e des Baux de Provence<\/h1>\n\t<div class=\"wpb_text_column wpb_content_element\" >\n\t\t<div class=\"wpb_wrapper\">\n\t\t\t<p>La typicit\u00e9 des huiles d\u2019olive de la vall\u00e9e des Baux de Provence vient de l\u2019association de 5 vari\u00e9t\u00e9s d\u2019olive sur un terroir unique.<\/p>\n<p>Ces vari\u00e9t\u00e9s d\u2019olives sont :<br \/><em>&#8211; La Salonenque<\/em> tire son nom de Salon-de-Provence. L\u2019arbre est sobre, r\u00e9sistant \u00e0 la s\u00e8cheresse, le port est retombant. Cette vari\u00e9t\u00e9 conf\u00e8re de l\u2019onctuosit\u00e9 \u00e0 l\u2019huile. Ce fruit est aussi utilis\u00e9 pour la confiserie : olives cass\u00e9es de la vall\u00e9e des Baux de Provence, parfum\u00e9es au fenouil.<br \/><em>&#8211; La Grossane<\/em> est pulpeuse et de belle taille. Elle pr\u00e9sente des ar\u00f4mes de pamplemousse\u2026, son huile est douce. L\u2019arbre est vigoureux, sa mise \u00e0 fruit est longue, le port est \u00e9rig\u00e9. Les fruits vont \u00e0 la confiserie (olive noire de la vall\u00e9e des Baux de Provence), puis au moulin pour l\u2019huile. Les arbres de cette vari\u00e9t\u00e9 sont tr\u00e8s attach\u00e9s au terroir des Baux de Provence.<br \/><em>&#8211; La B\u00e9ruguette ou Aglandau<\/em> est une vari\u00e9t\u00e9 d\u2019olive \u00e0 huile. L\u2019huile est d\u2019un vert caract\u00e9ristique et elle est ardente, ce qui lui procure des capacit\u00e9s de conservation prolong\u00e9es. Elle peut aussi \u00eatre utilis\u00e9e en confiserie.<br \/><em>&#8211; La Verdale<\/em> des Bouches-du-Rh\u00f4ne est typique de ce d\u00e9partement, elle r\u00e9siste correctement au froid. Le fruit long, peut-\u00eatre utilis\u00e9 pour la confiserie, en olive verte ou pour la production d\u2019huile.<br \/><em>&#8211; La Picholine<\/em> est petite et pointue. Pr\u00e9sente dans la vall\u00e9e des Baux de Provence, elle est plut\u00f4t typique du d\u00e9partement du Gard. Elle donne une huile au fruit\u00e9 intense avec un peu d\u2019amertume.<\/p>\n\n\t\t<\/div>\n\t<\/div>\n<\/div><\/div><\/div><\/div>\n<\/div>","protected":false},"excerpt":{"rendered":"L'huile d'olive de la vall\u00e9e des Baux de Provence La typicit\u00e9 des huiles d\u2019olive de la vall\u00e9e des Baux de","protected":false},"author":1,"featured_media":0,"parent":38,"menu_order":0,"comment_status":"closed","ping_status":"closed","template":"","meta":{"footnotes":""},"yoast_head":"<!-- This site is optimized with the Yoast SEO plugin v22.3 - https:\/\/yoast.com\/wordpress\/plugins\/seo\/ -->\n<title>AOC - Huile d&#039;olive de la vall\u00e9e des Baux de Provence - Moulin Cornille<\/title>\n<meta name=\"robots\" content=\"index, follow, max-snippet:-1, max-image-preview:large, max-video-preview:-1\" \/>\n<link rel=\"canonical\" href=\"https:\/\/www.moulin-cornille.com\/en\/le-moulin\/aoc-huile-dolive-de-la-vallee-des-baux-de-provence\/\" \/>\n<meta property=\"og:locale\" content=\"en_GB\" \/>\n<meta property=\"og:type\" content=\"article\" \/>\n<meta property=\"og:title\" content=\"AOC - Huile d&#039;olive de la vall\u00e9e des Baux de Provence - Moulin Cornille\" \/>\n<meta property=\"og:url\" content=\"https:\/\/www.moulin-cornille.com\/en\/le-moulin\/aoc-huile-dolive-de-la-vallee-des-baux-de-provence\/\" \/>\n<meta property=\"og:site_name\" content=\"Moulin Cornille\" \/>\n<meta property=\"article:modified_time\" content=\"2025-01-23T15:49:52+00:00\" \/>\n<meta name=\"twitter:card\" content=\"summary_large_image\" \/>\n<meta name=\"twitter:label1\" content=\"Estimated reading time\" \/>\n\t<meta name=\"twitter:data1\" content=\"2 minutes\" \/>\n<script type=\"application\/ld+json\" class=\"yoast-schema-graph\">{\"@context\":\"https:\/\/schema.org\",\"@graph\":[{\"@type\":\"WebPage\",\"@id\":\"https:\/\/www.moulin-cornille.com\/le-moulin\/aoc-huile-dolive-de-la-vallee-des-baux-de-provence\/\",\"url\":\"https:\/\/www.moulin-cornille.com\/le-moulin\/aoc-huile-dolive-de-la-vallee-des-baux-de-provence\/\",\"name\":\"AOC - Huile d'olive de la vall\u00e9e des Baux de Provence - Moulin Cornille\",\"isPartOf\":{\"@id\":\"https:\/\/www.moulin-cornille.com\/#website\"},\"datePublished\":\"2022-04-01T07:57:42+00:00\",\"dateModified\":\"2025-01-23T15:49:52+00:00\",\"breadcrumb\":{\"@id\":\"https:\/\/www.moulin-cornille.com\/le-moulin\/aoc-huile-dolive-de-la-vallee-des-baux-de-provence\/#breadcrumb\"},\"inLanguage\":\"en-GB\",\"potentialAction\":[{\"@type\":\"ReadAction\",\"target\":[\"https:\/\/www.moulin-cornille.com\/le-moulin\/aoc-huile-dolive-de-la-vallee-des-baux-de-provence\/\"]}]},{\"@type\":\"BreadcrumbList\",\"@id\":\"https:\/\/www.moulin-cornille.com\/le-moulin\/aoc-huile-dolive-de-la-vallee-des-baux-de-provence\/#breadcrumb\",\"itemListElement\":[{\"@type\":\"ListItem\",\"position\":1,\"name\":\"Le moulin\",\"item\":\"https:\/\/www.moulin-cornille.com\/le-moulin\/\"},{\"@type\":\"ListItem\",\"position\":2,\"name\":\"AOC &#8211; Huile d&#8217;olive de la vall\u00e9e des Baux de Provence\"}]},{\"@type\":\"WebSite\",\"@id\":\"https:\/\/www.moulin-cornille.com\/#website\",\"url\":\"https:\/\/www.moulin-cornille.com\/\",\"name\":\"Moulin Cornille\",\"description\":\"Huile AOP de la Vall\u00e9e des Baux de Provence\",\"publisher\":{\"@id\":\"https:\/\/www.moulin-cornille.com\/#organization\"},\"potentialAction\":[{\"@type\":\"SearchAction\",\"target\":{\"@type\":\"EntryPoint\",\"urlTemplate\":\"https:\/\/www.moulin-cornille.com\/?s={search_term_string}\"},\"query-input\":\"required name=search_term_string\"}],\"inLanguage\":\"en-GB\"},{\"@type\":\"Organization\",\"@id\":\"https:\/\/www.moulin-cornille.com\/#organization\",\"name\":\"Moulin Cornille\",\"url\":\"https:\/\/www.moulin-cornille.com\/\",\"logo\":{\"@type\":\"ImageObject\",\"inLanguage\":\"en-GB\",\"@id\":\"https:\/\/www.moulin-cornille.com\/#\/schema\/logo\/image\/\",\"url\":\"https:\/\/www.moulin-cornille.com\/wp-content\/uploads\/2022\/03\/logo-jm-cornille.png\",\"contentUrl\":\"https:\/\/www.moulin-cornille.com\/wp-content\/uploads\/2022\/03\/logo-jm-cornille.png\",\"width\":400,\"height\":335,\"caption\":\"Moulin Cornille\"},\"image\":{\"@id\":\"https:\/\/www.moulin-cornille.com\/#\/schema\/logo\/image\/\"}}]}<\/script>\n<!-- \/ Yoast SEO plugin. -->","yoast_head_json":{"title":"AOC - Huile d'olive de la vall\u00e9e des Baux de Provence - Moulin Cornille","robots":{"index":"index","follow":"follow","max-snippet":"max-snippet:-1","max-image-preview":"max-image-preview:large","max-video-preview":"max-video-preview:-1"},"canonical":"https:\/\/www.moulin-cornille.com\/en\/le-moulin\/aoc-huile-dolive-de-la-vallee-des-baux-de-provence\/","og_locale":"en_GB","og_type":"article","og_title":"AOC - Huile d'olive de la vall\u00e9e des Baux de Provence - Moulin Cornille","og_url":"https:\/\/www.moulin-cornille.com\/en\/le-moulin\/aoc-huile-dolive-de-la-vallee-des-baux-de-provence\/","og_site_name":"Moulin Cornille","article_modified_time":"2025-01-23T15:49:52+00:00","twitter_card":"summary_large_image","twitter_misc":{"Estimated reading time":"2 minutes"},"schema":{"@context":"https:\/\/schema.org","@graph":[{"@type":"WebPage","@id":"https:\/\/www.moulin-cornille.com\/le-moulin\/aoc-huile-dolive-de-la-vallee-des-baux-de-provence\/","url":"https:\/\/www.moulin-cornille.com\/le-moulin\/aoc-huile-dolive-de-la-vallee-des-baux-de-provence\/","name":"AOC - Huile d'olive de la vall\u00e9e des Baux de Provence - Moulin Cornille","isPartOf":{"@id":"https:\/\/www.moulin-cornille.com\/#website"},"datePublished":"2022-04-01T07:57:42+00:00","dateModified":"2025-01-23T15:49:52+00:00","breadcrumb":{"@id":"https:\/\/www.moulin-cornille.com\/le-moulin\/aoc-huile-dolive-de-la-vallee-des-baux-de-provence\/#breadcrumb"},"inLanguage":"en-GB","potentialAction":[{"@type":"ReadAction","target":["https:\/\/www.moulin-cornille.com\/le-moulin\/aoc-huile-dolive-de-la-vallee-des-baux-de-provence\/"]}]},{"@type":"BreadcrumbList","@id":"https:\/\/www.moulin-cornille.com\/le-moulin\/aoc-huile-dolive-de-la-vallee-des-baux-de-provence\/#breadcrumb","itemListElement":[{"@type":"ListItem","position":1,"name":"Le moulin","item":"https:\/\/www.moulin-cornille.com\/le-moulin\/"},{"@type":"ListItem","position":2,"name":"AOC &#8211; Huile d&#8217;olive de la vall\u00e9e des Baux de Provence"}]},{"@type":"WebSite","@id":"https:\/\/www.moulin-cornille.com\/#website","url":"https:\/\/www.moulin-cornille.com\/","name":"Moulin Cornille","description":"Huile AOP de la Vall\u00e9e des Baux de Provence","publisher":{"@id":"https:\/\/www.moulin-cornille.com\/#organization"},"potentialAction":[{"@type":"SearchAction","target":{"@type":"EntryPoint","urlTemplate":"https:\/\/www.moulin-cornille.com\/?s={search_term_string}"},"query-input":"required name=search_term_string"}],"inLanguage":"en-GB"},{"@type":"Organization","@id":"https:\/\/www.moulin-cornille.com\/#organization","name":"Moulin Cornille","url":"https:\/\/www.moulin-cornille.com\/","logo":{"@type":"ImageObject","inLanguage":"en-GB","@id":"https:\/\/www.moulin-cornille.com\/#\/schema\/logo\/image\/","url":"https:\/\/www.moulin-cornille.com\/wp-content\/uploads\/2022\/03\/logo-jm-cornille.png","contentUrl":"https:\/\/www.moulin-cornille.com\/wp-content\/uploads\/2022\/03\/logo-jm-cornille.png","width":400,"height":335,"caption":"Moulin Cornille"},"image":{"@id":"https:\/\/www.moulin-cornille.com\/#\/schema\/logo\/image\/"}}]}},"_links":{"self":[{"href":"https:\/\/www.moulin-cornille.com\/en\/wp-json\/wp\/v2\/pages\/98"}],"collection":[{"href":"https:\/\/www.moulin-cornille.com\/en\/wp-json\/wp\/v2\/pages"}],"about":[{"href":"https:\/\/www.moulin-cornille.com\/en\/wp-json\/wp\/v2\/types\/page"}],"author":[{"embeddable":true,"href":"https:\/\/www.moulin-cornille.com\/en\/wp-json\/wp\/v2\/users\/1"}],"replies":[{"embeddable":true,"href":"https:\/\/www.moulin-cornille.com\/en\/wp-json\/wp\/v2\/comments?post=98"}],"version-history":[{"count":10,"href":"https:\/\/www.moulin-cornille.com\/en\/wp-json\/wp\/v2\/pages\/98\/revisions"}],"predecessor-version":[{"id":9872,"href":"https:\/\/www.moulin-cornille.com\/en\/wp-json\/wp\/v2\/pages\/98\/revisions\/9872"}],"up":[{"embeddable":true,"href":"https:\/\/www.moulin-cornille.com\/en\/wp-json\/wp\/v2\/pages\/38"}],"wp:attachment":[{"href":"https:\/\/www.moulin-cornille.com\/en\/wp-json\/wp\/v2\/media?parent=98"}],"curies":[{"name":"wp","href":"https:\/\/api.w.org\/{rel}","templated":true}]}}