{"id":40,"date":"2022-04-01T09:12:30","date_gmt":"2022-04-01T07:12:30","guid":{"rendered":"https:\/\/www.moulin-cornille.com\/?page_id=40"},"modified":"2025-01-30T13:52:29","modified_gmt":"2025-01-30T12:52:29","slug":"lhistoire","status":"publish","type":"page","link":"https:\/\/www.moulin-cornille.com\/en\/le-moulin\/lhistoire\/","title":{"rendered":"L&rsquo;histoire"},"content":{"rendered":"<div class=\"wpb-content-wrapper\"><div data-vc-full-width=\"true\" data-vc-full-width-init=\"false\" data-vc-stretch-content=\"true\" class=\"vc_row wpb_row vc_row-fluid vc_custom_1663846150461 vc_row-has-fill vc_row-no-padding wd-rs-632c4702d8739\"><div class=\"wpb_column vc_column_container vc_col-sm-12\"><div class=\"vc_column-inner\"><div class=\"wpb_wrapper\"><\/div><\/div><\/div><\/div><div class=\"vc_row-full-width vc_clearfix\"><\/div><div class=\"vc_row wpb_row vc_row-fluid\"><div class=\"wpb_column vc_column_container vc_col-sm-12\"><div class=\"vc_column-inner\"><div class=\"wpb_wrapper\"><div class=\"vc_empty_space\"   style=\"height: 32px\"><span class=\"vc_empty_space_inner\"><\/span><\/div><h1 style=\"text-align: center\" class=\"vc_custom_heading\" >Le Moulin CORNILLE<\/h1><\/div><\/div><\/div><\/div><div class=\"vc_row wpb_row vc_row-fluid\"><div class=\"wpb_column vc_column_container vc_col-sm-12\"><div class=\"vc_column-inner\"><div class=\"wpb_wrapper\">\n\t<div class=\"wpb_text_column wpb_content_element\" >\n\t\t<div class=\"wpb_wrapper\">\n\t\t\t<h3 style=\"text-align: center;\">UN LIEU D\u2019HISTOIRE ET DE TRADITIONS<br \/>\nLa b\u00e2tisse vo\u00fbt\u00e9e du Moulin CORNILLE a \u00e9t\u00e9 construite en 1685.<br \/>\nDepuis, le moulin \u00e9labore de l\u2019huile d\u2019olive.<\/h3>\n\n\t\t<\/div>\n\t<\/div>\n\n\t<div class=\"wpb_text_column wpb_content_element\" >\n\t\t<div class=\"wpb_wrapper\">\n\t\t\t<div class=\"vc_row wpb_row vc_row-fluid\"><\/div><div class=\"wpb_column vc_column_container vc_col-sm-12\"><div class=\"vc_column-inner\"><div class=\"wpb_wrapper\"><\/div><\/div><\/div>\n\t<div class=\"wpb_text_column wpb_content_element\" >\n\t\t<div class=\"wpb_wrapper\">\n\t\t\t\n\t\t<\/div>\n\t<\/div>\n<h4>La b\u00e2tisse vo\u00fbt\u00e9e du Moulin CORNILLE a \u00e9t\u00e9 construite en 1610. D\u2019abord propri\u00e9t\u00e9 priv\u00e9e du Seigneur de Manville, le moulin est devenu coop\u00e9ratif en 1924. <\/p>\n<p>C\u2019est ainsi que depuis le XVII\u00e8me si\u00e8cle, le Moulin Cornille recueille les olives de nombreux ol\u00e9iculteurs pour les transformer en une huile d\u2019olive unique au monde par sa particularit\u00e9 et sa m\u00e9thode de fabrication tr\u00e8s traditionnelle et ancestrale.<\/p>\n<p>Le Moulin CORNILLE est connu depuis toujours pour la qualit\u00e9 et la particularit\u00e9 de son huile avec son go\u00fbt qualifi\u00e9 aujourd\u2018hui d\u2019\u00abolives matur\u00e9es\u00bb ; ses ar\u00f4mes sont obtenus gr\u00e2ce \u00e0 une \u00e9tape de maturation des olives durant 3 \u00e0 8 jours dans nos greniers, et quelques secrets de fabrication.<\/p>\n<p>Pour pr\u00e9parer cet \u00e9lixir, le moulinier joue un r\u00f4le cl\u00e9 et, au Moulin Cornille, la recette se transmet de g\u00e9n\u00e9rations en g\u00e9n\u00e9rations. D\u2019octobre \u00e0 mi-d\u00e9cembre, le moulin tourne \u00e0 plein r\u00e9gime, et les ol\u00e9iculteurs-coop\u00e9rateurs y apportent leurs olives \u00e0 maturit\u00e9.<\/p>\n<p>Si pr\u00e8s de la moiti\u00e9 de la production chaque ann\u00e9e est vendue directement au magasin du moulin, une partie est export\u00e9e au Japon, aux \u00c9tats-Unis mais aussi ailleurs dans le monde. Nous travaillons aussi avec des \u00e9piceries fines et des restaurants.<\/p>\n\n\t\t<\/div>\n\t<\/div>\n<\/div><\/div><\/div><\/div><div class=\"vc_row wpb_row vc_row-fluid\"><div class=\"wpb_column vc_column_container vc_col-sm-6\"><div class=\"vc_column-inner\"><div class=\"wpb_wrapper\"><h4 style=\"text-align: center\" class=\"vc_custom_heading\" >La culture de l'olivier<\/h4>\n\t<div  class=\"wpb_single_image wpb_content_element vc_align_center\">\n\t\t\n\t\t<figure class=\"wpb_wrapper vc_figure\">\n\t\t\t<a href=\"https:\/\/www.moulin-cornille.com\/en\/la-culture-de-lolivier\/\" target=\"_self\" class=\"vc_single_image-wrapper   vc_box_border_grey\"><img loading=\"lazy\" decoding=\"async\" width=\"800\" height=\"600\" src=\"https:\/\/www.moulin-cornille.com\/wp-content\/uploads\/2022\/04\/culture-olive-ramassage.jpeg\" class=\"vc_single_image-img attachment-full\" alt=\"\" title=\"culture-olive-ramassage\" srcset=\"https:\/\/www.moulin-cornille.com\/wp-content\/uploads\/2022\/04\/culture-olive-ramassage.jpeg 800w, https:\/\/www.moulin-cornille.com\/wp-content\/uploads\/2022\/04\/culture-olive-ramassage-300x225.jpeg 300w, https:\/\/www.moulin-cornille.com\/wp-content\/uploads\/2022\/04\/culture-olive-ramassage-768x576.jpeg 768w, https:\/\/www.moulin-cornille.com\/wp-content\/uploads\/2022\/04\/culture-olive-ramassage-16x12.jpeg 16w, https:\/\/www.moulin-cornille.com\/wp-content\/uploads\/2022\/04\/culture-olive-ramassage-416x312.jpeg 416w, https:\/\/www.moulin-cornille.com\/wp-content\/uploads\/2022\/04\/culture-olive-ramassage-150x113.jpeg 150w\" sizes=\"(max-width: 800px) 100vw, 800px\" \/><\/a>\n\t\t<\/figure>\n\t<\/div>\n<\/div><\/div><\/div><div class=\"wpb_column vc_column_container vc_col-sm-6\"><div class=\"vc_column-inner\"><div class=\"wpb_wrapper\"><h4 style=\"text-align: center\" class=\"vc_custom_heading\" >L'huile d'olive de la vall\u00e9e des Baux de Provence<\/h4>\n\t<div  class=\"wpb_single_image wpb_content_element vc_align_center\">\n\t\t\n\t\t<figure class=\"wpb_wrapper vc_figure\">\n\t\t\t<a href=\"https:\/\/www.moulin-cornille.com\/en\/aoc-huile-dolive-de-la-vallee-des-baux-de-provence\/\" target=\"_self\" class=\"vc_single_image-wrapper   vc_box_border_grey\"><img loading=\"lazy\" decoding=\"async\" width=\"800\" height=\"600\" src=\"https:\/\/www.moulin-cornille.com\/wp-content\/uploads\/2022\/04\/huile-bouteille.jpeg\" class=\"vc_single_image-img attachment-full\" alt=\"\" title=\"huile-bouteille\" srcset=\"https:\/\/www.moulin-cornille.com\/wp-content\/uploads\/2022\/04\/huile-bouteille.jpeg 800w, https:\/\/www.moulin-cornille.com\/wp-content\/uploads\/2022\/04\/huile-bouteille-300x225.jpeg 300w, https:\/\/www.moulin-cornille.com\/wp-content\/uploads\/2022\/04\/huile-bouteille-768x576.jpeg 768w, https:\/\/www.moulin-cornille.com\/wp-content\/uploads\/2022\/04\/huile-bouteille-16x12.jpeg 16w, https:\/\/www.moulin-cornille.com\/wp-content\/uploads\/2022\/04\/huile-bouteille-416x312.jpeg 416w, https:\/\/www.moulin-cornille.com\/wp-content\/uploads\/2022\/04\/huile-bouteille-150x113.jpeg 150w\" sizes=\"(max-width: 800px) 100vw, 800px\" \/><\/a>\n\t\t<\/figure>\n\t<\/div>\n<\/div><\/div><\/div><\/div>\n<\/div>","protected":false},"excerpt":{"rendered":"Le Moulin CORNILLE UN LIEU D\u2019HISTOIRE ET DE TRADITIONS La b\u00e2tisse vo\u00fbt\u00e9e du Moulin CORNILLE a \u00e9t\u00e9 construite en 1685.","protected":false},"author":1,"featured_media":0,"parent":38,"menu_order":0,"comment_status":"closed","ping_status":"closed","template":"","meta":{"footnotes":""},"yoast_head":"<!-- This site is optimized with the Yoast SEO plugin v22.3 - https:\/\/yoast.com\/wordpress\/plugins\/seo\/ -->\n<title>L&#039;histoire - Moulin Cornille<\/title>\n<meta name=\"robots\" content=\"index, follow, max-snippet:-1, max-image-preview:large, max-video-preview:-1\" \/>\n<link rel=\"canonical\" href=\"https:\/\/www.moulin-cornille.com\/en\/le-moulin\/lhistoire\/\" \/>\n<meta property=\"og:locale\" content=\"en_GB\" \/>\n<meta property=\"og:type\" content=\"article\" \/>\n<meta property=\"og:title\" content=\"L&#039;histoire - Moulin Cornille\" \/>\n<meta property=\"og:url\" content=\"https:\/\/www.moulin-cornille.com\/en\/le-moulin\/lhistoire\/\" \/>\n<meta property=\"og:site_name\" content=\"Moulin Cornille\" \/>\n<meta property=\"article:modified_time\" content=\"2025-01-30T12:52:29+00:00\" \/>\n<meta name=\"twitter:card\" content=\"summary_large_image\" \/>\n<meta name=\"twitter:label1\" content=\"Estimated reading time\" \/>\n\t<meta name=\"twitter:data1\" content=\"3 minutes\" \/>\n<script type=\"application\/ld+json\" class=\"yoast-schema-graph\">{\"@context\":\"https:\/\/schema.org\",\"@graph\":[{\"@type\":\"WebPage\",\"@id\":\"https:\/\/www.moulin-cornille.com\/le-moulin\/lhistoire\/\",\"url\":\"https:\/\/www.moulin-cornille.com\/le-moulin\/lhistoire\/\",\"name\":\"L'histoire - Moulin Cornille\",\"isPartOf\":{\"@id\":\"https:\/\/www.moulin-cornille.com\/#website\"},\"datePublished\":\"2022-04-01T07:12:30+00:00\",\"dateModified\":\"2025-01-30T12:52:29+00:00\",\"breadcrumb\":{\"@id\":\"https:\/\/www.moulin-cornille.com\/le-moulin\/lhistoire\/#breadcrumb\"},\"inLanguage\":\"en-GB\",\"potentialAction\":[{\"@type\":\"ReadAction\",\"target\":[\"https:\/\/www.moulin-cornille.com\/le-moulin\/lhistoire\/\"]}]},{\"@type\":\"BreadcrumbList\",\"@id\":\"https:\/\/www.moulin-cornille.com\/le-moulin\/lhistoire\/#breadcrumb\",\"itemListElement\":[{\"@type\":\"ListItem\",\"position\":1,\"name\":\"Le moulin\",\"item\":\"https:\/\/www.moulin-cornille.com\/le-moulin\/\"},{\"@type\":\"ListItem\",\"position\":2,\"name\":\"L&#8217;histoire\"}]},{\"@type\":\"WebSite\",\"@id\":\"https:\/\/www.moulin-cornille.com\/#website\",\"url\":\"https:\/\/www.moulin-cornille.com\/\",\"name\":\"Moulin Cornille\",\"description\":\"Huile AOP de la Vall\u00e9e des Baux de Provence\",\"publisher\":{\"@id\":\"https:\/\/www.moulin-cornille.com\/#organization\"},\"potentialAction\":[{\"@type\":\"SearchAction\",\"target\":{\"@type\":\"EntryPoint\",\"urlTemplate\":\"https:\/\/www.moulin-cornille.com\/?s={search_term_string}\"},\"query-input\":\"required name=search_term_string\"}],\"inLanguage\":\"en-GB\"},{\"@type\":\"Organization\",\"@id\":\"https:\/\/www.moulin-cornille.com\/#organization\",\"name\":\"Moulin Cornille\",\"url\":\"https:\/\/www.moulin-cornille.com\/\",\"logo\":{\"@type\":\"ImageObject\",\"inLanguage\":\"en-GB\",\"@id\":\"https:\/\/www.moulin-cornille.com\/#\/schema\/logo\/image\/\",\"url\":\"https:\/\/www.moulin-cornille.com\/wp-content\/uploads\/2022\/03\/logo-jm-cornille.png\",\"contentUrl\":\"https:\/\/www.moulin-cornille.com\/wp-content\/uploads\/2022\/03\/logo-jm-cornille.png\",\"width\":400,\"height\":335,\"caption\":\"Moulin Cornille\"},\"image\":{\"@id\":\"https:\/\/www.moulin-cornille.com\/#\/schema\/logo\/image\/\"}}]}<\/script>\n<!-- \/ Yoast SEO plugin. -->","yoast_head_json":{"title":"L'histoire - Moulin Cornille","robots":{"index":"index","follow":"follow","max-snippet":"max-snippet:-1","max-image-preview":"max-image-preview:large","max-video-preview":"max-video-preview:-1"},"canonical":"https:\/\/www.moulin-cornille.com\/en\/le-moulin\/lhistoire\/","og_locale":"en_GB","og_type":"article","og_title":"L'histoire - Moulin Cornille","og_url":"https:\/\/www.moulin-cornille.com\/en\/le-moulin\/lhistoire\/","og_site_name":"Moulin Cornille","article_modified_time":"2025-01-30T12:52:29+00:00","twitter_card":"summary_large_image","twitter_misc":{"Estimated reading time":"3 minutes"},"schema":{"@context":"https:\/\/schema.org","@graph":[{"@type":"WebPage","@id":"https:\/\/www.moulin-cornille.com\/le-moulin\/lhistoire\/","url":"https:\/\/www.moulin-cornille.com\/le-moulin\/lhistoire\/","name":"L'histoire - Moulin Cornille","isPartOf":{"@id":"https:\/\/www.moulin-cornille.com\/#website"},"datePublished":"2022-04-01T07:12:30+00:00","dateModified":"2025-01-30T12:52:29+00:00","breadcrumb":{"@id":"https:\/\/www.moulin-cornille.com\/le-moulin\/lhistoire\/#breadcrumb"},"inLanguage":"en-GB","potentialAction":[{"@type":"ReadAction","target":["https:\/\/www.moulin-cornille.com\/le-moulin\/lhistoire\/"]}]},{"@type":"BreadcrumbList","@id":"https:\/\/www.moulin-cornille.com\/le-moulin\/lhistoire\/#breadcrumb","itemListElement":[{"@type":"ListItem","position":1,"name":"Le moulin","item":"https:\/\/www.moulin-cornille.com\/le-moulin\/"},{"@type":"ListItem","position":2,"name":"L&#8217;histoire"}]},{"@type":"WebSite","@id":"https:\/\/www.moulin-cornille.com\/#website","url":"https:\/\/www.moulin-cornille.com\/","name":"Moulin Cornille","description":"Huile AOP de la Vall\u00e9e des Baux de Provence","publisher":{"@id":"https:\/\/www.moulin-cornille.com\/#organization"},"potentialAction":[{"@type":"SearchAction","target":{"@type":"EntryPoint","urlTemplate":"https:\/\/www.moulin-cornille.com\/?s={search_term_string}"},"query-input":"required name=search_term_string"}],"inLanguage":"en-GB"},{"@type":"Organization","@id":"https:\/\/www.moulin-cornille.com\/#organization","name":"Moulin Cornille","url":"https:\/\/www.moulin-cornille.com\/","logo":{"@type":"ImageObject","inLanguage":"en-GB","@id":"https:\/\/www.moulin-cornille.com\/#\/schema\/logo\/image\/","url":"https:\/\/www.moulin-cornille.com\/wp-content\/uploads\/2022\/03\/logo-jm-cornille.png","contentUrl":"https:\/\/www.moulin-cornille.com\/wp-content\/uploads\/2022\/03\/logo-jm-cornille.png","width":400,"height":335,"caption":"Moulin Cornille"},"image":{"@id":"https:\/\/www.moulin-cornille.com\/#\/schema\/logo\/image\/"}}]}},"_links":{"self":[{"href":"https:\/\/www.moulin-cornille.com\/en\/wp-json\/wp\/v2\/pages\/40"}],"collection":[{"href":"https:\/\/www.moulin-cornille.com\/en\/wp-json\/wp\/v2\/pages"}],"about":[{"href":"https:\/\/www.moulin-cornille.com\/en\/wp-json\/wp\/v2\/types\/page"}],"author":[{"embeddable":true,"href":"https:\/\/www.moulin-cornille.com\/en\/wp-json\/wp\/v2\/users\/1"}],"replies":[{"embeddable":true,"href":"https:\/\/www.moulin-cornille.com\/en\/wp-json\/wp\/v2\/comments?post=40"}],"version-history":[{"count":11,"href":"https:\/\/www.moulin-cornille.com\/en\/wp-json\/wp\/v2\/pages\/40\/revisions"}],"predecessor-version":[{"id":10002,"href":"https:\/\/www.moulin-cornille.com\/en\/wp-json\/wp\/v2\/pages\/40\/revisions\/10002"}],"up":[{"embeddable":true,"href":"https:\/\/www.moulin-cornille.com\/en\/wp-json\/wp\/v2\/pages\/38"}],"wp:attachment":[{"href":"https:\/\/www.moulin-cornille.com\/en\/wp-json\/wp\/v2\/media?parent=40"}],"curies":[{"name":"wp","href":"https:\/\/api.w.org\/{rel}","templated":true}]}}