{"id":160,"date":"2022-04-07T16:11:22","date_gmt":"2022-04-07T14:11:22","guid":{"rendered":"https:\/\/www.moulin-cornille.com\/?page_id=160"},"modified":"2022-05-05T10:39:39","modified_gmt":"2022-05-05T08:39:39","slug":"huile-dolive-vierge-extra-bio","status":"publish","type":"page","link":"https:\/\/www.moulin-cornille.com\/en\/huilesolive\/huile-dolive-vierge-extra-bio\/","title":{"rendered":"Huile d&rsquo;olive vierge Extra Bio"},"content":{"rendered":"<div class=\"wpb-content-wrapper\"><div data-vc-full-width=\"true\" data-vc-full-width-init=\"false\" class=\"vc_row wpb_row vc_row-fluid vc_custom_1649341140143 vc_row-has-fill vc_row-o-equal-height vc_row-o-content-middle vc_row-flex\"><div class=\"wpb_column vc_column_container vc_col-sm-3\"><div class=\"vc_column-inner\"><div class=\"wpb_wrapper\">\n\t<div  class=\"wpb_single_image wpb_content_element vc_align_left wpb_animate_when_almost_visible wpb_slideInUp slideInUp vc_custom_1649341308615\">\n\t\t\n\t\t<figure class=\"wpb_wrapper vc_figure\">\n\t\t\t<div class=\"vc_single_image-wrapper   vc_box_border_grey\"><img loading=\"lazy\" decoding=\"async\" width=\"528\" height=\"1434\" src=\"https:\/\/www.moulin-cornille.com\/wp-content\/uploads\/2022\/04\/bio-landing.png\" class=\"vc_single_image-img attachment-full\" alt=\"\" title=\"bio-landing\" srcset=\"https:\/\/www.moulin-cornille.com\/wp-content\/uploads\/2022\/04\/bio-landing.png 528w, https:\/\/www.moulin-cornille.com\/wp-content\/uploads\/2022\/04\/bio-landing-110x300.png 110w, https:\/\/www.moulin-cornille.com\/wp-content\/uploads\/2022\/04\/bio-landing-377x1024.png 377w, https:\/\/www.moulin-cornille.com\/wp-content\/uploads\/2022\/04\/bio-landing-4x12.png 4w, https:\/\/www.moulin-cornille.com\/wp-content\/uploads\/2022\/04\/bio-landing-416x1130.png 416w\" sizes=\"(max-width: 528px) 100vw, 528px\" \/><\/div>\n\t\t<\/figure>\n\t<\/div>\n<\/div><\/div><\/div><div class=\"wpb_column vc_column_container vc_col-sm-9\"><div class=\"vc_column-inner\"><div class=\"wpb_wrapper\">\n\t<div class=\"wpb_text_column wpb_content_element\" >\n\t\t<div class=\"wpb_wrapper\">\n\t\t\t<h1>Huile d&rsquo;olive BIO<\/h1>\n<p>Ce jus est extrait d\u2019olives de vari\u00e9t\u00e9s Aglandau, Salonenque, Verdale des bouches du Rh\u00f4ne et Picholine cultiv\u00e9es en Agriculture Biologique. Son caract\u00e8re v\u00e9g\u00e9tal s\u2019associe avec tous vos plats.<\/p>\n\n\t\t<\/div>\n\t<\/div>\n<div class=\"vc_btn3-container vc_btn3-inline\" ><button onmouseleave=\"this.style.borderColor='#656052'; this.style.backgroundColor='transparent'; this.style.color='#656052'\" onmouseenter=\"this.style.borderColor='#656052'; this.style.backgroundColor='#656052'; this.style.color='#ffffff';\" style=\"border-color:#656052; color:#656052;\" class=\"vc_general vc_btn3 vc_btn3-size-lg vc_btn3-shape-square vc_btn3-style-outline-custom vc_btn3-icon-left\"><i class=\"vc_btn3-icon fas fa-shopping-cart\"><\/i> Acheter l'huile d'olive la Noire Traditionnelle<\/button><\/div><\/div><\/div><\/div><\/div><div class=\"vc_row-full-width vc_clearfix\"><\/div><div class=\"vc_row wpb_row vc_row-fluid\"><div class=\"wpb_column vc_column_container vc_col-sm-12\"><div class=\"vc_column-inner\"><div class=\"wpb_wrapper\"><div class=\"vc_empty_space\"   style=\"height: 32px\"><span class=\"vc_empty_space_inner\"><\/span><\/div><h2 style=\"text-align: center\" class=\"vc_custom_heading\" >D\u00e9couvrez la collection d'huile d'olive BIO<\/h2><div class=\"vc_empty_space\"   style=\"height: 32px\"><span class=\"vc_empty_space_inner\"><\/span><\/div><\/div><\/div><\/div><\/div><div class=\"vc_row wpb_row vc_row-fluid\"><div class=\"wpb_column vc_column_container vc_col-sm-12\"><div class=\"vc_column-inner\"><div class=\"wpb_wrapper\"><div class=\"woocommerce columns-4\"><div class=\"wd-products-element\">\t\t\t<div class=\"wd-sticky-loader wd-content-loader\"><span class=\"wd-loader\"><\/span><\/div>\n\t\t\n<div class=\"products wd-products wd-grid-g grid-columns-3 elements-grid pagination-infinit\" data-source=\"main_loop\" data-min_price=\"\" data-max_price=\"\" data-columns=\"3\" style=\"--wd-col-lg:3;--wd-col-md:3;--wd-col-sm:2;--wd-gap-lg:20px;--wd-gap-sm:10px;\">\n<div class=\"wd-product wd-with-labels wd-hover-base wd-hover-with-fade wd-col product-grid-item product product-no-swatches type-product post-1216 status-publish outofstock product_cat-bio product_cat-coffrets product_cat-grossane product_cat-olive-maturee has-post-thumbnail taxable shipping-taxable purchasable product-type-simple\" data-loop=\"1\" data-id=\"1216\">\n\t\n\t\n<div class=\"product-wrapper\">\n\t<div class=\"content-product-imagin\"><\/div>\n\t<div class=\"product-element-top wd-quick-shop\">\n\t\t<a href=\"https:\/\/www.moulin-cornille.com\/en\/product\/coffret-huiles-n1\/\" class=\"product-image-link\">\n\t\t\t<div class=\"product-labels labels-rectangular\"><span class=\"out-of-stock product-label\">Sold out<\/span><\/div><img loading=\"lazy\" decoding=\"async\" width=\"300\" height=\"300\" src=\"https:\/\/www.moulin-cornille.com\/wp-content\/uploads\/2022\/10\/H1-COFFRET-HUILES-3P-EN-SITU-AOP-N-bt0.5-gross-bt0.5-Bio-bt0.5-1-300x300.jpg\" class=\"attachment-woocommerce_thumbnail size-woocommerce_thumbnail\" alt=\"\" srcset=\"https:\/\/www.moulin-cornille.com\/wp-content\/uploads\/2022\/10\/H1-COFFRET-HUILES-3P-EN-SITU-AOP-N-bt0.5-gross-bt0.5-Bio-bt0.5-1-300x300.jpg 300w, https:\/\/www.moulin-cornille.com\/wp-content\/uploads\/2022\/10\/H1-COFFRET-HUILES-3P-EN-SITU-AOP-N-bt0.5-gross-bt0.5-Bio-bt0.5-1-150x150.jpg 150w, https:\/\/www.moulin-cornille.com\/wp-content\/uploads\/2022\/10\/H1-COFFRET-HUILES-3P-EN-SITU-AOP-N-bt0.5-gross-bt0.5-Bio-bt0.5-1-768x768.jpg 768w, https:\/\/www.moulin-cornille.com\/wp-content\/uploads\/2022\/10\/H1-COFFRET-HUILES-3P-EN-SITU-AOP-N-bt0.5-gross-bt0.5-Bio-bt0.5-1-12x12.jpg 12w, https:\/\/www.moulin-cornille.com\/wp-content\/uploads\/2022\/10\/H1-COFFRET-HUILES-3P-EN-SITU-AOP-N-bt0.5-gross-bt0.5-Bio-bt0.5-1-600x600.jpg 600w, https:\/\/www.moulin-cornille.com\/wp-content\/uploads\/2022\/10\/H1-COFFRET-HUILES-3P-EN-SITU-AOP-N-bt0.5-gross-bt0.5-Bio-bt0.5-1.jpg 800w\" sizes=\"(max-width: 300px) 100vw, 300px\" \/>\t\t<\/a>\n\n\t\t\t\t\t<div class=\"hover-img\">\n\t\t\t\t<a href=\"https:\/\/www.moulin-cornille.com\/en\/product\/coffret-huiles-n1\/\">\n\t\t\t\t\t<img loading=\"lazy\" decoding=\"async\" width=\"300\" height=\"300\" src=\"https:\/\/www.moulin-cornille.com\/wp-content\/uploads\/2022\/10\/H1-COFFRET-HUILES-3P-FOND-BLANC-AOP-N-bt0.5-gross-bt0.5-bio-bt-0.5-2-300x300.jpg\" class=\"attachment-woocommerce_thumbnail size-woocommerce_thumbnail\" alt=\"\" srcset=\"https:\/\/www.moulin-cornille.com\/wp-content\/uploads\/2022\/10\/H1-COFFRET-HUILES-3P-FOND-BLANC-AOP-N-bt0.5-gross-bt0.5-bio-bt-0.5-2-300x300.jpg 300w, https:\/\/www.moulin-cornille.com\/wp-content\/uploads\/2022\/10\/H1-COFFRET-HUILES-3P-FOND-BLANC-AOP-N-bt0.5-gross-bt0.5-bio-bt-0.5-2-150x150.jpg 150w, https:\/\/www.moulin-cornille.com\/wp-content\/uploads\/2022\/10\/H1-COFFRET-HUILES-3P-FOND-BLANC-AOP-N-bt0.5-gross-bt0.5-bio-bt-0.5-2-768x768.jpg 768w, https:\/\/www.moulin-cornille.com\/wp-content\/uploads\/2022\/10\/H1-COFFRET-HUILES-3P-FOND-BLANC-AOP-N-bt0.5-gross-bt0.5-bio-bt-0.5-2-12x12.jpg 12w, https:\/\/www.moulin-cornille.com\/wp-content\/uploads\/2022\/10\/H1-COFFRET-HUILES-3P-FOND-BLANC-AOP-N-bt0.5-gross-bt0.5-bio-bt-0.5-2-600x600.jpg 600w, https:\/\/www.moulin-cornille.com\/wp-content\/uploads\/2022\/10\/H1-COFFRET-HUILES-3P-FOND-BLANC-AOP-N-bt0.5-gross-bt0.5-bio-bt-0.5-2.jpg 800w\" sizes=\"(max-width: 300px) 100vw, 300px\" \/>\t\t\t\t<\/a>\n\t\t\t<\/div>\n\t\t\t\n\t\t<div class=\"wrapp-swatches\"><\/div>\n\n\t<\/div>\n\n\t<div class=\"product-element-bottom product-information\">\n\t\t<h3 class=\"wd-entities-title\"><a href=\"https:\/\/www.moulin-cornille.com\/en\/product\/coffret-huiles-n1\/\">Coffret 3 x 50cl Bio, Grossane, AOP matur\u00e9<\/a><\/h3>\t\t\t\t<div class=\"wd-product-cats\">\n\t\t\t<a href=\"https:\/\/www.moulin-cornille.com\/en\/boutique\/huiledolive\/bio\/\" rel=\"tag\">Bio<\/a>, <a href=\"https:\/\/www.moulin-cornille.com\/en\/boutique\/huiledolive\/grossane\/\" rel=\"tag\">Grossane<\/a>, <a href=\"https:\/\/www.moulin-cornille.com\/en\/boutique\/huiledolive\/olive-maturee\/\" rel=\"tag\">Olive matur\u00e9e<\/a>, <a href=\"https:\/\/www.moulin-cornille.com\/en\/boutique\/coffrets\/\" rel=\"tag\">Coffrets<\/a>\t\t<\/div>\n\t\t\t\t<div class=\"product-rating-price\">\n\t\t\t<div class=\"wrapp-product-price\">\n\t\t\t\t\n\t<span class=\"price\"><span class=\"woocommerce-Price-amount amount\"><bdi>66,00&nbsp;<span class=\"woocommerce-Price-currencySymbol\">&euro;<\/span><\/bdi><\/span><\/span>\n\t\t\t\t\t\t\t<\/div>\n\t\t<\/div>\n\t\t<div class=\"fade-in-block wd-scroll\">\n\t\t\t<div class=\"hover-content wd-more-desc\">\n\t\t\t\t<div class=\"hover-content-inner wd-more-desc-inner\">\n\t\t\t\t\t\t\t\t\t<\/div>\n\t\t\t\t<a href=\"#\" rel=\"nofollow\" class=\"wd-more-desc-btn\" aria-label=\"Read more description\"><span><\/span><\/a>\n\t\t\t<\/div>\n\t\t\t<div class=\"wd-bottom-actions\">\n\t\t\t\t<div class=\"wrap-wishlist-button\"><\/div>\n\t\t\t\t<div class=\"wd-add-btn wd-add-btn-replace\">\n\t\t\t\t\t<a href=\"https:\/\/www.moulin-cornille.com\/en\/product\/coffret-huiles-n1\/\" data-quantity=\"1\" class=\"button product_type_simple add-to-cart-loop\" data-product_id=\"1216\" data-product_sku=\"COFFRETH1\" aria-label=\"Read more about \u201cCoffret 3 x 50cl Bio, Grossane, AOP matur\u00e9\u201d\" aria-describedby=\"\" rel=\"nofollow\" data-no-translation-aria-label=\"\"><span data-no-translation=\"\" data-trp-gettext=\"\">Read more<\/span><\/a>\t\t\t\t\t\t\t\t\t<\/div>\n\t\t\t\t<div class=\"wrap-quickview-button\">\t\t<div class=\"quick-view wd-action-btn wd-style-icon wd-quick-view-icon\">\n\t\t\t<a\n\t\t\t\thref=\"https:\/\/www.moulin-cornille.com\/en\/product\/coffret-huiles-n1\/\"\n\t\t\t\tclass=\"open-quick-view quick-view-button\"\n\t\t\t\trel=\"nofollow\"\n\t\t\t\tdata-id=\"1216\"\n\t\t\t\t>Quick view<\/a>\n\t\t<\/div>\n\t\t<\/div>\n\t\t\t<\/div>\n\n\n\t\t\t\t\t\t\n\t\t\t\t\t<\/div>\n\t<\/div>\n<\/div>\n<\/div>\n<div class=\"wd-product wd-hover-base wd-hover-with-fade wd-col product-grid-item product product-no-swatches type-product post-394 status-publish instock product_cat-bio product_cat-huiledolive has-post-thumbnail taxable shipping-taxable purchasable product-type-variable\" data-loop=\"2\" data-id=\"394\">\n\t\n\t\n<div class=\"product-wrapper\">\n\t<div class=\"content-product-imagin\"><\/div>\n\t<div class=\"product-element-top wd-quick-shop\">\n\t\t<a href=\"https:\/\/www.moulin-cornille.com\/en\/product\/huile-dolive-vierge-extra-bio\/\" class=\"product-image-link\">\n\t\t\t<img loading=\"lazy\" decoding=\"async\" width=\"300\" height=\"300\" src=\"https:\/\/www.moulin-cornille.com\/wp-content\/uploads\/2022\/09\/bio-300x300.jpg\" class=\"attachment-woocommerce_thumbnail size-woocommerce_thumbnail\" alt=\"\" srcset=\"https:\/\/www.moulin-cornille.com\/wp-content\/uploads\/2022\/09\/bio-300x300.jpg 300w, https:\/\/www.moulin-cornille.com\/wp-content\/uploads\/2022\/09\/bio-150x150.jpg 150w, https:\/\/www.moulin-cornille.com\/wp-content\/uploads\/2022\/09\/bio-768x768.jpg 768w, https:\/\/www.moulin-cornille.com\/wp-content\/uploads\/2022\/09\/bio-12x12.jpg 12w, https:\/\/www.moulin-cornille.com\/wp-content\/uploads\/2022\/09\/bio-600x600.jpg 600w, https:\/\/www.moulin-cornille.com\/wp-content\/uploads\/2022\/09\/bio.jpg 800w\" sizes=\"(max-width: 300px) 100vw, 300px\" \/>\t\t<\/a>\n\n\t\t\t\t\t<div class=\"hover-img\">\n\t\t\t\t<a href=\"https:\/\/www.moulin-cornille.com\/en\/product\/huile-dolive-vierge-extra-bio\/\">\n\t\t\t\t\t<img loading=\"lazy\" decoding=\"async\" width=\"300\" height=\"300\" src=\"https:\/\/www.moulin-cornille.com\/wp-content\/uploads\/2022\/05\/BIDON-METAL-0.25L-BIO-1-300x300.jpg\" class=\"attachment-woocommerce_thumbnail size-woocommerce_thumbnail\" alt=\"\" srcset=\"https:\/\/www.moulin-cornille.com\/wp-content\/uploads\/2022\/05\/BIDON-METAL-0.25L-BIO-1-300x300.jpg 300w, https:\/\/www.moulin-cornille.com\/wp-content\/uploads\/2022\/05\/BIDON-METAL-0.25L-BIO-1-150x150.jpg 150w, https:\/\/www.moulin-cornille.com\/wp-content\/uploads\/2022\/05\/BIDON-METAL-0.25L-BIO-1-768x768.jpg 768w, https:\/\/www.moulin-cornille.com\/wp-content\/uploads\/2022\/05\/BIDON-METAL-0.25L-BIO-1-12x12.jpg 12w, https:\/\/www.moulin-cornille.com\/wp-content\/uploads\/2022\/05\/BIDON-METAL-0.25L-BIO-1-600x600.jpg 600w, https:\/\/www.moulin-cornille.com\/wp-content\/uploads\/2022\/05\/BIDON-METAL-0.25L-BIO-1.jpg 800w\" sizes=\"(max-width: 300px) 100vw, 300px\" \/>\t\t\t\t<\/a>\n\t\t\t<\/div>\n\t\t\t\n\t\t<div class=\"wrapp-swatches\"><\/div>\n\n\t<\/div>\n\n\t<div class=\"product-element-bottom product-information\">\n\t\t<h3 class=\"wd-entities-title\"><a href=\"https:\/\/www.moulin-cornille.com\/en\/product\/huile-dolive-vierge-extra-bio\/\">Huile d&rsquo;olive BIO &#8211; Vierge extra<\/a><\/h3>\t\t\t\t<div class=\"wd-product-cats\">\n\t\t\t<a href=\"https:\/\/www.moulin-cornille.com\/en\/boutique\/huiledolive\/\" rel=\"tag\">Huiles d&#039;olive<\/a>, <a href=\"https:\/\/www.moulin-cornille.com\/en\/boutique\/huiledolive\/bio\/\" rel=\"tag\">Bio<\/a>\t\t<\/div>\n\t\t\t\t<div class=\"product-rating-price\">\n\t\t\t<div class=\"wrapp-product-price\">\n\t\t\t\t\n\t<span class=\"price\" data-no-translation=\"\" data-trp-gettext=\"\"><span class=\"woocommerce-Price-amount amount\"><bdi>12,80&nbsp;<span class=\"woocommerce-Price-currencySymbol\">&euro;<\/span><\/bdi><\/span> &ndash; <span class=\"woocommerce-Price-amount amount\"><bdi>31,30&nbsp;<span class=\"woocommerce-Price-currencySymbol\">&euro;<\/span><\/bdi><\/span><\/span>\n\t\t\t\t\t\t\t<\/div>\n\t\t<\/div>\n\t\t<div class=\"fade-in-block wd-scroll\">\n\t\t\t<div class=\"hover-content wd-more-desc\">\n\t\t\t\t<div class=\"hover-content-inner wd-more-desc-inner\">\n\t\t\t\t\t\t\t\t\t<\/div>\n\t\t\t\t<a href=\"#\" rel=\"nofollow\" class=\"wd-more-desc-btn\" aria-label=\"Read more description\"><span><\/span><\/a>\n\t\t\t<\/div>\n\t\t\t<div class=\"wd-bottom-actions\">\n\t\t\t\t<div class=\"wrap-wishlist-button\"><\/div>\n\t\t\t\t<div class=\"wd-add-btn wd-add-btn-replace\">\n\t\t\t\t\t<a href=\"https:\/\/www.moulin-cornille.com\/en\/product\/huile-dolive-vierge-extra-bio\/\" data-quantity=\"1\" class=\"button product_type_variable add_to_cart_button add-to-cart-loop\" data-product_id=\"394\" data-product_sku=\"\" aria-label=\"Select options for \u201cHuile d&#039;olive BIO - Vierge extra\u201d\" aria-describedby=\"This product has multiple variants. The options may be chosen on the product page\" rel=\"nofollow\" data-no-translation-aria-label=\"\" data-no-translation-aria-describedby=\"\"><span data-no-translation=\"\" data-trp-gettext=\"\">Select options<\/span><\/a>\t\t\t\t\t\t\t\t\t<\/div>\n\t\t\t\t<div class=\"wrap-quickview-button\">\t\t<div class=\"quick-view wd-action-btn wd-style-icon wd-quick-view-icon\">\n\t\t\t<a\n\t\t\t\thref=\"https:\/\/www.moulin-cornille.com\/en\/product\/huile-dolive-vierge-extra-bio\/\"\n\t\t\t\tclass=\"open-quick-view quick-view-button\"\n\t\t\t\trel=\"nofollow\"\n\t\t\t\tdata-id=\"394\"\n\t\t\t\t>Quick view<\/a>\n\t\t<\/div>\n\t\t<\/div>\n\t\t\t<\/div>\n\n\n\t\t\t\t\t\t\n\t\t\t\t\t<\/div>\n\t<\/div>\n<\/div>\n<\/div>\n<\/div>\n<\/div><\/div><\/div><\/div><\/div><\/div>\n<\/div>","protected":false},"excerpt":{"rendered":"Huile d'olive BIO Ce jus est extrait d\u2019olives de vari\u00e9t\u00e9s Aglandau, Salonenque, Verdale des bouches du Rh\u00f4ne et Picholine cultiv\u00e9es","protected":false},"author":1,"featured_media":0,"parent":46,"menu_order":0,"comment_status":"closed","ping_status":"closed","template":"","meta":{"footnotes":""},"yoast_head":"<!-- This site is optimized with the Yoast SEO plugin v22.3 - https:\/\/yoast.com\/wordpress\/plugins\/seo\/ -->\n<title>Huile d&#039;olive vierge Extra Bio - Moulin Cornille<\/title>\n<meta name=\"robots\" content=\"index, follow, max-snippet:-1, max-image-preview:large, max-video-preview:-1\" \/>\n<link rel=\"canonical\" href=\"https:\/\/www.moulin-cornille.com\/en\/huilesolive\/huile-dolive-vierge-extra-bio\/\" \/>\n<meta property=\"og:locale\" content=\"en_GB\" \/>\n<meta property=\"og:type\" content=\"article\" \/>\n<meta property=\"og:title\" content=\"Huile d&#039;olive vierge Extra Bio - Moulin Cornille\" \/>\n<meta property=\"og:url\" content=\"https:\/\/www.moulin-cornille.com\/en\/huilesolive\/huile-dolive-vierge-extra-bio\/\" \/>\n<meta property=\"og:site_name\" content=\"Moulin Cornille\" \/>\n<meta property=\"article:modified_time\" content=\"2022-05-05T08:39:39+00:00\" \/>\n<meta name=\"twitter:card\" content=\"summary_large_image\" \/>\n<meta name=\"twitter:label1\" content=\"Estimated reading time\" \/>\n\t<meta name=\"twitter:data1\" content=\"1 minute\" \/>\n<script type=\"application\/ld+json\" class=\"yoast-schema-graph\">{\"@context\":\"https:\/\/schema.org\",\"@graph\":[{\"@type\":\"WebPage\",\"@id\":\"https:\/\/www.moulin-cornille.com\/huilesolive\/huile-dolive-vierge-extra-bio\/\",\"url\":\"https:\/\/www.moulin-cornille.com\/huilesolive\/huile-dolive-vierge-extra-bio\/\",\"name\":\"Huile d'olive vierge Extra Bio - Moulin Cornille\",\"isPartOf\":{\"@id\":\"https:\/\/www.moulin-cornille.com\/#website\"},\"datePublished\":\"2022-04-07T14:11:22+00:00\",\"dateModified\":\"2022-05-05T08:39:39+00:00\",\"breadcrumb\":{\"@id\":\"https:\/\/www.moulin-cornille.com\/huilesolive\/huile-dolive-vierge-extra-bio\/#breadcrumb\"},\"inLanguage\":\"en-GB\",\"potentialAction\":[{\"@type\":\"ReadAction\",\"target\":[\"https:\/\/www.moulin-cornille.com\/huilesolive\/huile-dolive-vierge-extra-bio\/\"]}]},{\"@type\":\"BreadcrumbList\",\"@id\":\"https:\/\/www.moulin-cornille.com\/huilesolive\/huile-dolive-vierge-extra-bio\/#breadcrumb\",\"itemListElement\":[{\"@type\":\"ListItem\",\"position\":1,\"name\":\"Huiles d&#8217;olive\",\"item\":\"https:\/\/www.moulin-cornille.com\/huilesolive\/\"},{\"@type\":\"ListItem\",\"position\":2,\"name\":\"Huile d&#8217;olive vierge Extra Bio\"}]},{\"@type\":\"WebSite\",\"@id\":\"https:\/\/www.moulin-cornille.com\/#website\",\"url\":\"https:\/\/www.moulin-cornille.com\/\",\"name\":\"Moulin Cornille\",\"description\":\"Huile AOP de la Vall\u00e9e des Baux de Provence\",\"publisher\":{\"@id\":\"https:\/\/www.moulin-cornille.com\/#organization\"},\"potentialAction\":[{\"@type\":\"SearchAction\",\"target\":{\"@type\":\"EntryPoint\",\"urlTemplate\":\"https:\/\/www.moulin-cornille.com\/?s={search_term_string}\"},\"query-input\":\"required name=search_term_string\"}],\"inLanguage\":\"en-GB\"},{\"@type\":\"Organization\",\"@id\":\"https:\/\/www.moulin-cornille.com\/#organization\",\"name\":\"Moulin Cornille\",\"url\":\"https:\/\/www.moulin-cornille.com\/\",\"logo\":{\"@type\":\"ImageObject\",\"inLanguage\":\"en-GB\",\"@id\":\"https:\/\/www.moulin-cornille.com\/#\/schema\/logo\/image\/\",\"url\":\"https:\/\/www.moulin-cornille.com\/wp-content\/uploads\/2022\/03\/logo-jm-cornille.png\",\"contentUrl\":\"https:\/\/www.moulin-cornille.com\/wp-content\/uploads\/2022\/03\/logo-jm-cornille.png\",\"width\":400,\"height\":335,\"caption\":\"Moulin Cornille\"},\"image\":{\"@id\":\"https:\/\/www.moulin-cornille.com\/#\/schema\/logo\/image\/\"}}]}<\/script>\n<!-- \/ Yoast SEO plugin. -->","yoast_head_json":{"title":"Huile d'olive vierge Extra Bio - Moulin Cornille","robots":{"index":"index","follow":"follow","max-snippet":"max-snippet:-1","max-image-preview":"max-image-preview:large","max-video-preview":"max-video-preview:-1"},"canonical":"https:\/\/www.moulin-cornille.com\/en\/huilesolive\/huile-dolive-vierge-extra-bio\/","og_locale":"en_GB","og_type":"article","og_title":"Huile d'olive vierge Extra Bio - Moulin Cornille","og_url":"https:\/\/www.moulin-cornille.com\/en\/huilesolive\/huile-dolive-vierge-extra-bio\/","og_site_name":"Moulin Cornille","article_modified_time":"2022-05-05T08:39:39+00:00","twitter_card":"summary_large_image","twitter_misc":{"Estimated reading time":"1 minute"},"schema":{"@context":"https:\/\/schema.org","@graph":[{"@type":"WebPage","@id":"https:\/\/www.moulin-cornille.com\/huilesolive\/huile-dolive-vierge-extra-bio\/","url":"https:\/\/www.moulin-cornille.com\/huilesolive\/huile-dolive-vierge-extra-bio\/","name":"Huile d'olive vierge Extra Bio - Moulin Cornille","isPartOf":{"@id":"https:\/\/www.moulin-cornille.com\/#website"},"datePublished":"2022-04-07T14:11:22+00:00","dateModified":"2022-05-05T08:39:39+00:00","breadcrumb":{"@id":"https:\/\/www.moulin-cornille.com\/huilesolive\/huile-dolive-vierge-extra-bio\/#breadcrumb"},"inLanguage":"en-GB","potentialAction":[{"@type":"ReadAction","target":["https:\/\/www.moulin-cornille.com\/huilesolive\/huile-dolive-vierge-extra-bio\/"]}]},{"@type":"BreadcrumbList","@id":"https:\/\/www.moulin-cornille.com\/huilesolive\/huile-dolive-vierge-extra-bio\/#breadcrumb","itemListElement":[{"@type":"ListItem","position":1,"name":"Huiles d&#8217;olive","item":"https:\/\/www.moulin-cornille.com\/huilesolive\/"},{"@type":"ListItem","position":2,"name":"Huile d&#8217;olive vierge Extra Bio"}]},{"@type":"WebSite","@id":"https:\/\/www.moulin-cornille.com\/#website","url":"https:\/\/www.moulin-cornille.com\/","name":"Moulin Cornille","description":"Huile AOP de la Vall\u00e9e des Baux de Provence","publisher":{"@id":"https:\/\/www.moulin-cornille.com\/#organization"},"potentialAction":[{"@type":"SearchAction","target":{"@type":"EntryPoint","urlTemplate":"https:\/\/www.moulin-cornille.com\/?s={search_term_string}"},"query-input":"required name=search_term_string"}],"inLanguage":"en-GB"},{"@type":"Organization","@id":"https:\/\/www.moulin-cornille.com\/#organization","name":"Moulin Cornille","url":"https:\/\/www.moulin-cornille.com\/","logo":{"@type":"ImageObject","inLanguage":"en-GB","@id":"https:\/\/www.moulin-cornille.com\/#\/schema\/logo\/image\/","url":"https:\/\/www.moulin-cornille.com\/wp-content\/uploads\/2022\/03\/logo-jm-cornille.png","contentUrl":"https:\/\/www.moulin-cornille.com\/wp-content\/uploads\/2022\/03\/logo-jm-cornille.png","width":400,"height":335,"caption":"Moulin Cornille"},"image":{"@id":"https:\/\/www.moulin-cornille.com\/#\/schema\/logo\/image\/"}}]}},"_links":{"self":[{"href":"https:\/\/www.moulin-cornille.com\/en\/wp-json\/wp\/v2\/pages\/160"}],"collection":[{"href":"https:\/\/www.moulin-cornille.com\/en\/wp-json\/wp\/v2\/pages"}],"about":[{"href":"https:\/\/www.moulin-cornille.com\/en\/wp-json\/wp\/v2\/types\/page"}],"author":[{"embeddable":true,"href":"https:\/\/www.moulin-cornille.com\/en\/wp-json\/wp\/v2\/users\/1"}],"replies":[{"embeddable":true,"href":"https:\/\/www.moulin-cornille.com\/en\/wp-json\/wp\/v2\/comments?post=160"}],"version-history":[{"count":4,"href":"https:\/\/www.moulin-cornille.com\/en\/wp-json\/wp\/v2\/pages\/160\/revisions"}],"predecessor-version":[{"id":447,"href":"https:\/\/www.moulin-cornille.com\/en\/wp-json\/wp\/v2\/pages\/160\/revisions\/447"}],"up":[{"embeddable":true,"href":"https:\/\/www.moulin-cornille.com\/en\/wp-json\/wp\/v2\/pages\/46"}],"wp:attachment":[{"href":"https:\/\/www.moulin-cornille.com\/en\/wp-json\/wp\/v2\/media?parent=160"}],"curies":[{"name":"wp","href":"https:\/\/api.w.org\/{rel}","templated":true}]}}